{"id":3572,"date":"2022-04-13T07:56:42","date_gmt":"2022-04-13T05:56:42","guid":{"rendered":"https:\/\/globushotel.it\/position\/"},"modified":"2024-05-06T09:17:09","modified_gmt":"2024-05-06T07:17:09","slug":"position","status":"publish","type":"page","link":"https:\/\/www.globushotel.it\/fr\/position\/","title":{"rendered":"POSITION"},"content":{"rendered":"<div class=\"fusion-fullwidth fullwidth-box fusion-builder-row-1 fusion-flex-container nonhundred-percent-fullwidth non-hundred-percent-height-scrolling\" style=\"--awb-border-radius-top-left:0px;--awb-border-radius-top-right:0px;--awb-border-radius-bottom-right:0px;--awb-border-radius-bottom-left:0px;--awb-flex-wrap:wrap;\" ><div class=\"fusion-builder-row fusion-row fusion-flex-align-items-flex-start fusion-flex-content-wrap\" style=\"max-width:1435.2px;margin-left: calc(-4% \/ 2 );margin-right: calc(-4% \/ 2 );\"><div class=\"fusion-layout-column fusion_builder_column fusion-builder-column-0 fusion_builder_column_1_1 1_1 fusion-flex-column\" style=\"--awb-bg-size:cover;--awb-width-large:100%;--awb-margin-top-large:0px;--awb-spacing-right-large:1.92%;--awb-margin-bottom-large:0px;--awb-spacing-left-large:1.92%;--awb-width-medium:100%;--awb-spacing-right-medium:1.92%;--awb-spacing-left-medium:1.92%;--awb-width-small:100%;--awb-spacing-right-small:1.92%;--awb-spacing-left-small:1.92%;\"><div class=\"fusion-column-wrapper fusion-column-has-shadow fusion-flex-justify-content-flex-start fusion-content-layout-column\"><div class=\"fusion-title title fusion-title-1 fusion-title-text fusion-title-size-two\"><div class=\"title-sep-container title-sep-container-left fusion-no-large-visibility fusion-no-medium-visibility fusion-no-small-visibility\"><div class=\"title-sep sep- sep-solid\" style=\"border-color:#e0dede;\"><\/div><\/div><span class=\"awb-title-spacer fusion-no-large-visibility fusion-no-medium-visibility fusion-no-small-visibility\"><\/span><h2 class=\"fusion-title-heading title-heading-left\" style=\"margin:0;\">La destination de vos vacances : H\u00f4tel Globus \u00e0 Cattolica.<\/h2><span class=\"awb-title-spacer\"><\/span><div class=\"title-sep-container title-sep-container-right\"><div class=\"title-sep sep- sep-solid\" style=\"border-color:#e0dede;\"><\/div><\/div><\/div><div class=\"fusion-separator fusion-full-width-sep\" style=\"align-self: center;margin-left: auto;margin-right: auto;margin-bottom:20px;width:100%;\"><\/div><div class=\"fusion-text fusion-text-1\"><p>Notre h\u00f4tel est situ\u00e9 dans une excellente position centrale et calme, sur la rue pi\u00e9tonne Viale Dante, la rue commer\u00e7ante avec bars, restaurants, magasins, \u00e0 120 m\u00e8tres de la mer et de la plage, dans le centre touristique et \u00e0 quelques pas du centre. Nous sommes aussi facilement accessibles en voiture en passant par Via Perugia.<\/p>\n<p><strong>Notre structure se trouve \u00e0 :<\/strong><\/p>\n<ul>\n<li>120 mt. de la plage<\/li>\n<li>500 mt. de la centrale et suggestive Piazza 1\u00b0 Maggio, r\u00e9put\u00e9e pour la Fontaine delle Sir\u00e8nes et le spectacle des \u00ab fontaines dansantes \u00bb avec jeux d\u2019eau et de lumi\u00e8re au son de la musique.<\/li>\n<li>600 mt. de l\u2019Aquarium de Cattolica \u00ab Le Navi \u00bb<\/li>\n<li>1 km de la Marina di Cattolica, o\u00f9 vous pourrez admirer le quai maritime historique et le nouveau quai touristique.<\/li>\n<li>100 mt. de notre parking ou garage, facilement accessible et gratuit.<\/li>\n<\/ul>\n<p>L\u2019h\u00f4tel Globus est la destination id\u00e9ale pour se d\u00e9tendre au bord de la mer ou au bord de la piscine, fl\u00e2ner dans les rues de la ville et explorer les lieux d\u2019art et de divertissement \u00e0 proximit\u00e9, l\u2019arri\u00e8re-pays avec ses collines vallonn\u00e9es, villages m\u00e9di\u00e9vaux et parcs \u00e0 th\u00e8me amusants.<\/p>\n<p><strong>Comment nous joindre :<\/strong><\/p>\n<ul>\n<li><strong>En voiture <\/strong> Sortie A14 \u2013 sortie d\u2019autoroute Cattolica-San Giovanni-Gabicce (environ 2 km)<\/li>\n<\/ul>\n<ul>\n<li><strong>En train<\/strong> <a href=\"https:\/\/www.trenitalia.com\/\">Gare de Cattolica-San Giovanni-Gabicce<\/a> \u00e0 environ 1.5 km de l\u2019h\u00f4tel, accessible en bus ligne n. 125 ou en taxi ou \u00e0 pied.<\/li>\n<\/ul>\n<ul>\n<li><strong>En avion<\/strong> <a href=\"https:\/\/riminiairport.com\/\">A\u00e9roport Federico-Fellini (18 km)<\/a>, <a href=\"https:\/\/www.bologna-airport.it\/\">A\u00e9roport de Bologne<\/a> (130 km), <a href=\"https:\/\/www.ancona-airport.com\/\">A\u00e9roport d\u2019Anc\u00f4ne-Falconara<\/a> (80 km).<\/li>\n<\/ul>\n<p>Nous vous souhaitons un agr\u00e9able voyage \u00e0 Cattolica&#8230; !<\/p>\n<\/div><\/div><\/div><\/div><\/div>\n","protected":false},"excerpt":{"rendered":"","protected":false},"author":1,"featured_media":0,"parent":0,"menu_order":0,"comment_status":"closed","ping_status":"closed","template":"","meta":{"_acf_changed":false,"footnotes":""},"class_list":["post-3572","page","type-page","status-publish","hentry"],"acf":[],"yoast_head":"<!-- This site is optimized with the Yoast SEO plugin v27.0 - https:\/\/yoast.com\/product\/yoast-seo-wordpress\/ -->\n<title>POSITION - Hotel 3 Stelle Cattolica - Hotel Globus - Hotel con piscina<\/title>\n<meta name=\"robots\" content=\"index, follow, max-snippet:-1, max-image-preview:large, max-video-preview:-1\" \/>\n<link rel=\"canonical\" href=\"https:\/\/www.globushotel.it\/fr\/position\/\" \/>\n<meta property=\"og:locale\" content=\"fr_FR\" \/>\n<meta property=\"og:type\" content=\"article\" \/>\n<meta property=\"og:title\" content=\"POSITION - Hotel 3 Stelle Cattolica - Hotel Globus - Hotel con piscina\" \/>\n<meta property=\"og:url\" content=\"https:\/\/www.globushotel.it\/fr\/position\/\" \/>\n<meta property=\"og:site_name\" content=\"Hotel 3 Stelle Cattolica - Hotel Globus - Hotel con piscina\" \/>\n<meta property=\"article:publisher\" content=\"https:\/\/www.facebook.com\/cattolicahotels\/\" \/>\n<meta property=\"article:modified_time\" content=\"2024-05-06T07:17:09+00:00\" \/>\n<meta name=\"twitter:card\" content=\"summary_large_image\" \/>\n<meta name=\"twitter:label1\" content=\"Dur\u00e9e de lecture estim\u00e9e\" \/>\n\t<meta name=\"twitter:data1\" content=\"5 minutes\" \/>\n<script type=\"application\/ld+json\" class=\"yoast-schema-graph\">{\"@context\":\"https:\/\/schema.org\",\"@graph\":[{\"@type\":\"WebPage\",\"@id\":\"https:\/\/www.globushotel.it\/fr\/position\/\",\"url\":\"https:\/\/www.globushotel.it\/fr\/position\/\",\"name\":\"POSITION - Hotel 3 Stelle Cattolica - Hotel Globus - Hotel con piscina\",\"isPartOf\":{\"@id\":\"https:\/\/www.globushotel.it\/#website\"},\"datePublished\":\"2022-04-13T05:56:42+00:00\",\"dateModified\":\"2024-05-06T07:17:09+00:00\",\"breadcrumb\":{\"@id\":\"https:\/\/www.globushotel.it\/fr\/position\/#breadcrumb\"},\"inLanguage\":\"fr-FR\",\"potentialAction\":[{\"@type\":\"ReadAction\",\"target\":[\"https:\/\/www.globushotel.it\/fr\/position\/\"]}]},{\"@type\":\"BreadcrumbList\",\"@id\":\"https:\/\/www.globushotel.it\/fr\/position\/#breadcrumb\",\"itemListElement\":[{\"@type\":\"ListItem\",\"position\":1,\"name\":\"Home\",\"item\":\"https:\/\/www.globushotel.it\/fr\/\"},{\"@type\":\"ListItem\",\"position\":2,\"name\":\"POSITION\"}]},{\"@type\":\"WebSite\",\"@id\":\"https:\/\/www.globushotel.it\/#website\",\"url\":\"https:\/\/www.globushotel.it\/\",\"name\":\"Hotel 3 Stelle Cattolica - Hotel Globus - Hotel con piscina\",\"description\":\"Hotel 3 Stelle Cattolica - Hotel Globus - Hotel con piscina\",\"potentialAction\":[{\"@type\":\"SearchAction\",\"target\":{\"@type\":\"EntryPoint\",\"urlTemplate\":\"https:\/\/www.globushotel.it\/?s={search_term_string}\"},\"query-input\":{\"@type\":\"PropertyValueSpecification\",\"valueRequired\":true,\"valueName\":\"search_term_string\"}}],\"inLanguage\":\"fr-FR\"}]}<\/script>\n<!-- \/ Yoast SEO plugin. -->","yoast_head_json":{"title":"POSITION - Hotel 3 Stelle Cattolica - Hotel Globus - Hotel con piscina","robots":{"index":"index","follow":"follow","max-snippet":"max-snippet:-1","max-image-preview":"max-image-preview:large","max-video-preview":"max-video-preview:-1"},"canonical":"https:\/\/www.globushotel.it\/fr\/position\/","og_locale":"fr_FR","og_type":"article","og_title":"POSITION - Hotel 3 Stelle Cattolica - Hotel Globus - Hotel con piscina","og_url":"https:\/\/www.globushotel.it\/fr\/position\/","og_site_name":"Hotel 3 Stelle Cattolica - Hotel Globus - Hotel con piscina","article_publisher":"https:\/\/www.facebook.com\/cattolicahotels\/","article_modified_time":"2024-05-06T07:17:09+00:00","twitter_card":"summary_large_image","twitter_misc":{"Dur\u00e9e de lecture estim\u00e9e":"5 minutes"},"schema":{"@context":"https:\/\/schema.org","@graph":[{"@type":"WebPage","@id":"https:\/\/www.globushotel.it\/fr\/position\/","url":"https:\/\/www.globushotel.it\/fr\/position\/","name":"POSITION - Hotel 3 Stelle Cattolica - Hotel Globus - Hotel con piscina","isPartOf":{"@id":"https:\/\/www.globushotel.it\/#website"},"datePublished":"2022-04-13T05:56:42+00:00","dateModified":"2024-05-06T07:17:09+00:00","breadcrumb":{"@id":"https:\/\/www.globushotel.it\/fr\/position\/#breadcrumb"},"inLanguage":"fr-FR","potentialAction":[{"@type":"ReadAction","target":["https:\/\/www.globushotel.it\/fr\/position\/"]}]},{"@type":"BreadcrumbList","@id":"https:\/\/www.globushotel.it\/fr\/position\/#breadcrumb","itemListElement":[{"@type":"ListItem","position":1,"name":"Home","item":"https:\/\/www.globushotel.it\/fr\/"},{"@type":"ListItem","position":2,"name":"POSITION"}]},{"@type":"WebSite","@id":"https:\/\/www.globushotel.it\/#website","url":"https:\/\/www.globushotel.it\/","name":"Hotel 3 Stelle Cattolica - Hotel Globus - Hotel con piscina","description":"Hotel 3 Stelle Cattolica - Hotel Globus - Hotel con piscina","potentialAction":[{"@type":"SearchAction","target":{"@type":"EntryPoint","urlTemplate":"https:\/\/www.globushotel.it\/?s={search_term_string}"},"query-input":{"@type":"PropertyValueSpecification","valueRequired":true,"valueName":"search_term_string"}}],"inLanguage":"fr-FR"}]}},"_links":{"self":[{"href":"https:\/\/www.globushotel.it\/fr\/wp-json\/wp\/v2\/pages\/3572","targetHints":{"allow":["GET"]}}],"collection":[{"href":"https:\/\/www.globushotel.it\/fr\/wp-json\/wp\/v2\/pages"}],"about":[{"href":"https:\/\/www.globushotel.it\/fr\/wp-json\/wp\/v2\/types\/page"}],"author":[{"embeddable":true,"href":"https:\/\/www.globushotel.it\/fr\/wp-json\/wp\/v2\/users\/1"}],"replies":[{"embeddable":true,"href":"https:\/\/www.globushotel.it\/fr\/wp-json\/wp\/v2\/comments?post=3572"}],"version-history":[{"count":4,"href":"https:\/\/www.globushotel.it\/fr\/wp-json\/wp\/v2\/pages\/3572\/revisions"}],"predecessor-version":[{"id":4077,"href":"https:\/\/www.globushotel.it\/fr\/wp-json\/wp\/v2\/pages\/3572\/revisions\/4077"}],"wp:attachment":[{"href":"https:\/\/www.globushotel.it\/fr\/wp-json\/wp\/v2\/media?parent=3572"}],"curies":[{"name":"wp","href":"https:\/\/api.w.org\/{rel}","templated":true}]}}