{"id":3566,"date":"2021-04-20T13:37:16","date_gmt":"2021-04-20T11:37:16","guid":{"rendered":"https:\/\/globushotel.it\/famille\/"},"modified":"2026-03-02T19:26:28","modified_gmt":"2026-03-02T18:26:28","slug":"famille","status":"publish","type":"page","link":"https:\/\/www.globushotel.it\/fr\/famille\/","title":{"rendered":"FAMILLE"},"content":{"rendered":"<p><div class=\"fusion-fullwidth fullwidth-box fusion-builder-row-1 fusion-flex-container has-pattern-background has-mask-background nonhundred-percent-fullwidth non-hundred-percent-height-scrolling\" style=\"--awb-background-position:left top;--awb-border-sizes-top:0px;--awb-border-sizes-bottom:0px;--awb-border-sizes-left:0px;--awb-border-sizes-right:0px;--awb-border-radius-top-left:0px;--awb-border-radius-top-right:0px;--awb-border-radius-bottom-right:0px;--awb-border-radius-bottom-left:0px;--awb-padding-top:50px;--awb-padding-bottom:50px;--awb-flex-wrap:wrap;\" ><div class=\"fusion-builder-row fusion-row fusion-flex-align-items-flex-start fusion-flex-content-wrap\" style=\"max-width:1435.2px;margin-left: calc(-4% \/ 2 );margin-right: calc(-4% \/ 2 );\"><div class=\"fusion-layout-column fusion_builder_column fusion-builder-column-0 fusion_builder_column_1_2 1_2 fusion-flex-column\" style=\"--awb-bg-size:cover;--awb-width-large:50%;--awb-margin-top-large:0px;--awb-spacing-right-large:5.12%;--awb-margin-bottom-large:0px;--awb-spacing-left-large:3.84%;--awb-width-medium:100%;--awb-spacing-right-medium:1.92%;--awb-spacing-left-medium:1.92%;--awb-width-small:100%;--awb-spacing-right-small:1.92%;--awb-spacing-left-small:1.92%;\"><div class=\"fusion-column-wrapper fusion-flex-justify-content-flex-start fusion-content-layout-column\"><div class=\"fusion-text fusion-text-1\"><h2>Family Hotel Cattolica pour des vacances en famille<\/h2>\n<\/div><div class=\"fusion-separator\" style=\"align-self: flex-start;margin-right:auto;margin-top:0px;margin-bottom:35px;width:100%;max-width:170px;\"><div class=\"fusion-separator-border sep-single sep-solid\" style=\"--awb-height:20px;--awb-amount:20px;--awb-sep-color:#d2b661;border-color:#d2b661;border-top-width:3px;\"><\/div><\/div><div class=\"fusion-text fusion-text-2\"><p>L\u2019H\u00f4tel Globus \u00e0 <strong>Cattolica<\/strong> consacre un soin et une attention particuli\u00e8re \u00e0 votre famille et \u00e0 <strong>vos enfants<\/strong>, de la bonne nourriture, au bien-\u00eatre, au plaisir de vous faire vivre des <strong>vacances relaxantes<\/strong> et cr\u00e9atives.<\/p>\n<p>Il y a de nombreux services pour assurer insouciance aux enfants et tranquillit\u00e9 aux parents.<br \/>\nNotre service de restauration est disponible pour les besoins des enfants, en les pr\u00e9parant <strong>menus personnalis\u00e9s<\/strong> \u00e0 des horaires flexibles (aliments pour b\u00e9b\u00e9s, chauffage des aliments pour b\u00e9b\u00e9s, soupes de l\u00e9gumes, bouillon de l\u00e9gumes, soupes en bouillon, p\u00e2tes \u00e0 la sauce tomate, pur\u00e9e de viande, poisson, fruits, cr\u00e8me glac\u00e9e etc.)<\/p>\n<\/div><\/div><\/div><div class=\"fusion-layout-column fusion_builder_column fusion-builder-column-1 fusion_builder_column_1_2 1_2 fusion-flex-column\" style=\"--awb-bg-size:cover;--awb-width-large:50%;--awb-margin-top-large:0px;--awb-spacing-right-large:3.84%;--awb-margin-bottom-large:0px;--awb-spacing-left-large:2.56%;--awb-width-medium:100%;--awb-spacing-right-medium:1.92%;--awb-spacing-left-medium:1.92%;--awb-width-small:100%;--awb-spacing-right-small:1.92%;--awb-spacing-left-small:1.92%;\"><div class=\"fusion-column-wrapper fusion-flex-justify-content-flex-start fusion-content-layout-column\"><div class=\"fusion-image-element \" style=\"--awb-caption-title-font-family:var(--h2_typography-font-family);--awb-caption-title-font-weight:var(--h2_typography-font-weight);--awb-caption-title-font-style:var(--h2_typography-font-style);--awb-caption-title-size:var(--h2_typography-font-size);--awb-caption-title-transform:var(--h2_typography-text-transform);--awb-caption-title-line-height:var(--h2_typography-line-height);--awb-caption-title-letter-spacing:var(--h2_typography-letter-spacing);\"><span class=\" fusion-imageframe imageframe-none imageframe-1 hover-type-zoomin fusion-animated\" data-animationType=\"fadeInDown\" data-animationDuration=\"1.0\" data-animationOffset=\"top-into-view\"><a href=\"http:\/\/globushotel.it\/wp-content\/uploads\/2023\/04\/Depositphotos_118565630_L.jpg\" class=\"fusion-lightbox\" data-rel=\"iLightbox[8bfce6d1e1340e62239]\" data-caption=\"hotelglobus-cattolica_famiglia\" data-title=\"Depositphotos_118565630_L\" title=\"Depositphotos_118565630_L\"><img decoding=\"async\" width=\"1200\" height=\"800\" alt=\"hotelglobus-cattolica_famiglia\" src=\"https:\/\/www.globushotel.it\/wp-content\/uploads\/2023\/04\/Depositphotos_118565630_L.jpg\" data-orig-src=\"http:\/\/globushotel.it\/wp-content\/uploads\/2023\/04\/Depositphotos_118565630_L.jpg\" class=\"lazyload img-responsive wp-image-3300\" srcset=\"data:image\/svg+xml,%3Csvg%20xmlns%3D%27http%3A%2F%2Fwww.w3.org%2F2000%2Fsvg%27%20width%3D%271200%27%20height%3D%27800%27%20viewBox%3D%270%200%201200%20800%27%3E%3Crect%20width%3D%271200%27%20height%3D%27800%27%20fill-opacity%3D%220%22%2F%3E%3C%2Fsvg%3E\" data-srcset=\"https:\/\/www.globushotel.it\/wp-content\/uploads\/2023\/04\/Depositphotos_118565630_L-200x133.jpg 200w, https:\/\/www.globushotel.it\/wp-content\/uploads\/2023\/04\/Depositphotos_118565630_L-400x267.jpg 400w, https:\/\/www.globushotel.it\/wp-content\/uploads\/2023\/04\/Depositphotos_118565630_L-600x400.jpg 600w, https:\/\/www.globushotel.it\/wp-content\/uploads\/2023\/04\/Depositphotos_118565630_L-800x533.jpg 800w, https:\/\/www.globushotel.it\/wp-content\/uploads\/2023\/04\/Depositphotos_118565630_L.jpg 1200w\" data-sizes=\"auto\" data-orig-sizes=\"(max-width: 1024px) 100vw, (max-width: 640px) 100vw, 800px\" \/><\/a><\/span><\/div><\/div><\/div><\/div><\/div><div class=\"fusion-fullwidth fullwidth-box fusion-builder-row-2 fusion-flex-container nonhundred-percent-fullwidth non-hundred-percent-height-scrolling\" style=\"--awb-background-position:left top;--awb-border-sizes-top:0px;--awb-border-sizes-bottom:0px;--awb-border-sizes-left:0px;--awb-border-sizes-right:0px;--awb-border-radius-top-left:0px;--awb-border-radius-top-right:0px;--awb-border-radius-bottom-right:0px;--awb-border-radius-bottom-left:0px;--awb-padding-top:50px;--awb-padding-bottom:50px;--awb-flex-wrap:wrap;\" ><div class=\"fusion-builder-row fusion-row fusion-flex-align-items-flex-start fusion-flex-content-wrap\" style=\"max-width:1435.2px;margin-left: calc(-4% \/ 2 );margin-right: calc(-4% \/ 2 );\"><div class=\"fusion-layout-column fusion_builder_column fusion-builder-column-2 fusion_builder_column_1_2 1_2 fusion-flex-column\" style=\"--awb-bg-size:cover;--awb-width-large:50%;--awb-margin-top-large:0px;--awb-spacing-right-large:3.84%;--awb-margin-bottom-large:0px;--awb-spacing-left-large:2.56%;--awb-width-medium:100%;--awb-spacing-right-medium:1.92%;--awb-spacing-left-medium:1.92%;--awb-width-small:100%;--awb-spacing-right-small:1.92%;--awb-spacing-left-small:1.92%;\"><div class=\"fusion-column-wrapper fusion-flex-justify-content-flex-start fusion-content-layout-column\"><div class=\"fusion-image-element \" style=\"--awb-caption-title-font-family:var(--h2_typography-font-family);--awb-caption-title-font-weight:var(--h2_typography-font-weight);--awb-caption-title-font-style:var(--h2_typography-font-style);--awb-caption-title-size:var(--h2_typography-font-size);--awb-caption-title-transform:var(--h2_typography-text-transform);--awb-caption-title-line-height:var(--h2_typography-line-height);--awb-caption-title-letter-spacing:var(--h2_typography-letter-spacing);\"><span class=\" fusion-imageframe imageframe-none imageframe-2 hover-type-zoomin fusion-animated\" data-animationType=\"fadeInDown\" data-animationDuration=\"1.0\" data-animationOffset=\"top-into-view\"><a href=\"http:\/\/globushotel.it\/wp-content\/uploads\/2020\/05\/globus-giochi-piscina.jpg\" class=\"fusion-lightbox\" data-rel=\"iLightbox[902b68e7593eec1482a]\" data-title=\"Piscina\" title=\"Piscina\"><img decoding=\"async\" width=\"800\" height=\"819\" src=\"https:\/\/www.globushotel.it\/wp-content\/uploads\/2020\/05\/globus-giochi-piscina.jpg\" data-orig-src=\"http:\/\/globushotel.it\/wp-content\/uploads\/2020\/05\/globus-giochi-piscina.jpg\" alt class=\"lazyload img-responsive wp-image-2886\" srcset=\"data:image\/svg+xml,%3Csvg%20xmlns%3D%27http%3A%2F%2Fwww.w3.org%2F2000%2Fsvg%27%20width%3D%27800%27%20height%3D%27819%27%20viewBox%3D%270%200%20800%20819%27%3E%3Crect%20width%3D%27800%27%20height%3D%27819%27%20fill-opacity%3D%220%22%2F%3E%3C%2Fsvg%3E\" data-srcset=\"https:\/\/www.globushotel.it\/wp-content\/uploads\/2020\/05\/globus-giochi-piscina-200x205.jpg 200w, https:\/\/www.globushotel.it\/wp-content\/uploads\/2020\/05\/globus-giochi-piscina-400x410.jpg 400w, https:\/\/www.globushotel.it\/wp-content\/uploads\/2020\/05\/globus-giochi-piscina-600x614.jpg 600w, https:\/\/www.globushotel.it\/wp-content\/uploads\/2020\/05\/globus-giochi-piscina.jpg 800w\" data-sizes=\"auto\" data-orig-sizes=\"(max-width: 1024px) 100vw, (max-width: 640px) 100vw, 800px\" \/><\/a><\/span><\/div><\/div><\/div><div class=\"fusion-layout-column fusion_builder_column fusion-builder-column-3 fusion_builder_column_1_2 1_2 fusion-flex-column\" style=\"--awb-bg-size:cover;--awb-width-large:50%;--awb-margin-top-large:0px;--awb-spacing-right-large:5.12%;--awb-margin-bottom-large:0px;--awb-spacing-left-large:3.84%;--awb-width-medium:100%;--awb-spacing-right-medium:1.92%;--awb-spacing-left-medium:1.92%;--awb-width-small:100%;--awb-spacing-right-small:1.92%;--awb-spacing-left-small:1.92%;\"><div class=\"fusion-column-wrapper fusion-flex-justify-content-flex-start fusion-content-layout-column\"><div class=\"fusion-text fusion-text-3\"><h2>SERVICES POUR LA FAMILLE<\/h2>\n<\/div><div class=\"fusion-separator\" style=\"align-self: flex-start;margin-right:auto;margin-top:0px;margin-bottom:35px;width:100%;max-width:170px;\"><div class=\"fusion-separator-border sep-single sep-solid\" style=\"--awb-height:20px;--awb-amount:20px;--awb-sep-color:#d2b661;border-color:#d2b661;border-top-width:3px;\"><\/div><\/div><div class=\"fusion-text fusion-text-4\"><p>Sur demande, il y a aussi :<\/p>\n<p>Lit b\u00e9b\u00e9 avec c\u00f4t\u00e9s, rails de protection contre les chutes, chaise haute \u00e0 la table, napperon, ensemble de couverts, chauffe-biberon, baignoire, matelas \u00e0 langer, poussettes, <strong>v\u00e9los avec si\u00e8ge enfant<\/strong>, coin TV et coin jeux pour les loisirs.<\/p>\n<p>Les services pour vos enfants se poursuivent dans notre <strong>piscine avec jeux<\/strong> (balan\u00e7oire, toboggan, balan\u00e7oire et petite maison), chaises longues, programme de bien-\u00eatre, cascade, <strong>bain \u00e0 remous<\/strong> et sur la <strong>plage avec baby sitter<\/strong>, jeux, service d\u2019animation, baby-foot, ping pong, p\u00e9tanque, cano\u00eb, <strong>Sup<\/strong> et beaucoup plus de plaisir.<\/p>\n<ul>\n<li><strong>Vacances gratuites : pour un enfant jusqu\u2019\u00e0 5 ans du 22.05 au 06.06 et du 05.09.<\/strong><\/li>\n<li>Plan familial (r\u00e9ductions) pour les enfants dans la chambre avec deux adultes : jusqu\u2019\u00e0 2 ans 70% ; de 3 \u00e0 12 ans 50%<\/li>\n<li>Troisi\u00e8me et quatri\u00e8me personne dans la chambre 30%<\/li>\n<li>Tarifs avantageux pour l\u2019entr\u00e9e aux <strong>parcs \u00e0 th\u00e8me de la Riviera<\/strong> tels que d\u00e9crits dans Sp\u00e9cial Parcs.<\/li>\n<\/ul>\n<\/div><\/div><\/div><\/div><\/div><\/p>\n","protected":false},"excerpt":{"rendered":"","protected":false},"author":1,"featured_media":0,"parent":0,"menu_order":0,"comment_status":"closed","ping_status":"closed","template":"100-width.php","meta":{"_acf_changed":false,"footnotes":""},"class_list":["post-3566","page","type-page","status-publish","hentry"],"acf":[],"yoast_head":"<!-- This site is optimized with the Yoast SEO plugin v27.0 - https:\/\/yoast.com\/product\/yoast-seo-wordpress\/ -->\n<title>FAMILLE - Hotel 3 Stelle Cattolica - Hotel Globus - Hotel con piscina<\/title>\n<meta name=\"robots\" content=\"index, follow, max-snippet:-1, max-image-preview:large, max-video-preview:-1\" \/>\n<link rel=\"canonical\" href=\"https:\/\/www.globushotel.it\/fr\/famille\/\" \/>\n<meta property=\"og:locale\" content=\"fr_FR\" \/>\n<meta property=\"og:type\" content=\"article\" \/>\n<meta property=\"og:title\" content=\"FAMILLE - Hotel 3 Stelle Cattolica - Hotel Globus - Hotel con piscina\" \/>\n<meta property=\"og:url\" content=\"https:\/\/www.globushotel.it\/fr\/famille\/\" \/>\n<meta property=\"og:site_name\" content=\"Hotel 3 Stelle Cattolica - Hotel Globus - Hotel con piscina\" \/>\n<meta property=\"article:publisher\" content=\"https:\/\/www.facebook.com\/cattolicahotels\/\" \/>\n<meta property=\"article:modified_time\" content=\"2026-03-02T18:26:28+00:00\" \/>\n<meta name=\"twitter:card\" content=\"summary_large_image\" \/>\n<meta name=\"twitter:label1\" content=\"Dur\u00e9e de lecture estim\u00e9e\" \/>\n\t<meta name=\"twitter:data1\" content=\"2 minutes\" \/>\n<script type=\"application\/ld+json\" class=\"yoast-schema-graph\">{\"@context\":\"https:\/\/schema.org\",\"@graph\":[{\"@type\":\"WebPage\",\"@id\":\"https:\/\/www.globushotel.it\/fr\/famille\/\",\"url\":\"https:\/\/www.globushotel.it\/fr\/famille\/\",\"name\":\"FAMILLE - Hotel 3 Stelle Cattolica - Hotel Globus - Hotel con piscina\",\"isPartOf\":{\"@id\":\"https:\/\/www.globushotel.it\/#website\"},\"datePublished\":\"2021-04-20T11:37:16+00:00\",\"dateModified\":\"2026-03-02T18:26:28+00:00\",\"breadcrumb\":{\"@id\":\"https:\/\/www.globushotel.it\/fr\/famille\/#breadcrumb\"},\"inLanguage\":\"fr-FR\",\"potentialAction\":[{\"@type\":\"ReadAction\",\"target\":[\"https:\/\/www.globushotel.it\/fr\/famille\/\"]}]},{\"@type\":\"BreadcrumbList\",\"@id\":\"https:\/\/www.globushotel.it\/fr\/famille\/#breadcrumb\",\"itemListElement\":[{\"@type\":\"ListItem\",\"position\":1,\"name\":\"Home\",\"item\":\"https:\/\/www.globushotel.it\/fr\/\"},{\"@type\":\"ListItem\",\"position\":2,\"name\":\"FAMILLE\"}]},{\"@type\":\"WebSite\",\"@id\":\"https:\/\/www.globushotel.it\/#website\",\"url\":\"https:\/\/www.globushotel.it\/\",\"name\":\"Hotel 3 Stelle Cattolica - Hotel Globus - Hotel con piscina\",\"description\":\"Hotel 3 Stelle Cattolica - Hotel Globus - Hotel con piscina\",\"potentialAction\":[{\"@type\":\"SearchAction\",\"target\":{\"@type\":\"EntryPoint\",\"urlTemplate\":\"https:\/\/www.globushotel.it\/?s={search_term_string}\"},\"query-input\":{\"@type\":\"PropertyValueSpecification\",\"valueRequired\":true,\"valueName\":\"search_term_string\"}}],\"inLanguage\":\"fr-FR\"}]}<\/script>\n<!-- \/ Yoast SEO plugin. -->","yoast_head_json":{"title":"FAMILLE - Hotel 3 Stelle Cattolica - Hotel Globus - Hotel con piscina","robots":{"index":"index","follow":"follow","max-snippet":"max-snippet:-1","max-image-preview":"max-image-preview:large","max-video-preview":"max-video-preview:-1"},"canonical":"https:\/\/www.globushotel.it\/fr\/famille\/","og_locale":"fr_FR","og_type":"article","og_title":"FAMILLE - Hotel 3 Stelle Cattolica - Hotel Globus - Hotel con piscina","og_url":"https:\/\/www.globushotel.it\/fr\/famille\/","og_site_name":"Hotel 3 Stelle Cattolica - Hotel Globus - Hotel con piscina","article_publisher":"https:\/\/www.facebook.com\/cattolicahotels\/","article_modified_time":"2026-03-02T18:26:28+00:00","twitter_card":"summary_large_image","twitter_misc":{"Dur\u00e9e de lecture estim\u00e9e":"2 minutes"},"schema":{"@context":"https:\/\/schema.org","@graph":[{"@type":"WebPage","@id":"https:\/\/www.globushotel.it\/fr\/famille\/","url":"https:\/\/www.globushotel.it\/fr\/famille\/","name":"FAMILLE - Hotel 3 Stelle Cattolica - Hotel Globus - Hotel con piscina","isPartOf":{"@id":"https:\/\/www.globushotel.it\/#website"},"datePublished":"2021-04-20T11:37:16+00:00","dateModified":"2026-03-02T18:26:28+00:00","breadcrumb":{"@id":"https:\/\/www.globushotel.it\/fr\/famille\/#breadcrumb"},"inLanguage":"fr-FR","potentialAction":[{"@type":"ReadAction","target":["https:\/\/www.globushotel.it\/fr\/famille\/"]}]},{"@type":"BreadcrumbList","@id":"https:\/\/www.globushotel.it\/fr\/famille\/#breadcrumb","itemListElement":[{"@type":"ListItem","position":1,"name":"Home","item":"https:\/\/www.globushotel.it\/fr\/"},{"@type":"ListItem","position":2,"name":"FAMILLE"}]},{"@type":"WebSite","@id":"https:\/\/www.globushotel.it\/#website","url":"https:\/\/www.globushotel.it\/","name":"Hotel 3 Stelle Cattolica - Hotel Globus - Hotel con piscina","description":"Hotel 3 Stelle Cattolica - Hotel Globus - Hotel con piscina","potentialAction":[{"@type":"SearchAction","target":{"@type":"EntryPoint","urlTemplate":"https:\/\/www.globushotel.it\/?s={search_term_string}"},"query-input":{"@type":"PropertyValueSpecification","valueRequired":true,"valueName":"search_term_string"}}],"inLanguage":"fr-FR"}]}},"_links":{"self":[{"href":"https:\/\/www.globushotel.it\/fr\/wp-json\/wp\/v2\/pages\/3566","targetHints":{"allow":["GET"]}}],"collection":[{"href":"https:\/\/www.globushotel.it\/fr\/wp-json\/wp\/v2\/pages"}],"about":[{"href":"https:\/\/www.globushotel.it\/fr\/wp-json\/wp\/v2\/types\/page"}],"author":[{"embeddable":true,"href":"https:\/\/www.globushotel.it\/fr\/wp-json\/wp\/v2\/users\/1"}],"replies":[{"embeddable":true,"href":"https:\/\/www.globushotel.it\/fr\/wp-json\/wp\/v2\/comments?post=3566"}],"version-history":[{"count":8,"href":"https:\/\/www.globushotel.it\/fr\/wp-json\/wp\/v2\/pages\/3566\/revisions"}],"predecessor-version":[{"id":5051,"href":"https:\/\/www.globushotel.it\/fr\/wp-json\/wp\/v2\/pages\/3566\/revisions\/5051"}],"wp:attachment":[{"href":"https:\/\/www.globushotel.it\/fr\/wp-json\/wp\/v2\/media?parent=3566"}],"curies":[{"name":"wp","href":"https:\/\/api.w.org\/{rel}","templated":true}]}}