{"id":3561,"date":"2021-04-20T13:02:37","date_gmt":"2021-04-20T11:02:37","guid":{"rendered":"https:\/\/globushotel.it\/?page_id=3561"},"modified":"2024-05-15T13:19:03","modified_gmt":"2024-05-15T11:19:03","slug":"spiaggia","status":"publish","type":"page","link":"https:\/\/www.globushotel.it\/fr\/spiaggia\/","title":{"rendered":"PLAGE"},"content":{"rendered":"<p><div class=\"fusion-fullwidth fullwidth-box fusion-builder-row-1 fusion-flex-container has-pattern-background has-mask-background nonhundred-percent-fullwidth non-hundred-percent-height-scrolling\" style=\"--awb-background-position:left top;--awb-border-sizes-top:0px;--awb-border-sizes-bottom:0px;--awb-border-sizes-left:0px;--awb-border-sizes-right:0px;--awb-border-radius-top-left:0px;--awb-border-radius-top-right:0px;--awb-border-radius-bottom-right:0px;--awb-border-radius-bottom-left:0px;--awb-padding-top:50px;--awb-padding-bottom:50px;--awb-flex-wrap:wrap;\" ><div class=\"fusion-builder-row fusion-row fusion-flex-align-items-flex-start fusion-flex-content-wrap\" style=\"max-width:1435.2px;margin-left: calc(-4% \/ 2 );margin-right: calc(-4% \/ 2 );\"><div class=\"fusion-layout-column fusion_builder_column fusion-builder-column-0 fusion_builder_column_1_2 1_2 fusion-flex-column\" style=\"--awb-bg-size:cover;--awb-width-large:50%;--awb-margin-top-large:0px;--awb-spacing-right-large:5.12%;--awb-margin-bottom-large:0px;--awb-spacing-left-large:3.84%;--awb-width-medium:100%;--awb-spacing-right-medium:1.92%;--awb-spacing-left-medium:1.92%;--awb-width-small:100%;--awb-spacing-right-small:1.92%;--awb-spacing-left-small:1.92%;\"><div class=\"fusion-column-wrapper fusion-flex-justify-content-flex-start fusion-content-layout-column\"><div class=\"fusion-text fusion-text-1\"><h2>PLAGE<\/h2>\n<\/div><div class=\"fusion-separator\" style=\"align-self: flex-start;margin-right:auto;margin-top:0px;margin-bottom:35px;width:100%;max-width:170px;\"><div class=\"fusion-separator-border sep-single sep-solid\" style=\"--awb-height:20px;--awb-amount:20px;--awb-sep-color:#d2b661;border-color:#d2b661;border-top-width:3px;\"><\/div><\/div><div class=\"fusion-text fusion-text-2\"><p><strong>Soleil, mer et hospitalit\u00e9, vos belles vacances \u00e0 Cattolica\u2026 !<\/strong><\/p>\n<p>La plage de Cattolica est une belle baie de sable fin en forme de demi-lune son fond marin doux et peu profond la rend parfait pour les vacances pour les familles avec enfants. Cattolica est r\u00e9put\u00e9e pour ses plages \u00e9quip\u00e9es et pour ses nombreux services.<\/p>\n<p>Notre h\u00f4tel se trouve \u00e0 120 m\u00e8tres de la mer et de la plage.<\/p>\n<p>Dans notre \u00e9tablissement baln\u00e9aire Bagni 84 Franco e Paolo vous trouverez services, courtoisie et convivialit\u00e9, pour passer des vacances ensoleill\u00e9es au bord de la mer, d\u00e9tente et amusante.<\/p>\n<\/div><\/div><\/div><div class=\"fusion-layout-column fusion_builder_column fusion-builder-column-1 fusion_builder_column_1_2 1_2 fusion-flex-column\" style=\"--awb-bg-size:cover;--awb-width-large:50%;--awb-margin-top-large:0px;--awb-spacing-right-large:3.84%;--awb-margin-bottom-large:0px;--awb-spacing-left-large:2.56%;--awb-width-medium:100%;--awb-spacing-right-medium:1.92%;--awb-spacing-left-medium:1.92%;--awb-width-small:100%;--awb-spacing-right-small:1.92%;--awb-spacing-left-small:1.92%;\"><div class=\"fusion-column-wrapper fusion-flex-justify-content-flex-start fusion-content-layout-column\"><div class=\"fusion-image-element \" style=\"--awb-caption-title-font-family:var(--h2_typography-font-family);--awb-caption-title-font-weight:var(--h2_typography-font-weight);--awb-caption-title-font-style:var(--h2_typography-font-style);--awb-caption-title-size:var(--h2_typography-font-size);--awb-caption-title-transform:var(--h2_typography-text-transform);--awb-caption-title-line-height:var(--h2_typography-line-height);--awb-caption-title-letter-spacing:var(--h2_typography-letter-spacing);\"><span class=\" fusion-imageframe imageframe-none imageframe-1 hover-type-zoomin fusion-animated\" data-animationType=\"fadeInDown\" data-animationDuration=\"1.0\" data-animationOffset=\"top-into-view\"><a href=\"http:\/\/globushotel.it\/wp-content\/uploads\/2023\/02\/Senza-titolo-3.jpg\" class=\"fusion-lightbox\" data-rel=\"iLightbox[5ec9997b7a92eedd79e]\" data-caption=\"hotelglobus-cattolica_spiaggia\" data-title=\"Senza titolo-3\" title=\"Senza titolo-3\"><img decoding=\"async\" width=\"1200\" height=\"836\" alt=\"hotelglobus-cattolica_spiaggia\" src=\"https:\/\/www.globushotel.it\/wp-content\/uploads\/2023\/02\/Senza-titolo-3.jpg\" data-orig-src=\"http:\/\/globushotel.it\/wp-content\/uploads\/2023\/02\/Senza-titolo-3.jpg\" class=\"lazyload img-responsive wp-image-3126\" srcset=\"data:image\/svg+xml,%3Csvg%20xmlns%3D%27http%3A%2F%2Fwww.w3.org%2F2000%2Fsvg%27%20width%3D%271200%27%20height%3D%27836%27%20viewBox%3D%270%200%201200%20836%27%3E%3Crect%20width%3D%271200%27%20height%3D%27836%27%20fill-opacity%3D%220%22%2F%3E%3C%2Fsvg%3E\" data-srcset=\"https:\/\/www.globushotel.it\/wp-content\/uploads\/2023\/02\/Senza-titolo-3-200x139.jpg 200w, https:\/\/www.globushotel.it\/wp-content\/uploads\/2023\/02\/Senza-titolo-3-400x279.jpg 400w, https:\/\/www.globushotel.it\/wp-content\/uploads\/2023\/02\/Senza-titolo-3-600x418.jpg 600w, https:\/\/www.globushotel.it\/wp-content\/uploads\/2023\/02\/Senza-titolo-3-800x557.jpg 800w, https:\/\/www.globushotel.it\/wp-content\/uploads\/2023\/02\/Senza-titolo-3.jpg 1200w\" data-sizes=\"auto\" data-orig-sizes=\"(max-width: 1024px) 100vw, (max-width: 640px) 100vw, 800px\" \/><\/a><\/span><\/div><\/div><\/div><\/div><\/div><div class=\"fusion-fullwidth fullwidth-box fusion-builder-row-2 fusion-flex-container nonhundred-percent-fullwidth non-hundred-percent-height-scrolling\" style=\"--awb-background-position:left top;--awb-border-sizes-top:0px;--awb-border-sizes-bottom:0px;--awb-border-sizes-left:0px;--awb-border-sizes-right:0px;--awb-border-radius-top-left:0px;--awb-border-radius-top-right:0px;--awb-border-radius-bottom-right:0px;--awb-border-radius-bottom-left:0px;--awb-padding-top:50px;--awb-padding-bottom:50px;--awb-flex-wrap:wrap;\" ><div class=\"fusion-builder-row fusion-row fusion-flex-align-items-flex-start fusion-flex-content-wrap\" style=\"max-width:1435.2px;margin-left: calc(-4% \/ 2 );margin-right: calc(-4% \/ 2 );\"><div class=\"fusion-layout-column fusion_builder_column fusion-builder-column-2 fusion_builder_column_1_2 1_2 fusion-flex-column\" style=\"--awb-bg-size:cover;--awb-width-large:50%;--awb-margin-top-large:0px;--awb-spacing-right-large:3.84%;--awb-margin-bottom-large:0px;--awb-spacing-left-large:2.56%;--awb-width-medium:100%;--awb-spacing-right-medium:1.92%;--awb-spacing-left-medium:1.92%;--awb-width-small:100%;--awb-spacing-right-small:1.92%;--awb-spacing-left-small:1.92%;\"><div class=\"fusion-column-wrapper fusion-flex-justify-content-flex-start fusion-content-layout-column\"><div class=\"fusion-image-element \" style=\"--awb-caption-title-font-family:var(--h2_typography-font-family);--awb-caption-title-font-weight:var(--h2_typography-font-weight);--awb-caption-title-font-style:var(--h2_typography-font-style);--awb-caption-title-size:var(--h2_typography-font-size);--awb-caption-title-transform:var(--h2_typography-text-transform);--awb-caption-title-line-height:var(--h2_typography-line-height);--awb-caption-title-letter-spacing:var(--h2_typography-letter-spacing);\"><span class=\" fusion-imageframe imageframe-none imageframe-2 hover-type-zoomin fusion-animated\" data-animationType=\"fadeInDown\" data-animationDuration=\"1.0\" data-animationOffset=\"top-into-view\"><a href=\"http:\/\/globushotel.it\/wp-content\/uploads\/2023\/02\/IMG_6098.jpg\" class=\"fusion-lightbox\" data-rel=\"iLightbox[6f199b762f05f827b07]\" data-caption=\"hotelglobus-cattolica_spiaggia\" data-title=\"IMG_6098\" title=\"IMG_6098\"><img decoding=\"async\" width=\"1200\" height=\"800\" alt=\"hotelglobus-cattolica_spiaggia\" src=\"https:\/\/www.globushotel.it\/wp-content\/uploads\/2023\/02\/IMG_6098.jpg\" data-orig-src=\"http:\/\/globushotel.it\/wp-content\/uploads\/2023\/02\/IMG_6098.jpg\" class=\"lazyload img-responsive wp-image-3129\" srcset=\"data:image\/svg+xml,%3Csvg%20xmlns%3D%27http%3A%2F%2Fwww.w3.org%2F2000%2Fsvg%27%20width%3D%271200%27%20height%3D%27800%27%20viewBox%3D%270%200%201200%20800%27%3E%3Crect%20width%3D%271200%27%20height%3D%27800%27%20fill-opacity%3D%220%22%2F%3E%3C%2Fsvg%3E\" data-srcset=\"https:\/\/www.globushotel.it\/wp-content\/uploads\/2023\/02\/IMG_6098-200x133.jpg 200w, https:\/\/www.globushotel.it\/wp-content\/uploads\/2023\/02\/IMG_6098-400x267.jpg 400w, https:\/\/www.globushotel.it\/wp-content\/uploads\/2023\/02\/IMG_6098-600x400.jpg 600w, https:\/\/www.globushotel.it\/wp-content\/uploads\/2023\/02\/IMG_6098-800x533.jpg 800w, https:\/\/www.globushotel.it\/wp-content\/uploads\/2023\/02\/IMG_6098.jpg 1200w\" data-sizes=\"auto\" data-orig-sizes=\"(max-width: 1024px) 100vw, (max-width: 640px) 100vw, 800px\" \/><\/a><\/span><\/div><\/div><\/div><div class=\"fusion-layout-column fusion_builder_column fusion-builder-column-3 fusion_builder_column_1_2 1_2 fusion-flex-column\" style=\"--awb-bg-size:cover;--awb-width-large:50%;--awb-margin-top-large:0px;--awb-spacing-right-large:5.12%;--awb-margin-bottom-large:0px;--awb-spacing-left-large:3.84%;--awb-width-medium:100%;--awb-spacing-right-medium:1.92%;--awb-spacing-left-medium:1.92%;--awb-width-small:100%;--awb-spacing-right-small:1.92%;--awb-spacing-left-small:1.92%;\"><div class=\"fusion-column-wrapper fusion-flex-justify-content-flex-start fusion-content-layout-column\"><div class=\"fusion-text fusion-text-3\"><h2>SERVICES DE PLAGE<\/h2>\n<\/div><div class=\"fusion-separator\" style=\"align-self: flex-start;margin-right:auto;margin-top:0px;margin-bottom:35px;width:100%;max-width:170px;\"><div class=\"fusion-separator-border sep-single sep-solid\" style=\"--awb-height:20px;--awb-amount:20px;--awb-sep-color:#d2b661;border-color:#d2b661;border-top-width:3px;\"><\/div><\/div><div class=\"fusion-text fusion-text-4\"><p>\u00c0 disposition des h\u00f4tes, en plus de la location traditionnelle de parasols et de chaises longues, vous trouverez nursery, <strong>jeux pour enfants<\/strong>, animations pour adultes et enfants, colliers anti-perte, service de recherche des personnes, coffres-forts, baby-foot, ping pong, p\u00e9tanque, <strong>Sup School <\/strong> 84 avec instructeurs f\u00e9d\u00e9raux et aussi des vestiaires, douches chaudes, p\u00e9dalos, cano\u00eb, stockage de jeux, matelas et bien d\u2019autres initiatives.<\/p>\n<\/div><div class=\"fusion-text fusion-text-5\" style=\"--awb-font-size:14px;\"><p>Si vous souhaitez d\u2019autres traitement au lieu de l\u2019all inclusive, le choix de la plage est gratuit \u00e9ventuellement aussi avec super pension compl\u00e8te ou super demi-pension, boissons incluses.<\/p>\n<\/div><\/div><\/div><\/div><\/div><\/p>\n","protected":false},"excerpt":{"rendered":"","protected":false},"author":1,"featured_media":0,"parent":0,"menu_order":0,"comment_status":"closed","ping_status":"closed","template":"100-width.php","meta":{"_acf_changed":false,"footnotes":""},"class_list":["post-3561","page","type-page","status-publish","hentry"],"acf":[],"yoast_head":"<!-- This site is optimized with the Yoast SEO plugin v27.0 - https:\/\/yoast.com\/product\/yoast-seo-wordpress\/ -->\n<title>PLAGE - Hotel 3 Stelle Cattolica - Hotel Globus - Hotel con piscina<\/title>\n<meta name=\"robots\" content=\"index, follow, max-snippet:-1, max-image-preview:large, max-video-preview:-1\" \/>\n<link rel=\"canonical\" href=\"https:\/\/www.globushotel.it\/spiaggia\/\" \/>\n<meta property=\"og:locale\" content=\"fr_FR\" \/>\n<meta property=\"og:type\" content=\"article\" \/>\n<meta property=\"og:title\" content=\"PLAGE - Hotel 3 Stelle Cattolica - Hotel Globus - Hotel con piscina\" \/>\n<meta property=\"og:url\" content=\"https:\/\/www.globushotel.it\/spiaggia\/\" \/>\n<meta property=\"og:site_name\" content=\"Hotel 3 Stelle Cattolica - Hotel Globus - Hotel con piscina\" \/>\n<meta property=\"article:publisher\" content=\"https:\/\/www.facebook.com\/cattolicahotels\/\" \/>\n<meta property=\"article:modified_time\" content=\"2024-05-15T11:19:03+00:00\" \/>\n<meta name=\"twitter:card\" content=\"summary_large_image\" \/>\n<meta name=\"twitter:label1\" content=\"Dur\u00e9e de lecture estim\u00e9e\" \/>\n\t<meta name=\"twitter:data1\" content=\"2 minutes\" \/>\n<script type=\"application\/ld+json\" class=\"yoast-schema-graph\">{\"@context\":\"https:\/\/schema.org\",\"@graph\":[{\"@type\":\"WebPage\",\"@id\":\"https:\/\/www.globushotel.it\/spiaggia\/\",\"url\":\"https:\/\/www.globushotel.it\/spiaggia\/\",\"name\":\"PLAGE - Hotel 3 Stelle Cattolica - Hotel Globus - Hotel con piscina\",\"isPartOf\":{\"@id\":\"https:\/\/www.globushotel.it\/#website\"},\"datePublished\":\"2021-04-20T11:02:37+00:00\",\"dateModified\":\"2024-05-15T11:19:03+00:00\",\"breadcrumb\":{\"@id\":\"https:\/\/www.globushotel.it\/spiaggia\/#breadcrumb\"},\"inLanguage\":\"fr-FR\",\"potentialAction\":[{\"@type\":\"ReadAction\",\"target\":[\"https:\/\/www.globushotel.it\/spiaggia\/\"]}]},{\"@type\":\"BreadcrumbList\",\"@id\":\"https:\/\/www.globushotel.it\/spiaggia\/#breadcrumb\",\"itemListElement\":[{\"@type\":\"ListItem\",\"position\":1,\"name\":\"Home\",\"item\":\"https:\/\/www.globushotel.it\/fr\/\"},{\"@type\":\"ListItem\",\"position\":2,\"name\":\"PLAGE\"}]},{\"@type\":\"WebSite\",\"@id\":\"https:\/\/www.globushotel.it\/#website\",\"url\":\"https:\/\/www.globushotel.it\/\",\"name\":\"Hotel 3 Stelle Cattolica - Hotel Globus - Hotel con piscina\",\"description\":\"Hotel 3 Stelle Cattolica - Hotel Globus - Hotel con piscina\",\"potentialAction\":[{\"@type\":\"SearchAction\",\"target\":{\"@type\":\"EntryPoint\",\"urlTemplate\":\"https:\/\/www.globushotel.it\/?s={search_term_string}\"},\"query-input\":{\"@type\":\"PropertyValueSpecification\",\"valueRequired\":true,\"valueName\":\"search_term_string\"}}],\"inLanguage\":\"fr-FR\"}]}<\/script>\n<!-- \/ Yoast SEO plugin. -->","yoast_head_json":{"title":"PLAGE - Hotel 3 Stelle Cattolica - Hotel Globus - Hotel con piscina","robots":{"index":"index","follow":"follow","max-snippet":"max-snippet:-1","max-image-preview":"max-image-preview:large","max-video-preview":"max-video-preview:-1"},"canonical":"https:\/\/www.globushotel.it\/spiaggia\/","og_locale":"fr_FR","og_type":"article","og_title":"PLAGE - Hotel 3 Stelle Cattolica - Hotel Globus - Hotel con piscina","og_url":"https:\/\/www.globushotel.it\/spiaggia\/","og_site_name":"Hotel 3 Stelle Cattolica - Hotel Globus - Hotel con piscina","article_publisher":"https:\/\/www.facebook.com\/cattolicahotels\/","article_modified_time":"2024-05-15T11:19:03+00:00","twitter_card":"summary_large_image","twitter_misc":{"Dur\u00e9e de lecture estim\u00e9e":"2 minutes"},"schema":{"@context":"https:\/\/schema.org","@graph":[{"@type":"WebPage","@id":"https:\/\/www.globushotel.it\/spiaggia\/","url":"https:\/\/www.globushotel.it\/spiaggia\/","name":"PLAGE - Hotel 3 Stelle Cattolica - Hotel Globus - Hotel con piscina","isPartOf":{"@id":"https:\/\/www.globushotel.it\/#website"},"datePublished":"2021-04-20T11:02:37+00:00","dateModified":"2024-05-15T11:19:03+00:00","breadcrumb":{"@id":"https:\/\/www.globushotel.it\/spiaggia\/#breadcrumb"},"inLanguage":"fr-FR","potentialAction":[{"@type":"ReadAction","target":["https:\/\/www.globushotel.it\/spiaggia\/"]}]},{"@type":"BreadcrumbList","@id":"https:\/\/www.globushotel.it\/spiaggia\/#breadcrumb","itemListElement":[{"@type":"ListItem","position":1,"name":"Home","item":"https:\/\/www.globushotel.it\/fr\/"},{"@type":"ListItem","position":2,"name":"PLAGE"}]},{"@type":"WebSite","@id":"https:\/\/www.globushotel.it\/#website","url":"https:\/\/www.globushotel.it\/","name":"Hotel 3 Stelle Cattolica - Hotel Globus - Hotel con piscina","description":"Hotel 3 Stelle Cattolica - Hotel Globus - Hotel con piscina","potentialAction":[{"@type":"SearchAction","target":{"@type":"EntryPoint","urlTemplate":"https:\/\/www.globushotel.it\/?s={search_term_string}"},"query-input":{"@type":"PropertyValueSpecification","valueRequired":true,"valueName":"search_term_string"}}],"inLanguage":"fr-FR"}]}},"_links":{"self":[{"href":"https:\/\/www.globushotel.it\/fr\/wp-json\/wp\/v2\/pages\/3561","targetHints":{"allow":["GET"]}}],"collection":[{"href":"https:\/\/www.globushotel.it\/fr\/wp-json\/wp\/v2\/pages"}],"about":[{"href":"https:\/\/www.globushotel.it\/fr\/wp-json\/wp\/v2\/types\/page"}],"author":[{"embeddable":true,"href":"https:\/\/www.globushotel.it\/fr\/wp-json\/wp\/v2\/users\/1"}],"replies":[{"embeddable":true,"href":"https:\/\/www.globushotel.it\/fr\/wp-json\/wp\/v2\/comments?post=3561"}],"version-history":[{"count":8,"href":"https:\/\/www.globushotel.it\/fr\/wp-json\/wp\/v2\/pages\/3561\/revisions"}],"predecessor-version":[{"id":4588,"href":"https:\/\/www.globushotel.it\/fr\/wp-json\/wp\/v2\/pages\/3561\/revisions\/4588"}],"wp:attachment":[{"href":"https:\/\/www.globushotel.it\/fr\/wp-json\/wp\/v2\/media?parent=3561"}],"curies":[{"name":"wp","href":"https:\/\/api.w.org\/{rel}","templated":true}]}}