{"id":3544,"date":"2022-04-11T08:56:38","date_gmt":"2022-04-11T06:56:38","guid":{"rendered":"https:\/\/globushotel.it\/services\/"},"modified":"2024-05-20T09:43:50","modified_gmt":"2024-05-20T07:43:50","slug":"services","status":"publish","type":"page","link":"https:\/\/www.globushotel.it\/fr\/services\/","title":{"rendered":"NOS SERVICES"},"content":{"rendered":"<p><div class=\"fusion-fullwidth fullwidth-box fusion-builder-row-1 fusion-flex-container has-pattern-background has-mask-background nonhundred-percent-fullwidth non-hundred-percent-height-scrolling\" style=\"--awb-background-position:left top;--awb-border-sizes-top:0px;--awb-border-sizes-bottom:0px;--awb-border-sizes-left:0px;--awb-border-sizes-right:0px;--awb-border-radius-top-left:0px;--awb-border-radius-top-right:0px;--awb-border-radius-bottom-right:0px;--awb-border-radius-bottom-left:0px;--awb-padding-top:50px;--awb-padding-bottom:50px;--awb-flex-wrap:wrap;\" ><div class=\"fusion-builder-row fusion-row fusion-flex-align-items-flex-start fusion-flex-content-wrap\" style=\"max-width:1435.2px;margin-left: calc(-4% \/ 2 );margin-right: calc(-4% \/ 2 );\"><div class=\"fusion-layout-column fusion_builder_column fusion-builder-column-0 fusion_builder_column_2_3 2_3 fusion-flex-column\" style=\"--awb-bg-size:cover;--awb-width-large:66.666666666667%;--awb-margin-top-large:0px;--awb-spacing-right-large:3.84%;--awb-margin-bottom-large:0px;--awb-spacing-left-large:2.88%;--awb-width-medium:100%;--awb-spacing-right-medium:1.92%;--awb-spacing-left-medium:1.92%;--awb-width-small:100%;--awb-spacing-right-small:1.92%;--awb-spacing-left-small:1.92%;\"><div class=\"fusion-column-wrapper fusion-flex-justify-content-flex-start fusion-content-layout-column\"><div class=\"fusion-text fusion-text-1\"><h2>NOS SERVICES<\/h2>\n<\/div><div class=\"fusion-separator\" style=\"align-self: flex-start;margin-right:auto;margin-top:0px;margin-bottom:35px;width:100%;max-width:170px;\"><div class=\"fusion-separator-border sep-single sep-solid\" style=\"--awb-height:20px;--awb-amount:20px;--awb-sep-color:#d2b661;border-color:#d2b661;border-top-width:3px;\"><\/div><\/div><div class=\"fusion-text fusion-text-2\"><p><strong>Nos services 3 \u00e9toiles con\u00e7us pour vous et votre famille, pour rendre meilleure votre vacance \u00e0 Cattolica dans une atmosph\u00e8re conviviale et agr\u00e9able.<\/strong><\/p>\n<p><strong>Enti\u00e8rement climatis\u00e9<\/strong>, l\u2019h\u00f4tel dispose d\u2019espaces communs confortables et \u00e9l\u00e9gants : un grand salon pour la d\u00e9tente, la salle \u00e0 manger climatis\u00e9e et le bar directement sur le boulevard de la promenade du soir, point de rencontre pour nos invit\u00e9s. \u00c0 votre disposition il y a aussi <strong>une piscine avec bain \u00e0 remous<\/strong>, cascade, programme de bien-\u00eatre, lits b\u00e9b\u00e9 et jeux pour enfants (20 mt. de l\u2019h\u00f4tel \u00e0 la R\u00e9sidence Cristel), <strong>la salle de sport<\/strong> avec bain \u00e0 remous chauff\u00e9 et terrasse ensoleill\u00e9e. Parking \/ garage, ascenseur, connexion internet wi-fi dans tout l\u2019h\u00f4tel, v\u00e9los, baby club et animation sur la plage compl\u00e8tent les services qui rendent l\u2019h\u00f4tel id\u00e9al pour des <strong>vacances paisibles \u00e0 la plage<\/strong>.<\/p>\n<\/div><\/div><\/div><div class=\"fusion-layout-column fusion_builder_column fusion-builder-column-1 fusion_builder_column_1_3 1_3 fusion-flex-column\" style=\"--awb-bg-size:cover;--awb-width-large:33.333333333333%;--awb-margin-top-large:0px;--awb-spacing-right-large:5.76%;--awb-margin-bottom-large:0px;--awb-spacing-left-large:3.84%;--awb-width-medium:100%;--awb-spacing-right-medium:1.92%;--awb-spacing-left-medium:1.92%;--awb-width-small:100%;--awb-spacing-right-small:1.92%;--awb-spacing-left-small:1.92%;\"><div class=\"fusion-column-wrapper fusion-flex-justify-content-flex-start fusion-content-layout-column\"><div class=\"fusion-image-element \" style=\"--awb-caption-title-font-family:var(--h2_typography-font-family);--awb-caption-title-font-weight:var(--h2_typography-font-weight);--awb-caption-title-font-style:var(--h2_typography-font-style);--awb-caption-title-size:var(--h2_typography-font-size);--awb-caption-title-transform:var(--h2_typography-text-transform);--awb-caption-title-line-height:var(--h2_typography-line-height);--awb-caption-title-letter-spacing:var(--h2_typography-letter-spacing);\"><span class=\" fusion-imageframe imageframe-none imageframe-1 hover-type-zoomin fusion-animated\" data-animationType=\"fadeInDown\" data-animationDuration=\"1.0\" data-animationOffset=\"top-into-view\"><a href=\"http:\/\/globushotel.it\/wp-content\/uploads\/2021\/04\/hsoggiorno-e1677879908850.jpg\" class=\"fusion-lightbox\" data-rel=\"iLightbox[32b51b7e0291c3a8c6e]\" data-title=\"Hall\" title=\"Hall\"><img decoding=\"async\" width=\"1555\" height=\"1875\" src=\"https:\/\/www.globushotel.it\/wp-content\/uploads\/2021\/04\/hsoggiorno-e1677879908850.jpg\" data-orig-src=\"http:\/\/globushotel.it\/wp-content\/uploads\/2021\/04\/hsoggiorno-e1677879908850.jpg\" alt class=\"lazyload img-responsive wp-image-2895\" srcset=\"data:image\/svg+xml,%3Csvg%20xmlns%3D%27http%3A%2F%2Fwww.w3.org%2F2000%2Fsvg%27%20width%3D%271555%27%20height%3D%271875%27%20viewBox%3D%270%200%201555%201875%27%3E%3Crect%20width%3D%271555%27%20height%3D%271875%27%20fill-opacity%3D%220%22%2F%3E%3C%2Fsvg%3E\" data-srcset=\"https:\/\/www.globushotel.it\/wp-content\/uploads\/2021\/04\/hsoggiorno-e1677879908850-200x241.jpg 200w, https:\/\/www.globushotel.it\/wp-content\/uploads\/2021\/04\/hsoggiorno-e1677879908850-400x482.jpg 400w, https:\/\/www.globushotel.it\/wp-content\/uploads\/2021\/04\/hsoggiorno-e1677879908850-600x723.jpg 600w, https:\/\/www.globushotel.it\/wp-content\/uploads\/2021\/04\/hsoggiorno-e1677879908850-800x965.jpg 800w, https:\/\/www.globushotel.it\/wp-content\/uploads\/2021\/04\/hsoggiorno-e1677879908850-1200x1447.jpg 1200w, https:\/\/www.globushotel.it\/wp-content\/uploads\/2021\/04\/hsoggiorno-e1677879908850.jpg 1555w\" data-sizes=\"auto\" data-orig-sizes=\"(max-width: 1024px) 100vw, (max-width: 640px) 100vw, 600px\" \/><\/a><\/span><\/div><\/div><\/div><\/div><\/div><div class=\"fusion-fullwidth fullwidth-box fusion-builder-row-2 fusion-flex-container nonhundred-percent-fullwidth non-hundred-percent-height-scrolling\" style=\"--awb-border-radius-top-left:0px;--awb-border-radius-top-right:0px;--awb-border-radius-bottom-right:0px;--awb-border-radius-bottom-left:0px;--awb-padding-top:50px;--awb-padding-bottom:50px;--awb-background-color:#f4f6f8;--awb-flex-wrap:wrap;\" ><div class=\"fusion-builder-row fusion-row fusion-flex-align-items-flex-start fusion-flex-content-wrap\" style=\"max-width:1435.2px;margin-left: calc(-4% \/ 2 );margin-right: calc(-4% \/ 2 );\"><div class=\"fusion-layout-column fusion_builder_column fusion-builder-column-2 fusion_builder_column_1_1 1_1 fusion-flex-column\" style=\"--awb-bg-size:cover;--awb-width-large:100%;--awb-margin-top-large:0px;--awb-spacing-right-large:1.92%;--awb-margin-bottom-large:0px;--awb-spacing-left-large:1.92%;--awb-width-medium:100%;--awb-order-medium:0;--awb-spacing-right-medium:1.92%;--awb-spacing-left-medium:1.92%;--awb-width-small:100%;--awb-order-small:0;--awb-spacing-right-small:1.92%;--awb-spacing-left-small:1.92%;\"><div class=\"fusion-column-wrapper fusion-column-has-shadow fusion-flex-justify-content-flex-start fusion-content-layout-column\"><div class=\"fusion-text fusion-text-3\"><h2>SERVICES<\/h2>\n<\/div><div class=\"fusion-text fusion-text-4\"><ul>\n<li>Emplacement id\u00e9ale sur la rue pi\u00e9tonne Viale Dante, \u00e0 2 deux pas de la mer (120 mt.), dans le <strong>centre touristique<\/strong> et \u00e0 quelques pas du centre (400 mt).<\/li>\n<li>Gestion du propri\u00e9taire<\/li>\n<li>Copieux petit-d\u00e9jeuner buffet, sucr\u00e9 et sal\u00e9, avec g\u00e2teaux maison et boissons chaudes \u00e0 volont\u00e9.<\/li>\n<li>Excellente <strong>cuisine locale et italienne<\/strong>, avec d\u00e9jeuner et \/ ou d\u00eener avec un choix de 3 menus, un menu de poisson tous les jours et riche buffet de salades et de l\u00e9gumes.<\/li>\n<li>Eau aux repas inclus dans le prix<\/li>\n<li>Un <strong>d\u00eener typique de la Romagne<\/strong> avec buffet de desserts chaque semaine et des soir\u00e9es avec piano-bar<\/li>\n<li>Ap\u00e9ritif du dimanche<\/li>\n<li>Grande salle \u00e0 manger climatis\u00e9e<\/li>\n<li>Chambre avec tous les conforts<\/li>\n<li>Grandes salles et bars sur l\u2019avenue de la promenade du soir<\/li>\n<li>Ascenseur<\/li>\n<li>Salon avec coin TV et coin jeux pour enfants<\/li>\n<li>Journal disponible dans le hall<\/li>\n<li>Services pour les enfants<\/li>\n<li>Salle de sport avec <strong>\u00e9quipement Technogym<\/strong> et <strong>bain \u00e0 remous<\/strong> chauff\u00e9 \u00e0 32\u00b0<\/li>\n<li>Terrasse avec transats<\/li>\n<li>Internet Wifi fibre dans tout l\u2019h\u00f4tel<\/li>\n<li><strong>Piscine avec bain \u00e0 remous<\/strong>, cascade, programme de bien-\u00eatre, chaises longues et jeux pour enfants (\u00e0 20 mt.)<\/li>\n<li><strong>Parking\/garage<\/strong> (20 ou 100 m\u00e8tres)<\/li>\n<li>Utilisation gratuite de v\u00e9los, avec si\u00e8ges pour enfants<\/li>\n<li>Sur la plage : cabines, baby club, jeux pour enfants, animations, sup, etc.<\/li>\n<li>Les billets pour certains <strong>parcs \u00e0 th\u00e8me<\/strong> peuvent \u00eatre achet\u00e9s \u00e0 la r\u00e9ception de l\u2019h\u00f4tel, \u00e0 un tarif r\u00e9duit<\/li>\n<li>Petits animaux accept\u00e9s<\/li>\n<\/ul>\n<\/div><div class=\"fusion-separator fusion-full-width-sep\" style=\"align-self: center;margin-left: auto;margin-right: auto;margin-bottom:20px;width:100%;\"><\/div><\/div><\/div><div class=\"fusion-layout-column fusion_builder_column fusion-builder-column-3 fusion_builder_column_1_1 1_1 fusion-flex-column\" style=\"--awb-bg-size:cover;--awb-width-large:100%;--awb-margin-top-large:0px;--awb-spacing-right-large:1.92%;--awb-margin-bottom-large:0px;--awb-spacing-left-large:1.92%;--awb-width-medium:100%;--awb-order-medium:0;--awb-spacing-right-medium:1.92%;--awb-spacing-left-medium:1.92%;--awb-width-small:100%;--awb-order-small:0;--awb-spacing-right-small:1.92%;--awb-spacing-left-small:1.92%;\"><div class=\"fusion-column-wrapper fusion-column-has-shadow fusion-flex-justify-content-flex-start fusion-content-layout-column\"><div class=\"fusion-image-carousel fusion-image-carousel-auto fusion-image-carousel-1 fusion-carousel-border\"><div class=\"awb-carousel awb-swiper awb-swiper-carousel awb-carousel--carousel awb-swiper-dots-position-bottom\" data-layout=\"carousel\" data-autoplay=\"yes\" data-autoplayspeed=\"2500\" data-autoplaypause=\"no\" data-columns=\"3\" data-columnsmedium=\"1\" data-columnssmall=\"1\" data-itemmargin=\"10\" data-itemwidth=\"180\" data-touchscroll=\"no\" data-freemode=\"no\" data-imagesize=\"auto\" data-scrollitems=\"0\" data-centeredslides=\"no\" data-rotationangle=\"50\" data-depth=\"100\" data-speed=\"500\" data-shadow=\"no\" data-pagination=\"bullets\" style=\"--awb-columns:3;--awb-column-spacing:10px;--awb-border-width:1px;--awb-border-color:#e9eaee;\"><div class=\"swiper-wrapper awb-image-carousel-wrapper fusion-flex-align-items-center\"><div class=\"swiper-slide\"><div class=\"fusion-carousel-item-wrapper\"><div class=\"fusion-image-wrapper hover-type-none\"><img decoding=\"async\" width=\"1200\" height=\"800\" src=\"https:\/\/www.globushotel.it\/wp-content\/uploads\/2023\/02\/DSV9187.jpg\" class=\"attachment-full size-full lazyload\" alt=\"hotelglobus-cattolica_servizi\" srcset=\"data:image\/svg+xml,%3Csvg%20xmlns%3D%27http%3A%2F%2Fwww.w3.org%2F2000%2Fsvg%27%20width%3D%271200%27%20height%3D%27800%27%20viewBox%3D%270%200%201200%20800%27%3E%3Crect%20width%3D%271200%27%20height%3D%27800%27%20fill-opacity%3D%220%22%2F%3E%3C%2Fsvg%3E\" data-orig-src=\"https:\/\/www.globushotel.it\/wp-content\/uploads\/2023\/02\/DSV9187.jpg\" data-srcset=\"https:\/\/www.globushotel.it\/wp-content\/uploads\/2023\/02\/DSV9187-200x133.jpg 200w, https:\/\/www.globushotel.it\/wp-content\/uploads\/2023\/02\/DSV9187-400x267.jpg 400w, https:\/\/www.globushotel.it\/wp-content\/uploads\/2023\/02\/DSV9187-600x400.jpg 600w, https:\/\/www.globushotel.it\/wp-content\/uploads\/2023\/02\/DSV9187-800x533.jpg 800w, https:\/\/www.globushotel.it\/wp-content\/uploads\/2023\/02\/DSV9187.jpg 1200w\" data-sizes=\"auto\" \/><\/div><\/div><\/div><div class=\"swiper-slide\"><div class=\"fusion-carousel-item-wrapper\"><div class=\"fusion-image-wrapper hover-type-none\"><img decoding=\"async\" width=\"1200\" height=\"800\" src=\"https:\/\/www.globushotel.it\/wp-content\/uploads\/2023\/02\/Part.Drink02.jpg\" class=\"attachment-full size-full lazyload\" alt=\"hotelglobus-cattolica_servizi\" srcset=\"data:image\/svg+xml,%3Csvg%20xmlns%3D%27http%3A%2F%2Fwww.w3.org%2F2000%2Fsvg%27%20width%3D%271200%27%20height%3D%27800%27%20viewBox%3D%270%200%201200%20800%27%3E%3Crect%20width%3D%271200%27%20height%3D%27800%27%20fill-opacity%3D%220%22%2F%3E%3C%2Fsvg%3E\" data-orig-src=\"https:\/\/www.globushotel.it\/wp-content\/uploads\/2023\/02\/Part.Drink02.jpg\" data-srcset=\"https:\/\/www.globushotel.it\/wp-content\/uploads\/2023\/02\/Part.Drink02-200x133.jpg 200w, https:\/\/www.globushotel.it\/wp-content\/uploads\/2023\/02\/Part.Drink02-400x267.jpg 400w, https:\/\/www.globushotel.it\/wp-content\/uploads\/2023\/02\/Part.Drink02-600x400.jpg 600w, https:\/\/www.globushotel.it\/wp-content\/uploads\/2023\/02\/Part.Drink02-800x533.jpg 800w, https:\/\/www.globushotel.it\/wp-content\/uploads\/2023\/02\/Part.Drink02.jpg 1200w\" data-sizes=\"auto\" \/><\/div><\/div><\/div><div class=\"swiper-slide\"><div class=\"fusion-carousel-item-wrapper\"><div class=\"fusion-image-wrapper hover-type-none\"><img decoding=\"async\" width=\"2560\" height=\"1920\" src=\"data:image\/svg+xml,%3Csvg%20xmlns%3D%27http%3A%2F%2Fwww.w3.org%2F2000%2Fsvg%27%20width%3D%272560%27%20height%3D%271920%27%20viewBox%3D%270%200%202560%201920%27%3E%3Crect%20width%3D%272560%27%20height%3D%271920%27%20fill-opacity%3D%220%22%2F%3E%3C%2Fsvg%3E\" class=\"attachment-full size-full lazyload\" alt=\"hotelglobus-cattolica_ristorante\" data-orig-src=\"https:\/\/www.globushotel.it\/wp-content\/uploads\/2024\/03\/Depositphotos_358819486_XL-scaled-e1710671151154.jpg\" \/><\/div><\/div><\/div><\/div><div class=\"awb-swiper-button awb-swiper-button-prev\"><i class=\"awb-icon-angle-left\" aria-hidden=\"true\"><\/i><\/div><div class=\"awb-swiper-button awb-swiper-button-next\"><i class=\"awb-icon-angle-right\" aria-hidden=\"true\"><\/i><\/div><\/div><\/div><\/div><\/div><\/div><\/div><\/p>\n","protected":false},"excerpt":{"rendered":"","protected":false},"author":1,"featured_media":0,"parent":0,"menu_order":0,"comment_status":"closed","ping_status":"closed","template":"100-width.php","meta":{"_acf_changed":false,"footnotes":""},"class_list":["post-3544","page","type-page","status-publish","hentry"],"acf":[],"yoast_head":"<!-- This site is optimized with the Yoast SEO plugin v27.0 - https:\/\/yoast.com\/product\/yoast-seo-wordpress\/ -->\n<title>NOS SERVICES - Hotel 3 Stelle Cattolica - Hotel Globus - Hotel con piscina<\/title>\n<meta name=\"robots\" content=\"index, follow, max-snippet:-1, max-image-preview:large, max-video-preview:-1\" \/>\n<link rel=\"canonical\" href=\"https:\/\/www.globushotel.it\/servizi-hotel\/\" \/>\n<meta property=\"og:locale\" content=\"fr_FR\" \/>\n<meta property=\"og:type\" content=\"article\" \/>\n<meta property=\"og:title\" content=\"NOS SERVICES - Hotel 3 Stelle Cattolica - Hotel Globus - Hotel con piscina\" \/>\n<meta property=\"og:url\" content=\"https:\/\/www.globushotel.it\/servizi-hotel\/\" \/>\n<meta property=\"og:site_name\" content=\"Hotel 3 Stelle Cattolica - Hotel Globus - Hotel con piscina\" \/>\n<meta property=\"article:publisher\" content=\"https:\/\/www.facebook.com\/cattolicahotels\/\" \/>\n<meta property=\"article:modified_time\" content=\"2024-05-20T07:43:50+00:00\" \/>\n<meta name=\"twitter:card\" content=\"summary_large_image\" \/>\n<meta name=\"twitter:label1\" content=\"Dur\u00e9e de lecture estim\u00e9e\" \/>\n\t<meta name=\"twitter:data1\" content=\"14 minutes\" \/>\n<script type=\"application\/ld+json\" class=\"yoast-schema-graph\">{\"@context\":\"https:\/\/schema.org\",\"@graph\":[{\"@type\":\"WebPage\",\"@id\":\"https:\/\/www.globushotel.it\/servizi-hotel\/\",\"url\":\"https:\/\/www.globushotel.it\/servizi-hotel\/\",\"name\":\"NOS SERVICES - Hotel 3 Stelle Cattolica - Hotel Globus - Hotel con piscina\",\"isPartOf\":{\"@id\":\"https:\/\/www.globushotel.it\/#website\"},\"datePublished\":\"2022-04-11T06:56:38+00:00\",\"dateModified\":\"2024-05-20T07:43:50+00:00\",\"breadcrumb\":{\"@id\":\"https:\/\/www.globushotel.it\/servizi-hotel\/#breadcrumb\"},\"inLanguage\":\"fr-FR\",\"potentialAction\":[{\"@type\":\"ReadAction\",\"target\":[\"https:\/\/www.globushotel.it\/servizi-hotel\/\"]}]},{\"@type\":\"BreadcrumbList\",\"@id\":\"https:\/\/www.globushotel.it\/servizi-hotel\/#breadcrumb\",\"itemListElement\":[{\"@type\":\"ListItem\",\"position\":1,\"name\":\"Home\",\"item\":\"https:\/\/www.globushotel.it\/fr\/\"},{\"@type\":\"ListItem\",\"position\":2,\"name\":\"NOS SERVICES\"}]},{\"@type\":\"WebSite\",\"@id\":\"https:\/\/www.globushotel.it\/#website\",\"url\":\"https:\/\/www.globushotel.it\/\",\"name\":\"Hotel 3 Stelle Cattolica - Hotel Globus - Hotel con piscina\",\"description\":\"Hotel 3 Stelle Cattolica - Hotel Globus - Hotel con piscina\",\"potentialAction\":[{\"@type\":\"SearchAction\",\"target\":{\"@type\":\"EntryPoint\",\"urlTemplate\":\"https:\/\/www.globushotel.it\/?s={search_term_string}\"},\"query-input\":{\"@type\":\"PropertyValueSpecification\",\"valueRequired\":true,\"valueName\":\"search_term_string\"}}],\"inLanguage\":\"fr-FR\"}]}<\/script>\n<!-- \/ Yoast SEO plugin. -->","yoast_head_json":{"title":"NOS SERVICES - Hotel 3 Stelle Cattolica - Hotel Globus - Hotel con piscina","robots":{"index":"index","follow":"follow","max-snippet":"max-snippet:-1","max-image-preview":"max-image-preview:large","max-video-preview":"max-video-preview:-1"},"canonical":"https:\/\/www.globushotel.it\/servizi-hotel\/","og_locale":"fr_FR","og_type":"article","og_title":"NOS SERVICES - Hotel 3 Stelle Cattolica - Hotel Globus - Hotel con piscina","og_url":"https:\/\/www.globushotel.it\/servizi-hotel\/","og_site_name":"Hotel 3 Stelle Cattolica - Hotel Globus - Hotel con piscina","article_publisher":"https:\/\/www.facebook.com\/cattolicahotels\/","article_modified_time":"2024-05-20T07:43:50+00:00","twitter_card":"summary_large_image","twitter_misc":{"Dur\u00e9e de lecture estim\u00e9e":"14 minutes"},"schema":{"@context":"https:\/\/schema.org","@graph":[{"@type":"WebPage","@id":"https:\/\/www.globushotel.it\/servizi-hotel\/","url":"https:\/\/www.globushotel.it\/servizi-hotel\/","name":"NOS SERVICES - Hotel 3 Stelle Cattolica - Hotel Globus - Hotel con piscina","isPartOf":{"@id":"https:\/\/www.globushotel.it\/#website"},"datePublished":"2022-04-11T06:56:38+00:00","dateModified":"2024-05-20T07:43:50+00:00","breadcrumb":{"@id":"https:\/\/www.globushotel.it\/servizi-hotel\/#breadcrumb"},"inLanguage":"fr-FR","potentialAction":[{"@type":"ReadAction","target":["https:\/\/www.globushotel.it\/servizi-hotel\/"]}]},{"@type":"BreadcrumbList","@id":"https:\/\/www.globushotel.it\/servizi-hotel\/#breadcrumb","itemListElement":[{"@type":"ListItem","position":1,"name":"Home","item":"https:\/\/www.globushotel.it\/fr\/"},{"@type":"ListItem","position":2,"name":"NOS SERVICES"}]},{"@type":"WebSite","@id":"https:\/\/www.globushotel.it\/#website","url":"https:\/\/www.globushotel.it\/","name":"Hotel 3 Stelle Cattolica - Hotel Globus - Hotel con piscina","description":"Hotel 3 Stelle Cattolica - Hotel Globus - Hotel con piscina","potentialAction":[{"@type":"SearchAction","target":{"@type":"EntryPoint","urlTemplate":"https:\/\/www.globushotel.it\/?s={search_term_string}"},"query-input":{"@type":"PropertyValueSpecification","valueRequired":true,"valueName":"search_term_string"}}],"inLanguage":"fr-FR"}]}},"_links":{"self":[{"href":"https:\/\/www.globushotel.it\/fr\/wp-json\/wp\/v2\/pages\/3544","targetHints":{"allow":["GET"]}}],"collection":[{"href":"https:\/\/www.globushotel.it\/fr\/wp-json\/wp\/v2\/pages"}],"about":[{"href":"https:\/\/www.globushotel.it\/fr\/wp-json\/wp\/v2\/types\/page"}],"author":[{"embeddable":true,"href":"https:\/\/www.globushotel.it\/fr\/wp-json\/wp\/v2\/users\/1"}],"replies":[{"embeddable":true,"href":"https:\/\/www.globushotel.it\/fr\/wp-json\/wp\/v2\/comments?post=3544"}],"version-history":[{"count":8,"href":"https:\/\/www.globushotel.it\/fr\/wp-json\/wp\/v2\/pages\/3544\/revisions"}],"predecessor-version":[{"id":4718,"href":"https:\/\/www.globushotel.it\/fr\/wp-json\/wp\/v2\/pages\/3544\/revisions\/4718"}],"wp:attachment":[{"href":"https:\/\/www.globushotel.it\/fr\/wp-json\/wp\/v2\/media?parent=3544"}],"curies":[{"name":"wp","href":"https:\/\/api.w.org\/{rel}","templated":true}]}}