{"id":3635,"date":"2020-05-06T19:25:50","date_gmt":"2020-05-06T17:25:50","guid":{"rendered":"https:\/\/globushotel.it\/preise\/"},"modified":"2026-03-02T18:20:28","modified_gmt":"2026-03-02T17:20:28","slug":"prezzi","status":"publish","type":"page","link":"https:\/\/www.globushotel.it\/de\/prezzi\/","title":{"rendered":"PREISE"},"content":{"rendered":"<div class=\"fusion-fullwidth fullwidth-box fusion-builder-row-1 fusion-flex-container nonhundred-percent-fullwidth non-hundred-percent-height-scrolling\" style=\"--awb-border-radius-top-left:0px;--awb-border-radius-top-right:0px;--awb-border-radius-bottom-right:0px;--awb-border-radius-bottom-left:0px;--awb-flex-wrap:wrap;\" ><div class=\"fusion-builder-row fusion-row fusion-flex-align-items-flex-start fusion-flex-content-wrap\" style=\"max-width:1435.2px;margin-left: calc(-4% \/ 2 );margin-right: calc(-4% \/ 2 );\"><div class=\"fusion-layout-column fusion_builder_column fusion-builder-column-0 fusion_builder_column_1_1 1_1 fusion-flex-column\" style=\"--awb-bg-size:cover;--awb-width-large:100%;--awb-margin-top-large:0px;--awb-spacing-right-large:1.92%;--awb-margin-bottom-large:0px;--awb-spacing-left-large:1.92%;--awb-width-medium:100%;--awb-spacing-right-medium:1.92%;--awb-spacing-left-medium:1.92%;--awb-width-small:100%;--awb-spacing-right-small:1.92%;--awb-spacing-left-small:1.92%;\"><div class=\"fusion-column-wrapper fusion-column-has-shadow fusion-flex-justify-content-flex-start fusion-content-layout-column\"><div class=\"fusion-title title fusion-title-1 fusion-title-text fusion-title-size-two\"><div class=\"title-sep-container title-sep-container-left fusion-no-large-visibility fusion-no-medium-visibility fusion-no-small-visibility\"><div class=\"title-sep sep- sep-solid\" style=\"border-color:#e0dede;\"><\/div><\/div><span class=\"awb-title-spacer fusion-no-large-visibility fusion-no-medium-visibility fusion-no-small-visibility\"><\/span><h2 class=\"fusion-title-heading title-heading-left\" style=\"margin:0;\">PREISLISTE 2026<\/h2><span class=\"awb-title-spacer\"><\/span><div class=\"title-sep-container title-sep-container-right\"><div class=\"title-sep sep- sep-solid\" style=\"border-color:#e0dede;\"><\/div><\/div><\/div><div class=\"fusion-separator\" style=\"align-self: flex-start;margin-right:auto;margin-top:0px;margin-bottom:100px;width:100%;max-width:170px;\"><div class=\"fusion-separator-border sep-single sep-solid\" style=\"--awb-height:20px;--awb-amount:20px;--awb-sep-color:#d2b661;border-color:#d2b661;border-top-width:3px;\"><\/div><\/div>\n<table id=\"tablepress-5\" class=\"tablepress tablepress-id-5\">\n<thead>\n<tr class=\"row-1\">\n\t<td class=\"column-1\"><\/td><th class=\"column-2\">Halbpension<\/th><th class=\"column-3\">Vollpension<\/th><th class=\"column-4\">All Inclusive<\/th>\n<\/tr>\n<\/thead>\n<tbody class=\"row-striping row-hover\">\n<tr class=\"row-2\">\n\t<td class=\"column-1\"><b>23.05 \u2022 06.06 *<\/b><\/td><td class=\"column-2\">\u20ac. 49,00<\/td><td class=\"column-3\">\u20ac. 53,00<\/td><td class=\"column-4\">\u20ac. 63,00<\/td>\n<\/tr>\n<tr class=\"row-3\">\n\t<td class=\"column-1\"><b>06.06 \u2022 13.06<\/b><\/td><td class=\"column-2\">\u20ac. 49,00<\/td><td class=\"column-3\">\u20ac. 53,00<\/td><td class=\"column-4\">\u20ac. 64,00<\/td>\n<\/tr>\n<tr class=\"row-4\">\n\t<td class=\"column-1\"><b>13.06 \u2022 20.06<\/b><\/td><td class=\"column-2\">\u20ac. 56,00<\/td><td class=\"column-3\">\u20ac. 60,00<\/td><td class=\"column-4\">\u20ac. 72,50<\/td>\n<\/tr>\n<tr class=\"row-5\">\n\t<td class=\"column-1\"><b>20.06 \u2022 27.06<\/b><\/td><td class=\"column-2\">\u20ac. 61,00<\/td><td class=\"column-3\">\u20ac. 65,00<\/td><td class=\"column-4\">\u20ac. 77,50<\/td>\n<\/tr>\n<tr class=\"row-6\">\n\t<td class=\"column-1\"><b>27.06 \u2022 04.07<\/b><\/td><td class=\"column-2\">\u20ac. 64,00<\/td><td class=\"column-3\">\u20ac. 68,00<\/td><td class=\"column-4\">\u20ac. 81,50<\/td>\n<\/tr>\n<tr class=\"row-7\">\n\t<td class=\"column-1\"><b>04.07 \u2022 01.08<\/b><\/td><td class=\"column-2\">\u20ac. 68,00<\/td><td class=\"column-3\">\u20ac. 72,00<\/td><td class=\"column-4\">\u20ac. 85,50<\/td>\n<\/tr>\n<tr class=\"row-8\">\n\t<td class=\"column-1\"><b>01.08 \u2022 08.08<\/b><\/td><td class=\"column-2\">\u20ac. 72,00<\/td><td class=\"column-3\">\u20ac. 76,00<\/td><td class=\"column-4\">\u20ac. 91,00<\/td>\n<\/tr>\n<tr class=\"row-9\">\n\t<td class=\"column-1\"><b>08.08 \u2022 22.08<\/b><\/td><td class=\"column-2\">\u20ac. 90,00<\/td><td class=\"column-3\">\u20ac. 94,00<\/td><td class=\"column-4\">\u20ac. 110,00<\/td>\n<\/tr>\n<tr class=\"row-10\">\n\t<td class=\"column-1\"><b>22.08 \u2022 29.08<\/b><\/td><td class=\"column-2\">\u20ac. 68,00<\/td><td class=\"column-3\">\u20ac. 72,00<\/td><td class=\"column-4\">\u20ac. 87,50<\/td>\n<\/tr>\n<tr class=\"row-11\">\n\t<td class=\"column-1\"><b>29.08 \u2022 05.09<\/b><\/td><td class=\"column-2\">\u20ac. 56,00<\/td><td class=\"column-3\">\u20ac. 60,00<\/td><td class=\"column-4\">\u20ac. 73,00<\/td>\n<\/tr>\n<tr class=\"row-12\">\n\t<td class=\"column-1\"><b>05.09 \u2022 20.09 *<\/b><\/td><td class=\"column-2\">\u20ac. 49,00<\/td><td class=\"column-3\">\u20ac. 53,00<\/td><td class=\"column-4\">\u20ac. 63,00<\/td>\n<\/tr>\n<\/tbody>\n<\/table>\n<!-- #tablepress-5 from cache --><div class=\"fusion-separator fusion-full-width-sep\" style=\"align-self: center;margin-left: auto;margin-right: auto;margin-top:10px;margin-bottom:20px;width:100%;\"><div class=\"fusion-separator-border sep-single sep-solid\" style=\"--awb-height:20px;--awb-amount:20px;border-color:#e0dede;border-top-width:1px;\"><\/div><\/div><div class=\"fusion-text fusion-text-1\"><p><strong>Die Preise verstehen sich pro Tag und Person bei einem Mindestaufenthalt von 3 Tagen (ausgenommen ob nur Wochenende 2.6).<\/strong><\/p>\n<p>\u2022 \u00dcbernachtung mit Fr\u00fchst\u00fcck 30 % Erm\u00e4\u00dfigung auf Vollpension.<br \/>\n\u2022 Die <strong>All-Inclusive<\/strong>-Formel ist f\u00fcr einen Mindestaufenthalt von 7 Tagen und 2 Personen vorgesehen. Beinhaltet: Vollpension plus Wasser und \u00bc Liter. Wein oder alkoholfreie Getr\u00e4nke aus der Region pro Mahlzeit und Person sowie 1 Sonnenschirm und 2 Sonnenliegen am Strand ab der 4. Reihe pro Zimmer.<\/p>\n<\/div><div class=\"fusion-text fusion-text-2\"><p><strong> * AKTIONSWOCHEN<\/strong>: vom 23.05. bis 30.05. und vom 12.09. bis 20.09., pro Person und Woche:<br \/>\n\u2022 mit Halbpension \u20ac. 315,00<br \/>\n\u2022 mit Vollpension \u20ac. 343,00<br \/>\n\u2022 mit All Inclusive \u20ac. 413,00 (nicht kombinierbar mit Free Holiday).<\/p>\n<\/div><\/div><\/div><div class=\"fusion-layout-column fusion_builder_column fusion-builder-column-1 fusion_builder_column_1_1 1_1 fusion-flex-column\" style=\"--awb-bg-size:cover;--awb-width-large:100%;--awb-margin-top-large:0px;--awb-spacing-right-large:1.92%;--awb-margin-bottom-large:0px;--awb-spacing-left-large:1.92%;--awb-width-medium:100%;--awb-spacing-right-medium:1.92%;--awb-spacing-left-medium:1.92%;--awb-width-small:100%;--awb-spacing-right-small:1.92%;--awb-spacing-left-small:1.92%;\"><div class=\"fusion-column-wrapper fusion-column-has-shadow fusion-flex-justify-content-flex-start fusion-content-layout-column\"><div class=\"fusion-title title fusion-title-2 fusion-title-text fusion-title-size-two\"><div class=\"title-sep-container title-sep-container-left fusion-no-large-visibility fusion-no-medium-visibility fusion-no-small-visibility\"><div class=\"title-sep sep- sep-solid\" style=\"border-color:#e0dede;\"><\/div><\/div><span class=\"awb-title-spacer fusion-no-large-visibility fusion-no-medium-visibility fusion-no-small-visibility\"><\/span><h2 class=\"fusion-title-heading title-heading-left\" style=\"margin:0;\">DIE PREISE BEINHALTEN<\/h2><span class=\"awb-title-spacer\"><\/span><div class=\"title-sep-container title-sep-container-right\"><div class=\"title-sep sep- sep-solid\" style=\"border-color:#e0dede;\"><\/div><\/div><\/div><div class=\"fusion-text fusion-text-3\"><p>\u2022 Unterbringung in einem Zimmer mit allem Komfort: eigenes Bad, Haartrockner, Telefon, LED-Sat-TV, Safe, Minik\u00fchlschrank, Deckenventilator, Heizung, Klimaanlage (gegen Aufpreis), Balkon<br \/>\n\u2022 Fr\u00fchst\u00fccksb\u00fcffet<br \/>\n\u2022 Mittag- und Abendessen mit Salat- und Gem\u00fcsebuffet<br \/>\n\u2022 3 Men\u00fcs zur Auswahl (t\u00e4glich Fisch), Wasser zu den Mahlzeiten<br \/>\n\u2022 Aperitif am Sonntag<br \/>\n\u2022 Alle 1 bis 2 Wochen ein Abend mit Pianobar<br \/>\n\u2022 Ein typisches romagnolisches Abendessen mit Dessertbuffets pro Woche<br \/>\n\u2022 Klimatisierter Speisesaal<br \/>\n\u2022 Drahtloses Glasfaser-Internet im gesamten Hotel<br \/>\n\u2022 Bar an der Promenade<br \/>\n\u2022 Solarium mit Sonnenliegen<br \/>\n\u2022 Fitnessraum und mehrfach beheizte Hydromassage<br \/>\n\u2022 Schwimmbad mit Hydromassage, Wasserfall, Wellnesspfad und Sonnenliegen (20 m entfernt)<br \/>\n\u2022 Parkplatz und Garage<br \/>\n\u2022 Kostenlose Nutzung von Fahrr\u00e4dern<br \/>\n\u2022 H\u00fctten, Babysitter, Spiele f\u00fcr Kinder, Unterhaltung usw. am Strand<\/p>\n<\/div><div class=\"fusion-separator fusion-full-width-sep\" style=\"align-self: center;margin-left: auto;margin-right: auto;margin-top:10px;margin-bottom:20px;width:100%;\"><div class=\"fusion-separator-border sep-single sep-solid\" style=\"--awb-height:20px;--awb-amount:20px;border-color:#e0dede;border-top-width:1px;\"><\/div><\/div><\/div><\/div><div class=\"fusion-layout-column fusion_builder_column fusion-builder-column-2 fusion_builder_column_1_1 1_1 fusion-flex-column\" style=\"--awb-bg-size:cover;--awb-width-large:100%;--awb-margin-top-large:0px;--awb-spacing-right-large:1.92%;--awb-margin-bottom-large:0px;--awb-spacing-left-large:1.92%;--awb-width-medium:100%;--awb-spacing-right-medium:1.92%;--awb-spacing-left-medium:1.92%;--awb-width-small:100%;--awb-spacing-right-small:1.92%;--awb-spacing-left-small:1.92%;\"><div class=\"fusion-column-wrapper fusion-column-has-shadow fusion-flex-justify-content-flex-start fusion-content-layout-column\"><div class=\"fusion-title title fusion-title-3 fusion-title-text fusion-title-size-two\"><div class=\"title-sep-container title-sep-container-left fusion-no-large-visibility fusion-no-medium-visibility fusion-no-small-visibility\"><div class=\"title-sep sep- sep-solid\" style=\"border-color:#e0dede;\"><\/div><\/div><span class=\"awb-title-spacer fusion-no-large-visibility fusion-no-medium-visibility fusion-no-small-visibility\"><\/span><h2 class=\"fusion-title-heading title-heading-left\" style=\"margin:0;\">VERKLEINERUNGEN<\/h2><span class=\"awb-title-spacer\"><\/span><div class=\"title-sep-container title-sep-container-right\"><div class=\"title-sep sep- sep-solid\" style=\"border-color:#e0dede;\"><\/div><\/div><\/div><div class=\"fusion-text fusion-text-4\"><p><strong> Familienangebot<\/strong> f\u00fcr Kinder im Zimmer mit 2 Erwachsenen:<br \/>\n\u2022 bis 2 Jahre 70 % (ausgenommen 08.08. bis 22.08.)<br \/>\n\u2022 von 3 bis 12 Jahren 50 %<br \/>\n\u2022 dritte und vierte Person im Zimmer 30 %<br \/>\n<strong>Kostenloser Urlaub<\/strong> f\u00fcr ein Kind bis 5 Jahre vom 23.05. bis 13.06. und vom 06.09. (ausgenommen ob nur Wochenende 2.6)<\/p>\n<\/div><div class=\"fusion-separator fusion-full-width-sep\" style=\"align-self: center;margin-left: auto;margin-right: auto;margin-top:10px;margin-bottom:20px;width:100%;\"><div class=\"fusion-separator-border sep-single sep-solid\" style=\"--awb-height:20px;--awb-amount:20px;border-color:#e0dede;border-top-width:1px;\"><\/div><\/div><\/div><\/div><div class=\"fusion-layout-column fusion_builder_column fusion-builder-column-3 fusion_builder_column_1_1 1_1 fusion-flex-column\" style=\"--awb-bg-size:cover;--awb-width-large:100%;--awb-margin-top-large:0px;--awb-spacing-right-large:1.92%;--awb-margin-bottom-large:0px;--awb-spacing-left-large:1.92%;--awb-width-medium:100%;--awb-spacing-right-medium:1.92%;--awb-spacing-left-medium:1.92%;--awb-width-small:100%;--awb-spacing-right-small:1.92%;--awb-spacing-left-small:1.92%;\"><div class=\"fusion-column-wrapper fusion-column-has-shadow fusion-flex-justify-content-flex-start fusion-content-layout-column\"><div class=\"fusion-title title fusion-title-4 fusion-title-text fusion-title-size-two\"><div class=\"title-sep-container title-sep-container-left fusion-no-large-visibility fusion-no-medium-visibility fusion-no-small-visibility\"><div class=\"title-sep sep- sep-solid\" style=\"border-color:#e0dede;\"><\/div><\/div><span class=\"awb-title-spacer fusion-no-large-visibility fusion-no-medium-visibility fusion-no-small-visibility\"><\/span><h2 class=\"fusion-title-heading title-heading-left\" style=\"margin:0;\">ERG\u00c4NZUNGEN<\/h2><span class=\"awb-title-spacer\"><\/span><div class=\"title-sep-container title-sep-container-right\"><div class=\"title-sep sep- sep-solid\" style=\"border-color:#e0dede;\"><\/div><\/div><\/div><div class=\"fusion-text fusion-text-5\"><p>\u2022 Einzelzimmer \u20ac 10,00 pro Tag<br \/>\n\u2022 Doppel als Einzel, von plus \u20ac 10 bis plus \u20ac 27 pro Tag<br \/>\n\u2022 Klimaanlage im Zimmer \u20ac 4,00 pro Zimmer<\/p>\n<\/div><div class=\"fusion-separator fusion-full-width-sep\" style=\"align-self: center;margin-left: auto;margin-right: auto;margin-top:10px;margin-bottom:20px;width:100%;\"><div class=\"fusion-separator-border sep-single sep-solid\" style=\"--awb-height:20px;--awb-amount:20px;border-color:#e0dede;border-top-width:1px;\"><\/div><\/div><div class=\"fusion-text fusion-text-6\"><p>Nicht eingenommene Mahlzeiten werden nicht abgezogen, sondern auf Wunsch durch einen Reisekorb ersetzt.<\/p>\n<p><strong>Die Kurtaxe ist nicht im Preis inbegriffen<\/strong><\/p>\n<\/div><\/div><\/div><\/div><\/div>\n","protected":false},"excerpt":{"rendered":"","protected":false},"author":1,"featured_media":0,"parent":0,"menu_order":0,"comment_status":"closed","ping_status":"closed","template":"","meta":{"_acf_changed":false,"footnotes":""},"class_list":["post-3635","page","type-page","status-publish","hentry"],"acf":[],"yoast_head":"<!-- This site is optimized with the Yoast SEO plugin v27.0 - https:\/\/yoast.com\/product\/yoast-seo-wordpress\/ -->\n<title>PREISE - Hotel 3 Stelle Cattolica - Hotel Globus - Hotel con piscina<\/title>\n<meta name=\"robots\" content=\"index, follow, max-snippet:-1, max-image-preview:large, max-video-preview:-1\" \/>\n<link rel=\"canonical\" href=\"https:\/\/www.globushotel.it\/de\/prezzi\/\" \/>\n<meta property=\"og:locale\" content=\"de_DE\" \/>\n<meta property=\"og:type\" content=\"article\" \/>\n<meta property=\"og:title\" content=\"PREISE - Hotel 3 Stelle Cattolica - Hotel Globus - Hotel con piscina\" \/>\n<meta property=\"og:url\" content=\"https:\/\/www.globushotel.it\/de\/prezzi\/\" \/>\n<meta property=\"og:site_name\" content=\"Hotel 3 Stelle Cattolica - Hotel Globus - Hotel con piscina\" \/>\n<meta property=\"article:publisher\" content=\"https:\/\/www.facebook.com\/cattolicahotels\/\" \/>\n<meta property=\"article:modified_time\" content=\"2026-03-02T17:20:28+00:00\" \/>\n<meta name=\"twitter:card\" content=\"summary_large_image\" \/>\n<meta name=\"twitter:label1\" content=\"Gesch\u00e4tzte Lesezeit\" \/>\n\t<meta name=\"twitter:data1\" content=\"3\u00a0Minuten\" \/>\n<script type=\"application\/ld+json\" class=\"yoast-schema-graph\">{\"@context\":\"https:\/\/schema.org\",\"@graph\":[{\"@type\":\"WebPage\",\"@id\":\"https:\/\/www.globushotel.it\/de\/prezzi\/\",\"url\":\"https:\/\/www.globushotel.it\/de\/prezzi\/\",\"name\":\"PREISE - Hotel 3 Stelle Cattolica - Hotel Globus - Hotel con piscina\",\"isPartOf\":{\"@id\":\"https:\/\/www.globushotel.it\/#website\"},\"datePublished\":\"2020-05-06T17:25:50+00:00\",\"dateModified\":\"2026-03-02T17:20:28+00:00\",\"breadcrumb\":{\"@id\":\"https:\/\/www.globushotel.it\/de\/prezzi\/#breadcrumb\"},\"inLanguage\":\"de\",\"potentialAction\":[{\"@type\":\"ReadAction\",\"target\":[\"https:\/\/www.globushotel.it\/de\/prezzi\/\"]}]},{\"@type\":\"BreadcrumbList\",\"@id\":\"https:\/\/www.globushotel.it\/de\/prezzi\/#breadcrumb\",\"itemListElement\":[{\"@type\":\"ListItem\",\"position\":1,\"name\":\"Home\",\"item\":\"https:\/\/www.globushotel.it\/de\/\"},{\"@type\":\"ListItem\",\"position\":2,\"name\":\"PREISE\"}]},{\"@type\":\"WebSite\",\"@id\":\"https:\/\/www.globushotel.it\/#website\",\"url\":\"https:\/\/www.globushotel.it\/\",\"name\":\"Hotel 3 Stelle Cattolica - Hotel Globus - Hotel con piscina\",\"description\":\"Hotel 3 Stelle Cattolica - Hotel Globus - Hotel con piscina\",\"potentialAction\":[{\"@type\":\"SearchAction\",\"target\":{\"@type\":\"EntryPoint\",\"urlTemplate\":\"https:\/\/www.globushotel.it\/?s={search_term_string}\"},\"query-input\":{\"@type\":\"PropertyValueSpecification\",\"valueRequired\":true,\"valueName\":\"search_term_string\"}}],\"inLanguage\":\"de\"}]}<\/script>\n<!-- \/ Yoast SEO plugin. -->","yoast_head_json":{"title":"PREISE - Hotel 3 Stelle Cattolica - Hotel Globus - Hotel con piscina","robots":{"index":"index","follow":"follow","max-snippet":"max-snippet:-1","max-image-preview":"max-image-preview:large","max-video-preview":"max-video-preview:-1"},"canonical":"https:\/\/www.globushotel.it\/de\/prezzi\/","og_locale":"de_DE","og_type":"article","og_title":"PREISE - Hotel 3 Stelle Cattolica - Hotel Globus - Hotel con piscina","og_url":"https:\/\/www.globushotel.it\/de\/prezzi\/","og_site_name":"Hotel 3 Stelle Cattolica - Hotel Globus - Hotel con piscina","article_publisher":"https:\/\/www.facebook.com\/cattolicahotels\/","article_modified_time":"2026-03-02T17:20:28+00:00","twitter_card":"summary_large_image","twitter_misc":{"Gesch\u00e4tzte Lesezeit":"3\u00a0Minuten"},"schema":{"@context":"https:\/\/schema.org","@graph":[{"@type":"WebPage","@id":"https:\/\/www.globushotel.it\/de\/prezzi\/","url":"https:\/\/www.globushotel.it\/de\/prezzi\/","name":"PREISE - Hotel 3 Stelle Cattolica - Hotel Globus - Hotel con piscina","isPartOf":{"@id":"https:\/\/www.globushotel.it\/#website"},"datePublished":"2020-05-06T17:25:50+00:00","dateModified":"2026-03-02T17:20:28+00:00","breadcrumb":{"@id":"https:\/\/www.globushotel.it\/de\/prezzi\/#breadcrumb"},"inLanguage":"de","potentialAction":[{"@type":"ReadAction","target":["https:\/\/www.globushotel.it\/de\/prezzi\/"]}]},{"@type":"BreadcrumbList","@id":"https:\/\/www.globushotel.it\/de\/prezzi\/#breadcrumb","itemListElement":[{"@type":"ListItem","position":1,"name":"Home","item":"https:\/\/www.globushotel.it\/de\/"},{"@type":"ListItem","position":2,"name":"PREISE"}]},{"@type":"WebSite","@id":"https:\/\/www.globushotel.it\/#website","url":"https:\/\/www.globushotel.it\/","name":"Hotel 3 Stelle Cattolica - Hotel Globus - Hotel con piscina","description":"Hotel 3 Stelle Cattolica - Hotel Globus - Hotel con piscina","potentialAction":[{"@type":"SearchAction","target":{"@type":"EntryPoint","urlTemplate":"https:\/\/www.globushotel.it\/?s={search_term_string}"},"query-input":{"@type":"PropertyValueSpecification","valueRequired":true,"valueName":"search_term_string"}}],"inLanguage":"de"}]}},"_links":{"self":[{"href":"https:\/\/www.globushotel.it\/de\/wp-json\/wp\/v2\/pages\/3635","targetHints":{"allow":["GET"]}}],"collection":[{"href":"https:\/\/www.globushotel.it\/de\/wp-json\/wp\/v2\/pages"}],"about":[{"href":"https:\/\/www.globushotel.it\/de\/wp-json\/wp\/v2\/types\/page"}],"author":[{"embeddable":true,"href":"https:\/\/www.globushotel.it\/de\/wp-json\/wp\/v2\/users\/1"}],"replies":[{"embeddable":true,"href":"https:\/\/www.globushotel.it\/de\/wp-json\/wp\/v2\/comments?post=3635"}],"version-history":[{"count":13,"href":"https:\/\/www.globushotel.it\/de\/wp-json\/wp\/v2\/pages\/3635\/revisions"}],"predecessor-version":[{"id":5045,"href":"https:\/\/www.globushotel.it\/de\/wp-json\/wp\/v2\/pages\/3635\/revisions\/5045"}],"wp:attachment":[{"href":"https:\/\/www.globushotel.it\/de\/wp-json\/wp\/v2\/media?parent=3635"}],"curies":[{"name":"wp","href":"https:\/\/api.w.org\/{rel}","templated":true}]}}