{"id":3470,"date":"2021-04-20T12:58:20","date_gmt":"2021-04-20T10:58:20","guid":{"rendered":"https:\/\/globushotel.it\/schwimmbad-und-wellness\/"},"modified":"2024-03-22T20:43:40","modified_gmt":"2024-03-22T19:43:40","slug":"schwimmbad-und-wellness","status":"publish","type":"page","link":"https:\/\/www.globushotel.it\/de\/schwimmbad-und-wellness\/","title":{"rendered":"SCHWIMMBAD UND WELLNESS"},"content":{"rendered":"<p><div class=\"fusion-fullwidth fullwidth-box fusion-builder-row-1 fusion-flex-container has-pattern-background has-mask-background nonhundred-percent-fullwidth non-hundred-percent-height-scrolling\" style=\"--awb-background-position:left top;--awb-border-sizes-top:0px;--awb-border-sizes-bottom:0px;--awb-border-sizes-left:0px;--awb-border-sizes-right:0px;--awb-border-radius-top-left:0px;--awb-border-radius-top-right:0px;--awb-border-radius-bottom-right:0px;--awb-border-radius-bottom-left:0px;--awb-padding-top:50px;--awb-padding-bottom:50px;--awb-flex-wrap:wrap;\" ><div class=\"fusion-builder-row fusion-row fusion-flex-align-items-flex-start fusion-flex-content-wrap\" style=\"max-width:1435.2px;margin-left: calc(-4% \/ 2 );margin-right: calc(-4% \/ 2 );\"><div class=\"fusion-layout-column fusion_builder_column fusion-builder-column-0 fusion_builder_column_1_2 1_2 fusion-flex-column\" style=\"--awb-bg-size:cover;--awb-width-large:50%;--awb-margin-top-large:0px;--awb-spacing-right-large:5.12%;--awb-margin-bottom-large:0px;--awb-spacing-left-large:3.84%;--awb-width-medium:100%;--awb-spacing-right-medium:1.92%;--awb-spacing-left-medium:1.92%;--awb-width-small:100%;--awb-spacing-right-small:1.92%;--awb-spacing-left-small:1.92%;\"><div class=\"fusion-column-wrapper fusion-flex-justify-content-flex-start fusion-content-layout-column\"><div class=\"fusion-text fusion-text-1\"><h2>DAS SCHWIMMBAD DES HOTELS<\/h2>\n<\/div><div class=\"fusion-separator\" style=\"align-self: flex-start;margin-right:auto;margin-top:0px;margin-bottom:35px;width:100%;max-width:170px;\"><div class=\"fusion-separator-border sep-single sep-solid\" style=\"--awb-height:20px;--awb-amount:20px;--awb-sep-color:#d2b661;border-color:#d2b661;border-top-width:3px;\"><\/div><\/div><div class=\"fusion-text fusion-text-2\"><p><strong>3-Sterne-Hotel Cattolica mit Schwimmbad, Fitnessraum und beheiztem Whirlpool.<\/strong><\/p>\n<p>Entspannen Sie K\u00f6rper und Geist bei einem Urlaub voller Wellness, Spa\u00df und Emotionen.<\/p>\n<p>Verf\u00fcgbar f\u00fcr die G\u00e4ste des Hotels Globus, in unserer Residence Cristel, 20 mt. vom Hotel aus bef<strong>indet sich unser Schwimmbad. G\u00f6nnen Sie sich wohltuende Momente der Entspannung<\/strong> in unserem Infinity-Pool (H\u00f6he 120 cm) mit Jet-Wasserfall, Wellness-Pfad und mit einer Ecke, die dem Whirlpool gewidmet ist (H\u00f6he 80 cm). Ideal f\u00fcr Erwachsene und Kinder, wo Sie sich auf den Sonnenliegen in der <strong>Sonne entspannen<\/strong>, schwimmen und sich zwischendurch in unserem Whirlpool abk\u00fchlen k\u00f6nnen oder lassen Sie Kinder Spa\u00df im Wasser haben. Angrenzend an den Pool gibt es auch einen Spielplatz, um die Kleinen zu unterhalten.<\/p>\n<\/div><\/div><\/div><div class=\"fusion-layout-column fusion_builder_column fusion-builder-column-1 fusion_builder_column_1_2 1_2 fusion-flex-column\" style=\"--awb-bg-size:cover;--awb-width-large:50%;--awb-margin-top-large:0px;--awb-spacing-right-large:3.84%;--awb-margin-bottom-large:0px;--awb-spacing-left-large:2.56%;--awb-width-medium:100%;--awb-spacing-right-medium:1.92%;--awb-spacing-left-medium:1.92%;--awb-width-small:100%;--awb-spacing-right-small:1.92%;--awb-spacing-left-small:1.92%;\"><div class=\"fusion-column-wrapper fusion-flex-justify-content-flex-start fusion-content-layout-column\"><div class=\"fusion-image-element \" style=\"--awb-caption-title-font-family:var(--h2_typography-font-family);--awb-caption-title-font-weight:var(--h2_typography-font-weight);--awb-caption-title-font-style:var(--h2_typography-font-style);--awb-caption-title-size:var(--h2_typography-font-size);--awb-caption-title-transform:var(--h2_typography-text-transform);--awb-caption-title-line-height:var(--h2_typography-line-height);--awb-caption-title-letter-spacing:var(--h2_typography-letter-spacing);\"><span class=\" fusion-imageframe imageframe-none imageframe-1 hover-type-zoomin fusion-animated\" data-animationType=\"fadeInDown\" data-animationDuration=\"1.0\" data-animationOffset=\"top-into-view\"><img decoding=\"async\" width=\"1200\" height=\"900\" alt=\"hotelglobus-cattolica_piscina\" src=\"data:image\/svg+xml,%3Csvg%20xmlns%3D%27http%3A%2F%2Fwww.w3.org%2F2000%2Fsvg%27%20width%3D%271200%27%20height%3D%27900%27%20viewBox%3D%270%200%201200%20900%27%3E%3Crect%20width%3D%271200%27%20height%3D%27900%27%20fill-opacity%3D%220%22%2F%3E%3C%2Fsvg%3E\" data-orig-src=\"http:\/\/globushotel.it\/wp-content\/uploads\/2023\/02\/H.-GLOBUS-piscina-lallalto-diurna.jpg\" class=\"lazyload img-responsive wp-image-3094\"\/><\/span><\/div><\/div><\/div><\/div><\/div><div class=\"fusion-fullwidth fullwidth-box fusion-builder-row-2 fusion-flex-container nonhundred-percent-fullwidth non-hundred-percent-height-scrolling\" style=\"--awb-background-position:left top;--awb-border-sizes-top:0px;--awb-border-sizes-bottom:0px;--awb-border-sizes-left:0px;--awb-border-sizes-right:0px;--awb-border-radius-top-left:0px;--awb-border-radius-top-right:0px;--awb-border-radius-bottom-right:0px;--awb-border-radius-bottom-left:0px;--awb-padding-top:50px;--awb-padding-bottom:50px;--awb-flex-wrap:wrap;\" ><div class=\"fusion-builder-row fusion-row fusion-flex-align-items-flex-start fusion-flex-content-wrap\" style=\"max-width:1435.2px;margin-left: calc(-4% \/ 2 );margin-right: calc(-4% \/ 2 );\"><div class=\"fusion-layout-column fusion_builder_column fusion-builder-column-2 fusion_builder_column_1_2 1_2 fusion-flex-column\" style=\"--awb-bg-size:cover;--awb-width-large:50%;--awb-margin-top-large:0px;--awb-spacing-right-large:3.84%;--awb-margin-bottom-large:0px;--awb-spacing-left-large:2.56%;--awb-width-medium:100%;--awb-spacing-right-medium:1.92%;--awb-spacing-left-medium:1.92%;--awb-width-small:100%;--awb-spacing-right-small:1.92%;--awb-spacing-left-small:1.92%;\"><div class=\"fusion-column-wrapper fusion-flex-justify-content-flex-start fusion-content-layout-column\"><div class=\"fusion-image-element \" style=\"--awb-caption-title-font-family:var(--h2_typography-font-family);--awb-caption-title-font-weight:var(--h2_typography-font-weight);--awb-caption-title-font-style:var(--h2_typography-font-style);--awb-caption-title-size:var(--h2_typography-font-size);--awb-caption-title-transform:var(--h2_typography-text-transform);--awb-caption-title-line-height:var(--h2_typography-line-height);--awb-caption-title-letter-spacing:var(--h2_typography-letter-spacing);\"><span class=\" fusion-imageframe imageframe-none imageframe-2 hover-type-zoomin fusion-animated\" data-animationType=\"fadeInDown\" data-animationDuration=\"1.0\" data-animationOffset=\"top-into-view\"><img decoding=\"async\" width=\"1200\" height=\"1200\" alt=\"hotelglobus-cattolica_piscina\" title=\"Idromassaggio\" src=\"data:image\/svg+xml,%3Csvg%20xmlns%3D%27http%3A%2F%2Fwww.w3.org%2F2000%2Fsvg%27%20width%3D%271200%27%20height%3D%271200%27%20viewBox%3D%270%200%201200%201200%27%3E%3Crect%20width%3D%271200%27%20height%3D%271200%27%20fill-opacity%3D%220%22%2F%3E%3C%2Fsvg%3E\" data-orig-src=\"http:\/\/globushotel.it\/wp-content\/uploads\/2023\/02\/palestra-idro-e1679940314230.jpg\" class=\"lazyload img-responsive wp-image-3097\"\/><\/span><\/div><\/div><\/div><div class=\"fusion-layout-column fusion_builder_column fusion-builder-column-3 fusion_builder_column_1_2 1_2 fusion-flex-column\" style=\"--awb-bg-size:cover;--awb-width-large:50%;--awb-margin-top-large:0px;--awb-spacing-right-large:5.12%;--awb-margin-bottom-large:0px;--awb-spacing-left-large:3.84%;--awb-width-medium:100%;--awb-spacing-right-medium:1.92%;--awb-spacing-left-medium:1.92%;--awb-width-small:100%;--awb-spacing-right-small:1.92%;--awb-spacing-left-small:1.92%;\"><div class=\"fusion-column-wrapper fusion-flex-justify-content-flex-start fusion-content-layout-column\"><div class=\"fusion-text fusion-text-3\"><h2>FITNESSRAUM UND BEHEIZTER WHIRLPOOL<\/h2>\n<\/div><div class=\"fusion-separator\" style=\"align-self: flex-start;margin-right:auto;margin-top:0px;margin-bottom:35px;width:100%;max-width:170px;\"><div class=\"fusion-separator-border sep-single sep-solid\" style=\"--awb-height:20px;--awb-amount:20px;--awb-sep-color:#d2b661;border-color:#d2b661;border-top-width:3px;\"><\/div><\/div><div class=\"fusion-text fusion-text-4\"><p>Um nicht auf Ihre t\u00e4gliche Verw\u00f6hnung zu verzichten und sich zu regenerieren, tauchen Sie ein in unsere <strong>Indoor-Whirlpools<\/strong> im Hotel, mit auf 32 \u00b0 <strong>erhitztem Wasser<\/strong> und Hintergrundbeleuchtung.<\/p>\n<p>Um sich auch im Urlaub fit zu halten, k\u00f6nnen Sie au\u00dferdem unser Mini-Fitnessstudio nutzen mit <strong>Technogym-Ger\u00e4ten<\/strong>.<\/p>\n<\/div><\/div><\/div><div class=\"fusion-layout-column fusion_builder_column fusion-builder-column-4 fusion_builder_column_1_1 1_1 fusion-flex-column\" style=\"--awb-bg-size:cover;--awb-width-large:100%;--awb-margin-top-large:0px;--awb-spacing-right-large:1.92%;--awb-margin-bottom-large:0px;--awb-spacing-left-large:1.92%;--awb-width-medium:100%;--awb-order-medium:0;--awb-spacing-right-medium:1.92%;--awb-spacing-left-medium:1.92%;--awb-width-small:100%;--awb-order-small:0;--awb-spacing-right-small:1.92%;--awb-spacing-left-small:1.92%;\"><div class=\"fusion-column-wrapper fusion-column-has-shadow fusion-flex-justify-content-flex-start fusion-content-layout-column\"><div class=\"fusion-separator\" style=\"align-self: flex-start;margin-right:auto;margin-top:0px;margin-bottom:35px;width:100%;max-width:170px;\"><\/div><div class=\"fusion-image-carousel fusion-image-carousel-auto fusion-image-carousel-1 fusion-carousel-border\"><div class=\"awb-carousel awb-swiper awb-swiper-carousel awb-carousel--carousel awb-swiper-dots-position-bottom\" data-layout=\"carousel\" data-autoplay=\"yes\" data-autoplayspeed=\"2500\" data-autoplaypause=\"no\" data-columns=\"3\" data-columnsmedium=\"1\" data-columnssmall=\"1\" data-itemmargin=\"10\" data-itemwidth=\"180\" data-touchscroll=\"no\" data-freemode=\"no\" data-imagesize=\"auto\" data-scrollitems=\"0\" data-centeredslides=\"no\" data-rotationangle=\"50\" data-depth=\"100\" data-speed=\"500\" data-shadow=\"no\" data-pagination=\"bullets\" style=\"--awb-columns:3;--awb-column-spacing:10px;--awb-border-width:1px;--awb-border-color:#e9eaee;\"><div class=\"swiper-wrapper awb-image-carousel-wrapper fusion-flex-align-items-center\"><div class=\"swiper-slide\"><div class=\"fusion-carousel-item-wrapper\"><div class=\"fusion-image-wrapper hover-type-none\"><img decoding=\"async\" width=\"1200\" height=\"900\" src=\"https:\/\/www.globushotel.it\/wp-content\/uploads\/2023\/02\/piscina-notte.jpg\" class=\"attachment-full size-full lazyload\" alt=\"hotelglobus-cattolica_piscina\" srcset=\"data:image\/svg+xml,%3Csvg%20xmlns%3D%27http%3A%2F%2Fwww.w3.org%2F2000%2Fsvg%27%20width%3D%271200%27%20height%3D%27900%27%20viewBox%3D%270%200%201200%20900%27%3E%3Crect%20width%3D%271200%27%20height%3D%27900%27%20fill-opacity%3D%220%22%2F%3E%3C%2Fsvg%3E\" data-orig-src=\"https:\/\/www.globushotel.it\/wp-content\/uploads\/2023\/02\/piscina-notte.jpg\" data-srcset=\"https:\/\/www.globushotel.it\/wp-content\/uploads\/2023\/02\/piscina-notte-200x150.jpg 200w, https:\/\/www.globushotel.it\/wp-content\/uploads\/2023\/02\/piscina-notte-400x300.jpg 400w, https:\/\/www.globushotel.it\/wp-content\/uploads\/2023\/02\/piscina-notte-600x450.jpg 600w, https:\/\/www.globushotel.it\/wp-content\/uploads\/2023\/02\/piscina-notte-800x600.jpg 800w, https:\/\/www.globushotel.it\/wp-content\/uploads\/2023\/02\/piscina-notte.jpg 1200w\" data-sizes=\"auto\" \/><\/div><\/div><\/div><div class=\"swiper-slide\"><div class=\"fusion-carousel-item-wrapper\"><div class=\"fusion-image-wrapper hover-type-none\"><img decoding=\"async\" width=\"1200\" height=\"900\" src=\"https:\/\/www.globushotel.it\/wp-content\/uploads\/2023\/02\/globus-giochi-piscina.jpg\" class=\"attachment-full size-full lazyload\" alt=\"hotelglobus-cattolica_piscina\" srcset=\"data:image\/svg+xml,%3Csvg%20xmlns%3D%27http%3A%2F%2Fwww.w3.org%2F2000%2Fsvg%27%20width%3D%271200%27%20height%3D%27900%27%20viewBox%3D%270%200%201200%20900%27%3E%3Crect%20width%3D%271200%27%20height%3D%27900%27%20fill-opacity%3D%220%22%2F%3E%3C%2Fsvg%3E\" data-orig-src=\"https:\/\/www.globushotel.it\/wp-content\/uploads\/2023\/02\/globus-giochi-piscina.jpg\" data-srcset=\"https:\/\/www.globushotel.it\/wp-content\/uploads\/2023\/02\/globus-giochi-piscina-200x150.jpg 200w, https:\/\/www.globushotel.it\/wp-content\/uploads\/2023\/02\/globus-giochi-piscina-400x300.jpg 400w, https:\/\/www.globushotel.it\/wp-content\/uploads\/2023\/02\/globus-giochi-piscina-600x450.jpg 600w, https:\/\/www.globushotel.it\/wp-content\/uploads\/2023\/02\/globus-giochi-piscina-800x600.jpg 800w, https:\/\/www.globushotel.it\/wp-content\/uploads\/2023\/02\/globus-giochi-piscina.jpg 1200w\" data-sizes=\"auto\" \/><\/div><\/div><\/div><div class=\"swiper-slide\"><div class=\"fusion-carousel-item-wrapper\"><div class=\"fusion-image-wrapper hover-type-none\"><img decoding=\"async\" width=\"1200\" height=\"900\" src=\"https:\/\/www.globushotel.it\/wp-content\/uploads\/2023\/02\/H.-GLOBUS-piscina-tipa-spruzzo.jpg\" class=\"attachment-full size-full lazyload\" alt=\"hotelglobus-cattolica_piscina\" srcset=\"data:image\/svg+xml,%3Csvg%20xmlns%3D%27http%3A%2F%2Fwww.w3.org%2F2000%2Fsvg%27%20width%3D%271200%27%20height%3D%27900%27%20viewBox%3D%270%200%201200%20900%27%3E%3Crect%20width%3D%271200%27%20height%3D%27900%27%20fill-opacity%3D%220%22%2F%3E%3C%2Fsvg%3E\" data-orig-src=\"https:\/\/www.globushotel.it\/wp-content\/uploads\/2023\/02\/H.-GLOBUS-piscina-tipa-spruzzo.jpg\" data-srcset=\"https:\/\/www.globushotel.it\/wp-content\/uploads\/2023\/02\/H.-GLOBUS-piscina-tipa-spruzzo-200x150.jpg 200w, https:\/\/www.globushotel.it\/wp-content\/uploads\/2023\/02\/H.-GLOBUS-piscina-tipa-spruzzo-400x300.jpg 400w, https:\/\/www.globushotel.it\/wp-content\/uploads\/2023\/02\/H.-GLOBUS-piscina-tipa-spruzzo-600x450.jpg 600w, https:\/\/www.globushotel.it\/wp-content\/uploads\/2023\/02\/H.-GLOBUS-piscina-tipa-spruzzo-800x600.jpg 800w, https:\/\/www.globushotel.it\/wp-content\/uploads\/2023\/02\/H.-GLOBUS-piscina-tipa-spruzzo.jpg 1200w\" data-sizes=\"auto\" \/><\/div><\/div><\/div><div class=\"swiper-slide\"><div class=\"fusion-carousel-item-wrapper\"><div class=\"fusion-image-wrapper hover-type-none\"><img decoding=\"async\" width=\"1200\" height=\"900\" src=\"https:\/\/www.globushotel.it\/wp-content\/uploads\/2023\/02\/Residence-CRISTEL-piscina.jpg\" class=\"attachment-full size-full lazyload\" alt=\"hotelglobus-cattolica_piscina\" srcset=\"data:image\/svg+xml,%3Csvg%20xmlns%3D%27http%3A%2F%2Fwww.w3.org%2F2000%2Fsvg%27%20width%3D%271200%27%20height%3D%27900%27%20viewBox%3D%270%200%201200%20900%27%3E%3Crect%20width%3D%271200%27%20height%3D%27900%27%20fill-opacity%3D%220%22%2F%3E%3C%2Fsvg%3E\" data-orig-src=\"https:\/\/www.globushotel.it\/wp-content\/uploads\/2023\/02\/Residence-CRISTEL-piscina.jpg\" data-srcset=\"https:\/\/www.globushotel.it\/wp-content\/uploads\/2023\/02\/Residence-CRISTEL-piscina-200x150.jpg 200w, https:\/\/www.globushotel.it\/wp-content\/uploads\/2023\/02\/Residence-CRISTEL-piscina-400x300.jpg 400w, https:\/\/www.globushotel.it\/wp-content\/uploads\/2023\/02\/Residence-CRISTEL-piscina-600x450.jpg 600w, https:\/\/www.globushotel.it\/wp-content\/uploads\/2023\/02\/Residence-CRISTEL-piscina-800x600.jpg 800w, https:\/\/www.globushotel.it\/wp-content\/uploads\/2023\/02\/Residence-CRISTEL-piscina.jpg 1200w\" data-sizes=\"auto\" \/><\/div><\/div><\/div><\/div><div class=\"awb-swiper-button awb-swiper-button-prev\"><i class=\"awb-icon-angle-left\" aria-hidden=\"true\"><\/i><\/div><div class=\"awb-swiper-button awb-swiper-button-next\"><i class=\"awb-icon-angle-right\" aria-hidden=\"true\"><\/i><\/div><\/div><\/div><\/div><\/div><\/div><\/div><\/p>\n","protected":false},"excerpt":{"rendered":"","protected":false},"author":1,"featured_media":0,"parent":0,"menu_order":0,"comment_status":"closed","ping_status":"closed","template":"100-width.php","meta":{"_acf_changed":false,"footnotes":""},"class_list":["post-3470","page","type-page","status-publish","hentry"],"acf":[],"yoast_head":"<!-- This site is optimized with the Yoast SEO plugin v27.0 - https:\/\/yoast.com\/product\/yoast-seo-wordpress\/ -->\n<title>SCHWIMMBAD UND WELLNESS - Hotel 3 Stelle Cattolica - Hotel Globus - Hotel con piscina<\/title>\n<meta name=\"robots\" content=\"index, follow, max-snippet:-1, max-image-preview:large, max-video-preview:-1\" \/>\n<link rel=\"canonical\" href=\"https:\/\/www.globushotel.it\/benessere-e-piscina\/\" \/>\n<meta property=\"og:locale\" content=\"de_DE\" \/>\n<meta property=\"og:type\" content=\"article\" \/>\n<meta property=\"og:title\" content=\"SCHWIMMBAD UND WELLNESS - Hotel 3 Stelle Cattolica - Hotel Globus - Hotel con piscina\" \/>\n<meta property=\"og:url\" content=\"https:\/\/www.globushotel.it\/benessere-e-piscina\/\" \/>\n<meta property=\"og:site_name\" content=\"Hotel 3 Stelle Cattolica - Hotel Globus - Hotel con piscina\" \/>\n<meta property=\"article:publisher\" content=\"https:\/\/www.facebook.com\/cattolicahotels\/\" \/>\n<meta property=\"article:modified_time\" content=\"2024-03-22T19:43:40+00:00\" \/>\n<meta name=\"twitter:card\" content=\"summary_large_image\" \/>\n<meta name=\"twitter:label1\" content=\"Gesch\u00e4tzte Lesezeit\" \/>\n\t<meta name=\"twitter:data1\" content=\"14\u00a0Minuten\" \/>\n<script type=\"application\/ld+json\" class=\"yoast-schema-graph\">{\"@context\":\"https:\/\/schema.org\",\"@graph\":[{\"@type\":\"WebPage\",\"@id\":\"https:\/\/www.globushotel.it\/benessere-e-piscina\/\",\"url\":\"https:\/\/www.globushotel.it\/benessere-e-piscina\/\",\"name\":\"SCHWIMMBAD UND WELLNESS - Hotel 3 Stelle Cattolica - Hotel Globus - Hotel con piscina\",\"isPartOf\":{\"@id\":\"https:\/\/www.globushotel.it\/#website\"},\"datePublished\":\"2021-04-20T10:58:20+00:00\",\"dateModified\":\"2024-03-22T19:43:40+00:00\",\"breadcrumb\":{\"@id\":\"https:\/\/www.globushotel.it\/benessere-e-piscina\/#breadcrumb\"},\"inLanguage\":\"de\",\"potentialAction\":[{\"@type\":\"ReadAction\",\"target\":[\"https:\/\/www.globushotel.it\/benessere-e-piscina\/\"]}]},{\"@type\":\"BreadcrumbList\",\"@id\":\"https:\/\/www.globushotel.it\/benessere-e-piscina\/#breadcrumb\",\"itemListElement\":[{\"@type\":\"ListItem\",\"position\":1,\"name\":\"Home\",\"item\":\"https:\/\/www.globushotel.it\/de\/\"},{\"@type\":\"ListItem\",\"position\":2,\"name\":\"SCHWIMMBAD UND WELLNESS\"}]},{\"@type\":\"WebSite\",\"@id\":\"https:\/\/www.globushotel.it\/#website\",\"url\":\"https:\/\/www.globushotel.it\/\",\"name\":\"Hotel 3 Stelle Cattolica - Hotel Globus - Hotel con piscina\",\"description\":\"Hotel 3 Stelle Cattolica - Hotel Globus - Hotel con piscina\",\"potentialAction\":[{\"@type\":\"SearchAction\",\"target\":{\"@type\":\"EntryPoint\",\"urlTemplate\":\"https:\/\/www.globushotel.it\/?s={search_term_string}\"},\"query-input\":{\"@type\":\"PropertyValueSpecification\",\"valueRequired\":true,\"valueName\":\"search_term_string\"}}],\"inLanguage\":\"de\"}]}<\/script>\n<!-- \/ Yoast SEO plugin. -->","yoast_head_json":{"title":"SCHWIMMBAD UND WELLNESS - Hotel 3 Stelle Cattolica - Hotel Globus - Hotel con piscina","robots":{"index":"index","follow":"follow","max-snippet":"max-snippet:-1","max-image-preview":"max-image-preview:large","max-video-preview":"max-video-preview:-1"},"canonical":"https:\/\/www.globushotel.it\/benessere-e-piscina\/","og_locale":"de_DE","og_type":"article","og_title":"SCHWIMMBAD UND WELLNESS - Hotel 3 Stelle Cattolica - Hotel Globus - Hotel con piscina","og_url":"https:\/\/www.globushotel.it\/benessere-e-piscina\/","og_site_name":"Hotel 3 Stelle Cattolica - Hotel Globus - Hotel con piscina","article_publisher":"https:\/\/www.facebook.com\/cattolicahotels\/","article_modified_time":"2024-03-22T19:43:40+00:00","twitter_card":"summary_large_image","twitter_misc":{"Gesch\u00e4tzte Lesezeit":"14\u00a0Minuten"},"schema":{"@context":"https:\/\/schema.org","@graph":[{"@type":"WebPage","@id":"https:\/\/www.globushotel.it\/benessere-e-piscina\/","url":"https:\/\/www.globushotel.it\/benessere-e-piscina\/","name":"SCHWIMMBAD UND WELLNESS - Hotel 3 Stelle Cattolica - Hotel Globus - Hotel con piscina","isPartOf":{"@id":"https:\/\/www.globushotel.it\/#website"},"datePublished":"2021-04-20T10:58:20+00:00","dateModified":"2024-03-22T19:43:40+00:00","breadcrumb":{"@id":"https:\/\/www.globushotel.it\/benessere-e-piscina\/#breadcrumb"},"inLanguage":"de","potentialAction":[{"@type":"ReadAction","target":["https:\/\/www.globushotel.it\/benessere-e-piscina\/"]}]},{"@type":"BreadcrumbList","@id":"https:\/\/www.globushotel.it\/benessere-e-piscina\/#breadcrumb","itemListElement":[{"@type":"ListItem","position":1,"name":"Home","item":"https:\/\/www.globushotel.it\/de\/"},{"@type":"ListItem","position":2,"name":"SCHWIMMBAD UND WELLNESS"}]},{"@type":"WebSite","@id":"https:\/\/www.globushotel.it\/#website","url":"https:\/\/www.globushotel.it\/","name":"Hotel 3 Stelle Cattolica - Hotel Globus - Hotel con piscina","description":"Hotel 3 Stelle Cattolica - Hotel Globus - Hotel con piscina","potentialAction":[{"@type":"SearchAction","target":{"@type":"EntryPoint","urlTemplate":"https:\/\/www.globushotel.it\/?s={search_term_string}"},"query-input":{"@type":"PropertyValueSpecification","valueRequired":true,"valueName":"search_term_string"}}],"inLanguage":"de"}]}},"_links":{"self":[{"href":"https:\/\/www.globushotel.it\/de\/wp-json\/wp\/v2\/pages\/3470","targetHints":{"allow":["GET"]}}],"collection":[{"href":"https:\/\/www.globushotel.it\/de\/wp-json\/wp\/v2\/pages"}],"about":[{"href":"https:\/\/www.globushotel.it\/de\/wp-json\/wp\/v2\/types\/page"}],"author":[{"embeddable":true,"href":"https:\/\/www.globushotel.it\/de\/wp-json\/wp\/v2\/users\/1"}],"replies":[{"embeddable":true,"href":"https:\/\/www.globushotel.it\/de\/wp-json\/wp\/v2\/comments?post=3470"}],"version-history":[{"count":4,"href":"https:\/\/www.globushotel.it\/de\/wp-json\/wp\/v2\/pages\/3470\/revisions"}],"predecessor-version":[{"id":3886,"href":"https:\/\/www.globushotel.it\/de\/wp-json\/wp\/v2\/pages\/3470\/revisions\/3886"}],"wp:attachment":[{"href":"https:\/\/www.globushotel.it\/de\/wp-json\/wp\/v2\/media?parent=3470"}],"curies":[{"name":"wp","href":"https:\/\/api.w.org\/{rel}","templated":true}]}}