{"id":3467,"date":"2020-05-06T21:48:07","date_gmt":"2020-05-06T19:48:07","guid":{"rendered":"https:\/\/globushotel.it\/restaurant\/"},"modified":"2024-05-15T13:21:52","modified_gmt":"2024-05-15T11:21:52","slug":"restaurant","status":"publish","type":"page","link":"https:\/\/www.globushotel.it\/de\/restaurant\/","title":{"rendered":"RESTAURANT"},"content":{"rendered":"<p><div class=\"fusion-fullwidth fullwidth-box fusion-builder-row-1 fusion-flex-container has-pattern-background has-mask-background nonhundred-percent-fullwidth non-hundred-percent-height-scrolling\" style=\"--awb-background-position:left top;--awb-border-sizes-top:0px;--awb-border-sizes-bottom:0px;--awb-border-sizes-left:0px;--awb-border-sizes-right:0px;--awb-border-radius-top-left:0px;--awb-border-radius-top-right:0px;--awb-border-radius-bottom-right:0px;--awb-border-radius-bottom-left:0px;--awb-padding-top:50px;--awb-padding-bottom:50px;--awb-flex-wrap:wrap;\" ><div class=\"fusion-builder-row fusion-row fusion-flex-align-items-flex-start fusion-flex-content-wrap\" style=\"max-width:1435.2px;margin-left: calc(-4% \/ 2 );margin-right: calc(-4% \/ 2 );\"><div class=\"fusion-layout-column fusion_builder_column fusion-builder-column-0 fusion_builder_column_3_5 3_5 fusion-flex-column\" style=\"--awb-bg-size:cover;--awb-width-large:60%;--awb-margin-top-large:0px;--awb-spacing-right-large:4.2666666666667%;--awb-margin-bottom-large:0px;--awb-spacing-left-large:3.2%;--awb-width-medium:100%;--awb-spacing-right-medium:1.92%;--awb-spacing-left-medium:1.92%;--awb-width-small:100%;--awb-spacing-right-small:1.92%;--awb-spacing-left-small:1.92%;\"><div class=\"fusion-column-wrapper fusion-flex-justify-content-flex-start fusion-content-layout-column\"><div class=\"fusion-text fusion-text-1\"><h2>RESTAURANT<\/h2>\n<\/div><div class=\"fusion-separator\" style=\"align-self: flex-start;margin-right:auto;margin-top:0px;margin-bottom:35px;width:100%;max-width:170px;\"><div class=\"fusion-separator-border sep-single sep-solid\" style=\"--awb-height:20px;--awb-amount:20px;--awb-sep-color:#d2b661;border-color:#d2b661;border-top-width:3px;\"><\/div><\/div><div class=\"fusion-text fusion-text-2\"><p>Unser gro\u00dfer, renovierter und klimatisierter Speisesaal bietet einen Blick auf die <strong>Fu\u00dfg\u00e4ngerzone der Viale Dante<\/strong>..<\/p>\n<p>Unsere K\u00fcche achtet besonders auf die Pflege von Service und Qualit\u00e4t, <strong>eine Auswahl von 3 Men\u00fcs<\/strong>, mit lokalen und internationalen Gerichten, basierend auf Fleisch, Fisch und anderen leckeren Vorschl\u00e4gen, mit reichhaltigem Gem\u00fcsebuffet und Fr\u00fchst\u00fcck.<\/p>\n<\/div><\/div><\/div><div class=\"fusion-layout-column fusion_builder_column fusion-builder-column-1 fusion_builder_column_2_5 2_5 fusion-flex-column\" style=\"--awb-bg-size:cover;--awb-width-large:40%;--awb-margin-top-large:0px;--awb-spacing-right-large:4.8%;--awb-margin-bottom-large:0px;--awb-spacing-left-large:3.2%;--awb-width-medium:100%;--awb-order-medium:0;--awb-spacing-right-medium:1.92%;--awb-spacing-left-medium:1.92%;--awb-width-small:100%;--awb-order-small:0;--awb-spacing-right-small:1.92%;--awb-spacing-left-small:1.92%;\"><div class=\"fusion-column-wrapper fusion-column-has-shadow fusion-flex-justify-content-flex-start fusion-content-layout-column\"><div class=\"fusion-image-element \" style=\"text-align:center;--awb-caption-title-font-family:var(--h2_typography-font-family);--awb-caption-title-font-weight:var(--h2_typography-font-weight);--awb-caption-title-font-style:var(--h2_typography-font-style);--awb-caption-title-size:var(--h2_typography-font-size);--awb-caption-title-transform:var(--h2_typography-text-transform);--awb-caption-title-line-height:var(--h2_typography-line-height);--awb-caption-title-letter-spacing:var(--h2_typography-letter-spacing);\"><span class=\" fusion-imageframe imageframe-none imageframe-1 hover-type-zoomin\"><a href=\"http:\/\/globushotel.it\/wp-content\/uploads\/2023\/02\/piatto_g21.jpg\" class=\"fusion-lightbox\" data-rel=\"iLightbox[4a04b2a5d0f0f644889]\" data-title=\"Ristorante\" title=\"Ristorante\"><img decoding=\"async\" width=\"500\" height=\"300\" alt=\"hotelglobus-cattolica_ristorante\" src=\"https:\/\/www.globushotel.it\/wp-content\/uploads\/2023\/02\/piatto_g21.jpg\" data-orig-src=\"http:\/\/globushotel.it\/wp-content\/uploads\/2023\/02\/piatto_g21.jpg\" class=\"lazyload img-responsive wp-image-3085\" srcset=\"data:image\/svg+xml,%3Csvg%20xmlns%3D%27http%3A%2F%2Fwww.w3.org%2F2000%2Fsvg%27%20width%3D%27500%27%20height%3D%27300%27%20viewBox%3D%270%200%20500%20300%27%3E%3Crect%20width%3D%27500%27%20height%3D%27300%27%20fill-opacity%3D%220%22%2F%3E%3C%2Fsvg%3E\" data-srcset=\"https:\/\/www.globushotel.it\/wp-content\/uploads\/2023\/02\/piatto_g21-200x120.jpg 200w, https:\/\/www.globushotel.it\/wp-content\/uploads\/2023\/02\/piatto_g21-400x240.jpg 400w, https:\/\/www.globushotel.it\/wp-content\/uploads\/2023\/02\/piatto_g21.jpg 500w\" data-sizes=\"auto\" data-orig-sizes=\"(max-width: 1024px) 100vw, (max-width: 640px) 100vw, 500px\" \/><\/a><\/span><\/div><\/div><\/div><div class=\"fusion-layout-column fusion_builder_column fusion-builder-column-2 fusion_builder_column_1_1 1_1 fusion-flex-column\" style=\"--awb-bg-size:cover;--awb-width-large:100%;--awb-margin-top-large:20px;--awb-spacing-right-large:1.92%;--awb-margin-bottom-large:0px;--awb-spacing-left-large:1.92%;--awb-width-medium:100%;--awb-order-medium:0;--awb-spacing-right-medium:1.92%;--awb-spacing-left-medium:1.92%;--awb-width-small:100%;--awb-order-small:0;--awb-spacing-right-small:1.92%;--awb-spacing-left-small:1.92%;\"><div class=\"fusion-column-wrapper fusion-column-has-shadow fusion-flex-justify-content-flex-start fusion-content-layout-column\"><div class=\"fusion-text fusion-text-3\"><p>Wir bieten typische Gerichte der <strong>romagnolischen Tradition<\/strong>, die aus Geschmack und Einfachheit bestehen, und kreative Gerichte, national und international mit frischen und leichten Produkten, wo die D\u00fcfte des Meeres sind, kombiniert mit dem Geschmack des Hinterlandes.<\/p>\n<\/div><\/div><\/div><\/div><\/div><div class=\"fusion-fullwidth fullwidth-box fusion-builder-row-2 fusion-flex-container has-pattern-background has-mask-background nonhundred-percent-fullwidth non-hundred-percent-height-scrolling\" style=\"--awb-background-position:left top;--awb-border-sizes-top:0px;--awb-border-sizes-bottom:0px;--awb-border-sizes-left:0px;--awb-border-sizes-right:0px;--awb-border-radius-top-left:0px;--awb-border-radius-top-right:0px;--awb-border-radius-bottom-right:0px;--awb-border-radius-bottom-left:0px;--awb-padding-top:130px;--awb-padding-bottom:110px;--awb-background-color:#f8f8f8;--awb-flex-wrap:wrap;\" ><div class=\"fusion-builder-row fusion-row fusion-flex-align-items-stretch fusion-flex-content-wrap\" style=\"max-width:1435.2px;margin-left: calc(-4% \/ 2 );margin-right: calc(-4% \/ 2 );\"><div class=\"fusion-layout-column fusion_builder_column fusion-builder-column-3 fusion_builder_column_3_5 3_5 fusion-flex-column\" style=\"--awb-bg-color:#f8f8f8;--awb-bg-color-hover:#f8f8f8;--awb-bg-size:cover;--awb-width-large:60%;--awb-margin-top-large:0px;--awb-spacing-right-large:3.84%;--awb-margin-bottom-large:40px;--awb-spacing-left-large:3.2%;--awb-width-medium:100%;--awb-spacing-right-medium:1.92%;--awb-spacing-left-medium:1.92%;--awb-width-small:100%;--awb-spacing-right-small:1.92%;--awb-spacing-left-small:1.92%;\"><div class=\"fusion-column-wrapper fusion-flex-justify-content-flex-start fusion-content-layout-column\"><div class=\"fusion-text fusion-text-4\" style=\"--awb-margin-top:20px;\"><p>Das <strong>Fr\u00fchst\u00fcck wird in Buffetform serviert<\/strong>, s\u00fc\u00df und herzhaft mit einer gro\u00dfen Auswahl an Croissants und hausgemachten Kuchen (Kranzkuchen, Torten, etc.) Joghurt, Getreidemisch, Honig, Marmeladen, Nutella, frisches Obst der Saison und in Sirup, Wei\u00df-, Vollkorn- oder Roggenbrot, Eier, Aufschnitt, K\u00e4se, unbegrenzt S\u00e4fte, Milch, Sojamilch und Hei\u00dfgetr\u00e4nke.<\/p>\n<p>Mittag- und Abendessen werden am Tisch serviert, einschlie\u00dflich erster und zweiter G\u00e4nge mit Fleisch, Fisch und anderen K\u00f6stlichkeiten, begleitet von warmen Beilagen. Ein einladendes Gem\u00fcsebuffet mit k\u00f6stlichen K\u00f6stlichkeiten Vorspeisen stehen den G\u00e4sten zur Verf\u00fcgung. Runden Sie die Mahlzeiten mit einem Dessertbuffet mit Obst, Eis und Dessert ab. In unserer Weinkarte bieten wir Ihnen abwechslungsreiche Etiketten an, die typisch f\u00fcr das Gebiet sind (Sangiovese, Trebbiano) zu den nationalen, wei\u00dfen, roten oder ros\u00e9.<\/p>\n<\/div><div class=\"fusion-separator fusion-full-width-sep\" style=\"align-self: center;margin-left: auto;margin-right: auto;margin-bottom:30px;width:100%;\"><\/div><\/div><\/div><div class=\"fusion-layout-column fusion_builder_column fusion-builder-column-4 fusion_builder_column_2_5 2_5 fusion-flex-column\" style=\"--awb-bg-color:#f8f8f8;--awb-bg-color-hover:#f8f8f8;--awb-bg-size:cover;--awb-width-large:40%;--awb-margin-top-large:0px;--awb-spacing-right-large:4.8%;--awb-margin-bottom-large:0px;--awb-spacing-left-large:3.84%;--awb-width-medium:100%;--awb-order-medium:0;--awb-spacing-right-medium:1.92%;--awb-spacing-left-medium:1.92%;--awb-width-small:100%;--awb-order-small:0;--awb-spacing-right-small:1.92%;--awb-spacing-left-small:1.92%;\"><div class=\"fusion-column-wrapper fusion-column-has-shadow fusion-flex-justify-content-flex-start fusion-content-layout-column\"><div class=\"fusion-image-element \" style=\"text-align:center;--awb-caption-title-font-family:var(--h2_typography-font-family);--awb-caption-title-font-weight:var(--h2_typography-font-weight);--awb-caption-title-font-style:var(--h2_typography-font-style);--awb-caption-title-size:var(--h2_typography-font-size);--awb-caption-title-transform:var(--h2_typography-text-transform);--awb-caption-title-line-height:var(--h2_typography-line-height);--awb-caption-title-letter-spacing:var(--h2_typography-letter-spacing);\"><span class=\" fusion-imageframe imageframe-none imageframe-2 hover-type-zoomin\"><a href=\"http:\/\/globushotel.it\/wp-content\/uploads\/2023\/02\/globus-colazione-e1677876728971.jpg\" class=\"fusion-lightbox\" data-rel=\"iLightbox[7e8a50d80b536053f4e]\" data-caption=\"hotelglobus-cattolica_ristorante\" data-title=\"Ristorante\" title=\"Ristorante\"><img decoding=\"async\" width=\"1200\" height=\"993\" alt=\"hotelglobus-cattolica_ristorante\" src=\"https:\/\/www.globushotel.it\/wp-content\/uploads\/2023\/02\/globus-colazione-e1677876728971.jpg\" data-orig-src=\"http:\/\/globushotel.it\/wp-content\/uploads\/2023\/02\/globus-colazione-e1677876728971.jpg\" class=\"lazyload img-responsive wp-image-3082\" srcset=\"data:image\/svg+xml,%3Csvg%20xmlns%3D%27http%3A%2F%2Fwww.w3.org%2F2000%2Fsvg%27%20width%3D%271200%27%20height%3D%27993%27%20viewBox%3D%270%200%201200%20993%27%3E%3Crect%20width%3D%271200%27%20height%3D%27993%27%20fill-opacity%3D%220%22%2F%3E%3C%2Fsvg%3E\" data-srcset=\"https:\/\/www.globushotel.it\/wp-content\/uploads\/2023\/02\/globus-colazione-e1677876728971-200x166.jpg 200w, https:\/\/www.globushotel.it\/wp-content\/uploads\/2023\/02\/globus-colazione-e1677876728971-400x331.jpg 400w, https:\/\/www.globushotel.it\/wp-content\/uploads\/2023\/02\/globus-colazione-e1677876728971-600x497.jpg 600w, https:\/\/www.globushotel.it\/wp-content\/uploads\/2023\/02\/globus-colazione-e1677876728971-800x662.jpg 800w, https:\/\/www.globushotel.it\/wp-content\/uploads\/2023\/02\/globus-colazione-e1677876728971.jpg 1200w\" data-sizes=\"auto\" data-orig-sizes=\"(max-width: 1024px) 100vw, (max-width: 640px) 100vw, 600px\" \/><\/a><\/span><\/div><\/div><\/div><div class=\"fusion-layout-column fusion_builder_column fusion-builder-column-5 fusion_builder_column_1_1 1_1 fusion-flex-column\" style=\"--awb-bg-size:cover;--awb-width-large:100%;--awb-margin-top-large:0px;--awb-spacing-right-large:1.92%;--awb-margin-bottom-large:0px;--awb-spacing-left-large:1.92%;--awb-width-medium:100%;--awb-order-medium:0;--awb-spacing-right-medium:1.92%;--awb-spacing-left-medium:1.92%;--awb-width-small:100%;--awb-order-small:0;--awb-spacing-right-small:1.92%;--awb-spacing-left-small:1.92%;\"><div class=\"fusion-column-wrapper fusion-column-has-shadow fusion-flex-justify-content-flex-start fusion-content-layout-column\"><div class=\"fusion-text fusion-text-5\" style=\"--awb-margin-top:20px;\"><p>Einmal in der Woche erfreut ein fr\u00f6hliches romagnolisches Abendessen mit Hintergrundmusik unsere G\u00e4ste, mit <strong>traditionellen Gerichten der Romagna<\/strong> (traditionelle Suppen, Passatelli, Strozzapreti, Aufschnitt und K\u00e4se des Territoriums), begleitet von der unvermeidlichen <strong>Piadina<\/strong> und schlie\u00dflich dem Buffet von S\u00fc\u00dfigkeiten.<\/p>\n<\/div><\/div><\/div><\/div><\/div><div class=\"fusion-fullwidth fullwidth-box fusion-builder-row-3 fusion-flex-container has-pattern-background has-mask-background nonhundred-percent-fullwidth non-hundred-percent-height-scrolling\" style=\"--awb-border-radius-top-left:0px;--awb-border-radius-top-right:0px;--awb-border-radius-bottom-right:0px;--awb-border-radius-bottom-left:0px;--awb-flex-wrap:wrap;\" ><div class=\"fusion-builder-row fusion-row fusion-flex-align-items-flex-start fusion-flex-content-wrap\" style=\"max-width:1435.2px;margin-left: calc(-4% \/ 2 );margin-right: calc(-4% \/ 2 );\"><div class=\"fusion-layout-column fusion_builder_column fusion-builder-column-6 fusion_builder_column_1_1 1_1 fusion-flex-column\" style=\"--awb-bg-size:cover;--awb-width-large:100%;--awb-margin-top-large:0px;--awb-spacing-right-large:1.92%;--awb-margin-bottom-large:0px;--awb-spacing-left-large:1.92%;--awb-width-medium:100%;--awb-order-medium:0;--awb-spacing-right-medium:1.92%;--awb-spacing-left-medium:1.92%;--awb-width-small:100%;--awb-order-small:0;--awb-spacing-right-small:1.92%;--awb-spacing-left-small:1.92%;\"><div class=\"fusion-column-wrapper fusion-column-has-shadow fusion-flex-justify-content-flex-start fusion-content-layout-column\"><div class=\"fusion-image-carousel fusion-image-carousel-auto fusion-image-carousel-1 fusion-carousel-border\"><div class=\"awb-carousel awb-swiper awb-swiper-carousel awb-carousel--carousel awb-swiper-dots-position-bottom\" data-layout=\"carousel\" data-autoplay=\"yes\" data-autoplayspeed=\"2500\" data-autoplaypause=\"no\" data-columns=\"3\" data-columnsmedium=\"1\" data-columnssmall=\"1\" data-itemmargin=\"13\" data-itemwidth=\"180\" data-touchscroll=\"no\" data-freemode=\"no\" data-imagesize=\"auto\" data-scrollitems=\"0\" data-centeredslides=\"no\" data-rotationangle=\"50\" data-depth=\"100\" data-speed=\"500\" data-shadow=\"no\" data-pagination=\"bullets\" style=\"--awb-columns:3;--awb-border-width:1px;--awb-border-color:#e9eaee;\"><div class=\"swiper-wrapper awb-image-carousel-wrapper fusion-flex-align-items-center\"><div class=\"swiper-slide\"><div class=\"fusion-carousel-item-wrapper\"><div class=\"fusion-image-wrapper hover-type-none\"><img decoding=\"async\" width=\"1475\" height=\"1107\" src=\"https:\/\/www.globushotel.it\/wp-content\/uploads\/2024\/03\/Depositphotos_377177200_L-copia-2.jpg\" class=\"attachment-full size-full lazyload\" alt=\"hotelglobus-cattolica_ristorante\" srcset=\"data:image\/svg+xml,%3Csvg%20xmlns%3D%27http%3A%2F%2Fwww.w3.org%2F2000%2Fsvg%27%20width%3D%271475%27%20height%3D%271107%27%20viewBox%3D%270%200%201475%201107%27%3E%3Crect%20width%3D%271475%27%20height%3D%271107%27%20fill-opacity%3D%220%22%2F%3E%3C%2Fsvg%3E\" data-orig-src=\"https:\/\/www.globushotel.it\/wp-content\/uploads\/2024\/03\/Depositphotos_377177200_L-copia-2.jpg\" data-srcset=\"https:\/\/www.globushotel.it\/wp-content\/uploads\/2024\/03\/Depositphotos_377177200_L-copia-2-200x150.jpg 200w, https:\/\/www.globushotel.it\/wp-content\/uploads\/2024\/03\/Depositphotos_377177200_L-copia-2-400x300.jpg 400w, https:\/\/www.globushotel.it\/wp-content\/uploads\/2024\/03\/Depositphotos_377177200_L-copia-2-600x450.jpg 600w, https:\/\/www.globushotel.it\/wp-content\/uploads\/2024\/03\/Depositphotos_377177200_L-copia-2-800x600.jpg 800w, https:\/\/www.globushotel.it\/wp-content\/uploads\/2024\/03\/Depositphotos_377177200_L-copia-2-1200x901.jpg 1200w, https:\/\/www.globushotel.it\/wp-content\/uploads\/2024\/03\/Depositphotos_377177200_L-copia-2.jpg 1475w\" data-sizes=\"auto\" \/><\/div><\/div><\/div><div class=\"swiper-slide\"><div class=\"fusion-carousel-item-wrapper\"><div class=\"fusion-image-wrapper hover-type-none\"><img decoding=\"async\" width=\"2560\" height=\"1920\" src=\"https:\/\/www.globushotel.it\/wp-content\/uploads\/2024\/03\/Depositphotos_29553751_XL-copia-2-scaled.jpg\" class=\"attachment-full size-full lazyload\" alt=\"hotelglobus-cattolica_ristorante\" srcset=\"data:image\/svg+xml,%3Csvg%20xmlns%3D%27http%3A%2F%2Fwww.w3.org%2F2000%2Fsvg%27%20width%3D%272560%27%20height%3D%271920%27%20viewBox%3D%270%200%202560%201920%27%3E%3Crect%20width%3D%272560%27%20height%3D%271920%27%20fill-opacity%3D%220%22%2F%3E%3C%2Fsvg%3E\" data-orig-src=\"https:\/\/www.globushotel.it\/wp-content\/uploads\/2024\/03\/Depositphotos_29553751_XL-copia-2-scaled.jpg\" data-srcset=\"https:\/\/www.globushotel.it\/wp-content\/uploads\/2024\/03\/Depositphotos_29553751_XL-copia-2-200x150.jpg 200w, https:\/\/www.globushotel.it\/wp-content\/uploads\/2024\/03\/Depositphotos_29553751_XL-copia-2-400x300.jpg 400w, https:\/\/www.globushotel.it\/wp-content\/uploads\/2024\/03\/Depositphotos_29553751_XL-copia-2-600x450.jpg 600w, https:\/\/www.globushotel.it\/wp-content\/uploads\/2024\/03\/Depositphotos_29553751_XL-copia-2-800x600.jpg 800w, https:\/\/www.globushotel.it\/wp-content\/uploads\/2024\/03\/Depositphotos_29553751_XL-copia-2-1200x900.jpg 1200w, https:\/\/www.globushotel.it\/wp-content\/uploads\/2024\/03\/Depositphotos_29553751_XL-copia-2-scaled.jpg 2560w\" data-sizes=\"auto\" \/><\/div><\/div><\/div><div class=\"swiper-slide\"><div class=\"fusion-carousel-item-wrapper\"><div class=\"fusion-image-wrapper hover-type-none\"><img decoding=\"async\" width=\"2560\" height=\"1920\" src=\"https:\/\/www.globushotel.it\/wp-content\/uploads\/2024\/03\/Depositphotos_196368224_XL-copia-scaled.jpg\" class=\"attachment-full size-full lazyload\" alt=\"hotelglobus-cattolica_ristorante\" srcset=\"data:image\/svg+xml,%3Csvg%20xmlns%3D%27http%3A%2F%2Fwww.w3.org%2F2000%2Fsvg%27%20width%3D%272560%27%20height%3D%271920%27%20viewBox%3D%270%200%202560%201920%27%3E%3Crect%20width%3D%272560%27%20height%3D%271920%27%20fill-opacity%3D%220%22%2F%3E%3C%2Fsvg%3E\" data-orig-src=\"https:\/\/www.globushotel.it\/wp-content\/uploads\/2024\/03\/Depositphotos_196368224_XL-copia-scaled.jpg\" data-srcset=\"https:\/\/www.globushotel.it\/wp-content\/uploads\/2024\/03\/Depositphotos_196368224_XL-copia-200x150.jpg 200w, https:\/\/www.globushotel.it\/wp-content\/uploads\/2024\/03\/Depositphotos_196368224_XL-copia-400x300.jpg 400w, https:\/\/www.globushotel.it\/wp-content\/uploads\/2024\/03\/Depositphotos_196368224_XL-copia-600x450.jpg 600w, https:\/\/www.globushotel.it\/wp-content\/uploads\/2024\/03\/Depositphotos_196368224_XL-copia-800x600.jpg 800w, https:\/\/www.globushotel.it\/wp-content\/uploads\/2024\/03\/Depositphotos_196368224_XL-copia-1200x900.jpg 1200w, https:\/\/www.globushotel.it\/wp-content\/uploads\/2024\/03\/Depositphotos_196368224_XL-copia-scaled.jpg 2560w\" data-sizes=\"auto\" \/><\/div><\/div><\/div><div class=\"swiper-slide\"><div class=\"fusion-carousel-item-wrapper\"><div class=\"fusion-image-wrapper hover-type-none\"><img decoding=\"async\" width=\"1200\" height=\"797\" src=\"data:image\/svg+xml,%3Csvg%20xmlns%3D%27http%3A%2F%2Fwww.w3.org%2F2000%2Fsvg%27%20width%3D%271200%27%20height%3D%27797%27%20viewBox%3D%270%200%201200%20797%27%3E%3Crect%20width%3D%271200%27%20height%3D%27797%27%20fill-opacity%3D%220%22%2F%3E%3C%2Fsvg%3E\" class=\"attachment-full size-full lazyload\" alt=\"hotelglobus-cattolica_ristorante\" data-orig-src=\"https:\/\/www.globushotel.it\/wp-content\/uploads\/2023\/04\/Depositphotos_7273515_L-e1710673830163.jpg\" \/><\/div><\/div><\/div><\/div><div class=\"awb-swiper-button awb-swiper-button-prev\"><i class=\"awb-icon-angle-left\" aria-hidden=\"true\"><\/i><\/div><div class=\"awb-swiper-button awb-swiper-button-next\"><i class=\"awb-icon-angle-right\" aria-hidden=\"true\"><\/i><\/div><\/div><\/div><\/div><\/div><\/div><\/div><\/p>\n","protected":false},"excerpt":{"rendered":"","protected":false},"author":1,"featured_media":0,"parent":0,"menu_order":0,"comment_status":"closed","ping_status":"closed","template":"100-width.php","meta":{"_acf_changed":false,"footnotes":""},"class_list":["post-3467","page","type-page","status-publish","hentry"],"acf":[],"yoast_head":"<!-- This site is optimized with the Yoast SEO plugin v27.0 - https:\/\/yoast.com\/product\/yoast-seo-wordpress\/ -->\n<title>RESTAURANT - Hotel 3 Stelle Cattolica - Hotel Globus - Hotel con piscina<\/title>\n<meta name=\"robots\" content=\"index, follow, max-snippet:-1, max-image-preview:large, max-video-preview:-1\" \/>\n<link rel=\"canonical\" href=\"https:\/\/www.globushotel.it\/ristorante\/\" \/>\n<meta property=\"og:locale\" content=\"de_DE\" \/>\n<meta property=\"og:type\" content=\"article\" \/>\n<meta property=\"og:title\" content=\"RESTAURANT - Hotel 3 Stelle Cattolica - Hotel Globus - Hotel con piscina\" \/>\n<meta property=\"og:url\" content=\"https:\/\/www.globushotel.it\/ristorante\/\" \/>\n<meta property=\"og:site_name\" content=\"Hotel 3 Stelle Cattolica - Hotel Globus - Hotel con piscina\" \/>\n<meta property=\"article:publisher\" content=\"https:\/\/www.facebook.com\/cattolicahotels\/\" \/>\n<meta property=\"article:modified_time\" content=\"2024-05-15T11:21:52+00:00\" \/>\n<meta name=\"twitter:card\" content=\"summary_large_image\" \/>\n<meta name=\"twitter:label1\" content=\"Gesch\u00e4tzte Lesezeit\" \/>\n\t<meta name=\"twitter:data1\" content=\"25\u00a0Minuten\" \/>\n<script type=\"application\/ld+json\" class=\"yoast-schema-graph\">{\"@context\":\"https:\/\/schema.org\",\"@graph\":[{\"@type\":\"WebPage\",\"@id\":\"https:\/\/www.globushotel.it\/ristorante\/\",\"url\":\"https:\/\/www.globushotel.it\/ristorante\/\",\"name\":\"RESTAURANT - Hotel 3 Stelle Cattolica - Hotel Globus - Hotel con piscina\",\"isPartOf\":{\"@id\":\"https:\/\/www.globushotel.it\/#website\"},\"datePublished\":\"2020-05-06T19:48:07+00:00\",\"dateModified\":\"2024-05-15T11:21:52+00:00\",\"breadcrumb\":{\"@id\":\"https:\/\/www.globushotel.it\/ristorante\/#breadcrumb\"},\"inLanguage\":\"de\",\"potentialAction\":[{\"@type\":\"ReadAction\",\"target\":[\"https:\/\/www.globushotel.it\/ristorante\/\"]}]},{\"@type\":\"BreadcrumbList\",\"@id\":\"https:\/\/www.globushotel.it\/ristorante\/#breadcrumb\",\"itemListElement\":[{\"@type\":\"ListItem\",\"position\":1,\"name\":\"Home\",\"item\":\"https:\/\/www.globushotel.it\/de\/\"},{\"@type\":\"ListItem\",\"position\":2,\"name\":\"RESTAURANT\"}]},{\"@type\":\"WebSite\",\"@id\":\"https:\/\/www.globushotel.it\/#website\",\"url\":\"https:\/\/www.globushotel.it\/\",\"name\":\"Hotel 3 Stelle Cattolica - Hotel Globus - Hotel con piscina\",\"description\":\"Hotel 3 Stelle Cattolica - Hotel Globus - Hotel con piscina\",\"potentialAction\":[{\"@type\":\"SearchAction\",\"target\":{\"@type\":\"EntryPoint\",\"urlTemplate\":\"https:\/\/www.globushotel.it\/?s={search_term_string}\"},\"query-input\":{\"@type\":\"PropertyValueSpecification\",\"valueRequired\":true,\"valueName\":\"search_term_string\"}}],\"inLanguage\":\"de\"}]}<\/script>\n<!-- \/ Yoast SEO plugin. -->","yoast_head_json":{"title":"RESTAURANT - Hotel 3 Stelle Cattolica - Hotel Globus - Hotel con piscina","robots":{"index":"index","follow":"follow","max-snippet":"max-snippet:-1","max-image-preview":"max-image-preview:large","max-video-preview":"max-video-preview:-1"},"canonical":"https:\/\/www.globushotel.it\/ristorante\/","og_locale":"de_DE","og_type":"article","og_title":"RESTAURANT - Hotel 3 Stelle Cattolica - Hotel Globus - Hotel con piscina","og_url":"https:\/\/www.globushotel.it\/ristorante\/","og_site_name":"Hotel 3 Stelle Cattolica - Hotel Globus - Hotel con piscina","article_publisher":"https:\/\/www.facebook.com\/cattolicahotels\/","article_modified_time":"2024-05-15T11:21:52+00:00","twitter_card":"summary_large_image","twitter_misc":{"Gesch\u00e4tzte Lesezeit":"25\u00a0Minuten"},"schema":{"@context":"https:\/\/schema.org","@graph":[{"@type":"WebPage","@id":"https:\/\/www.globushotel.it\/ristorante\/","url":"https:\/\/www.globushotel.it\/ristorante\/","name":"RESTAURANT - Hotel 3 Stelle Cattolica - Hotel Globus - Hotel con piscina","isPartOf":{"@id":"https:\/\/www.globushotel.it\/#website"},"datePublished":"2020-05-06T19:48:07+00:00","dateModified":"2024-05-15T11:21:52+00:00","breadcrumb":{"@id":"https:\/\/www.globushotel.it\/ristorante\/#breadcrumb"},"inLanguage":"de","potentialAction":[{"@type":"ReadAction","target":["https:\/\/www.globushotel.it\/ristorante\/"]}]},{"@type":"BreadcrumbList","@id":"https:\/\/www.globushotel.it\/ristorante\/#breadcrumb","itemListElement":[{"@type":"ListItem","position":1,"name":"Home","item":"https:\/\/www.globushotel.it\/de\/"},{"@type":"ListItem","position":2,"name":"RESTAURANT"}]},{"@type":"WebSite","@id":"https:\/\/www.globushotel.it\/#website","url":"https:\/\/www.globushotel.it\/","name":"Hotel 3 Stelle Cattolica - Hotel Globus - Hotel con piscina","description":"Hotel 3 Stelle Cattolica - Hotel Globus - Hotel con piscina","potentialAction":[{"@type":"SearchAction","target":{"@type":"EntryPoint","urlTemplate":"https:\/\/www.globushotel.it\/?s={search_term_string}"},"query-input":{"@type":"PropertyValueSpecification","valueRequired":true,"valueName":"search_term_string"}}],"inLanguage":"de"}]}},"_links":{"self":[{"href":"https:\/\/www.globushotel.it\/de\/wp-json\/wp\/v2\/pages\/3467","targetHints":{"allow":["GET"]}}],"collection":[{"href":"https:\/\/www.globushotel.it\/de\/wp-json\/wp\/v2\/pages"}],"about":[{"href":"https:\/\/www.globushotel.it\/de\/wp-json\/wp\/v2\/types\/page"}],"author":[{"embeddable":true,"href":"https:\/\/www.globushotel.it\/de\/wp-json\/wp\/v2\/users\/1"}],"replies":[{"embeddable":true,"href":"https:\/\/www.globushotel.it\/de\/wp-json\/wp\/v2\/comments?post=3467"}],"version-history":[{"count":12,"href":"https:\/\/www.globushotel.it\/de\/wp-json\/wp\/v2\/pages\/3467\/revisions"}],"predecessor-version":[{"id":4602,"href":"https:\/\/www.globushotel.it\/de\/wp-json\/wp\/v2\/pages\/3467\/revisions\/4602"}],"wp:attachment":[{"href":"https:\/\/www.globushotel.it\/de\/wp-json\/wp\/v2\/media?parent=3467"}],"curies":[{"name":"wp","href":"https:\/\/api.w.org\/{rel}","templated":true}]}}