{"id":3464,"date":"2022-04-13T07:56:42","date_gmt":"2022-04-13T05:56:42","guid":{"rendered":"https:\/\/globushotel.it\/position\/"},"modified":"2024-05-15T21:37:20","modified_gmt":"2024-05-15T19:37:20","slug":"position","status":"publish","type":"page","link":"https:\/\/www.globushotel.it\/de\/position\/","title":{"rendered":"POSITION"},"content":{"rendered":"<div class=\"fusion-fullwidth fullwidth-box fusion-builder-row-1 fusion-flex-container nonhundred-percent-fullwidth non-hundred-percent-height-scrolling\" style=\"--awb-border-radius-top-left:0px;--awb-border-radius-top-right:0px;--awb-border-radius-bottom-right:0px;--awb-border-radius-bottom-left:0px;--awb-flex-wrap:wrap;\" ><div class=\"fusion-builder-row fusion-row fusion-flex-align-items-flex-start fusion-flex-content-wrap\" style=\"max-width:1435.2px;margin-left: calc(-4% \/ 2 );margin-right: calc(-4% \/ 2 );\"><div class=\"fusion-layout-column fusion_builder_column fusion-builder-column-0 fusion_builder_column_1_1 1_1 fusion-flex-column\" style=\"--awb-bg-size:cover;--awb-width-large:100%;--awb-margin-top-large:0px;--awb-spacing-right-large:1.92%;--awb-margin-bottom-large:0px;--awb-spacing-left-large:1.92%;--awb-width-medium:100%;--awb-spacing-right-medium:1.92%;--awb-spacing-left-medium:1.92%;--awb-width-small:100%;--awb-spacing-right-small:1.92%;--awb-spacing-left-small:1.92%;\"><div class=\"fusion-column-wrapper fusion-column-has-shadow fusion-flex-justify-content-flex-start fusion-content-layout-column\"><div class=\"fusion-title title fusion-title-1 fusion-title-text fusion-title-size-two\"><div class=\"title-sep-container title-sep-container-left fusion-no-large-visibility fusion-no-medium-visibility fusion-no-small-visibility\"><div class=\"title-sep sep- sep-solid\" style=\"border-color:#e0dede;\"><\/div><\/div><span class=\"awb-title-spacer fusion-no-large-visibility fusion-no-medium-visibility fusion-no-small-visibility\"><\/span><h2 class=\"fusion-title-heading title-heading-left\" style=\"margin:0;\">Das Ziel Ihres Urlaubs: Hotel Globus in Cattolica.<\/h2><span class=\"awb-title-spacer\"><\/span><div class=\"title-sep-container title-sep-container-right\"><div class=\"title-sep sep- sep-solid\" style=\"border-color:#e0dede;\"><\/div><\/div><\/div><div class=\"fusion-separator fusion-full-width-sep\" style=\"align-self: center;margin-left: auto;margin-right: auto;margin-bottom:20px;width:100%;\"><\/div><div class=\"fusion-text fusion-text-1\"><p>Unser Hotel befindet sich in einer ausgezeichneten zentralen und ruhigen Lage, an der Fu\u00dfg\u00e4ngerpromenade von Viale Dante, die Einkaufsstra\u00dfe mit Bars, Restaurants, Gesch\u00e4ften, 120 Meter. vom Meer und dem Strand, im Sommer Touristenzentrum und nur wenige Schritte vom Zentrum entfernt. Auch wir sind leicht mit dem Auto auch von der Via Perugia aus erreichbar. <\/p>\n<p><strong>Unsere Struktur ist:<\/strong><\/p>\n<ul>\n<li>120 mt. vom Strand aus<\/li>\n<li>500 mt. von der zentralen und eindrucksvollen Piazza Primo Maggio, die f\u00fcr den Sirenen Brunnen bekannt ist und die Show der tanzenden Font\u00e4nen\u201d mit Wasser- und Lichtspielen im Rhytmus der Musik .<\/li>\n<li>600 mt. aus dem Aquarium von Cattolica \u201cLe Navi\u201d<\/li>\n<li>1 km. von der Marina di Cattolica, wo Sie das historische Seedock und die Neues Touristendock.<\/li>\n<li>100 mt. von unserem Parkplatz oder unserer Garage, leicht zug\u00e4nglich und kostenlos.<\/li>\n<\/ul>\n<p>Das Hotel Globus ist das ideale Ziel, um sich am Meer oder am Pool zu entspannen, durch die Stra\u00dfen der Stadt spazieren zu gehen und die nahen gelegenen Orte der Kunst und Unterhaltung erkunden, das Hinterland mit seinen Sanfte H\u00fcgel, mittelalterliche D\u00f6rfer und lustige Themenparks.<\/p>\n<p><strong>So erreichen Sie uns:<\/strong><\/p>\n<ul>\n<li><strong>Mit dem Auto<\/strong> Autobahnausfahrt A14 \u2013Cattolica-San Giovanni-Gabicce (ca. 2 km)<\/li>\n<\/ul>\n<ul>\n<li><strong>Mit dem Zug<\/strong> <a href=\"https:\/\/www.trenitalia.com\/\">Bahnhof Cattolica-San Giovanni-Gabicce<\/a> ca. 1,5 km vom Hotel entfernt, erreichbar Mit der Buslinie Nr. 125 oder Taxi oder zu Fu\u00df.<\/li>\n<\/ul>\n<ul>\n<li><strong>Mit dem Flugzeug <\/strong> <a href=\"https:\/\/riminiairport.com\/\">Flughafen Rimini F. Fellini <\/a> (18 km), <a href=\"https:\/\/www.bologna-airport.it\/\">Flughafen Bologna G. Marconi <\/a> (130 km), <a href=\"https:\/\/www.ancona-airport.com\/\">Flughafen International R. Sanzio von Ancona<\/a> (80 km).<\/li>\n<\/ul>\n<p>Wir w\u00fcnschen Ihnen eine gute Reise nach Cattolica&#8230;!<\/p>\n<\/div><\/div><\/div><\/div><\/div>\n","protected":false},"excerpt":{"rendered":"","protected":false},"author":1,"featured_media":0,"parent":0,"menu_order":0,"comment_status":"closed","ping_status":"closed","template":"","meta":{"_acf_changed":false,"footnotes":""},"class_list":["post-3464","page","type-page","status-publish","hentry"],"acf":[],"yoast_head":"<!-- This site is optimized with the Yoast SEO plugin v27.0 - https:\/\/yoast.com\/product\/yoast-seo-wordpress\/ -->\n<title>POSITION - Hotel 3 Stelle Cattolica - Hotel Globus - Hotel con piscina<\/title>\n<meta name=\"robots\" content=\"index, follow, max-snippet:-1, max-image-preview:large, max-video-preview:-1\" \/>\n<link rel=\"canonical\" href=\"https:\/\/www.globushotel.it\/de\/position\/\" \/>\n<meta property=\"og:locale\" content=\"de_DE\" \/>\n<meta property=\"og:type\" content=\"article\" \/>\n<meta property=\"og:title\" content=\"POSITION - Hotel 3 Stelle Cattolica - Hotel Globus - Hotel con piscina\" \/>\n<meta property=\"og:url\" content=\"https:\/\/www.globushotel.it\/de\/position\/\" \/>\n<meta property=\"og:site_name\" content=\"Hotel 3 Stelle Cattolica - Hotel Globus - Hotel con piscina\" \/>\n<meta property=\"article:publisher\" content=\"https:\/\/www.facebook.com\/cattolicahotels\/\" \/>\n<meta property=\"article:modified_time\" content=\"2024-05-15T19:37:20+00:00\" \/>\n<meta name=\"twitter:card\" content=\"summary_large_image\" \/>\n<meta name=\"twitter:label1\" content=\"Gesch\u00e4tzte Lesezeit\" \/>\n\t<meta name=\"twitter:data1\" content=\"5\u00a0Minuten\" \/>\n<script type=\"application\/ld+json\" class=\"yoast-schema-graph\">{\"@context\":\"https:\/\/schema.org\",\"@graph\":[{\"@type\":\"WebPage\",\"@id\":\"https:\/\/www.globushotel.it\/de\/position\/\",\"url\":\"https:\/\/www.globushotel.it\/de\/position\/\",\"name\":\"POSITION - Hotel 3 Stelle Cattolica - Hotel Globus - Hotel con piscina\",\"isPartOf\":{\"@id\":\"https:\/\/www.globushotel.it\/#website\"},\"datePublished\":\"2022-04-13T05:56:42+00:00\",\"dateModified\":\"2024-05-15T19:37:20+00:00\",\"breadcrumb\":{\"@id\":\"https:\/\/www.globushotel.it\/de\/position\/#breadcrumb\"},\"inLanguage\":\"de\",\"potentialAction\":[{\"@type\":\"ReadAction\",\"target\":[\"https:\/\/www.globushotel.it\/de\/position\/\"]}]},{\"@type\":\"BreadcrumbList\",\"@id\":\"https:\/\/www.globushotel.it\/de\/position\/#breadcrumb\",\"itemListElement\":[{\"@type\":\"ListItem\",\"position\":1,\"name\":\"Home\",\"item\":\"https:\/\/www.globushotel.it\/de\/\"},{\"@type\":\"ListItem\",\"position\":2,\"name\":\"POSITION\"}]},{\"@type\":\"WebSite\",\"@id\":\"https:\/\/www.globushotel.it\/#website\",\"url\":\"https:\/\/www.globushotel.it\/\",\"name\":\"Hotel 3 Stelle Cattolica - Hotel Globus - Hotel con piscina\",\"description\":\"Hotel 3 Stelle Cattolica - Hotel Globus - Hotel con piscina\",\"potentialAction\":[{\"@type\":\"SearchAction\",\"target\":{\"@type\":\"EntryPoint\",\"urlTemplate\":\"https:\/\/www.globushotel.it\/?s={search_term_string}\"},\"query-input\":{\"@type\":\"PropertyValueSpecification\",\"valueRequired\":true,\"valueName\":\"search_term_string\"}}],\"inLanguage\":\"de\"}]}<\/script>\n<!-- \/ Yoast SEO plugin. -->","yoast_head_json":{"title":"POSITION - Hotel 3 Stelle Cattolica - Hotel Globus - Hotel con piscina","robots":{"index":"index","follow":"follow","max-snippet":"max-snippet:-1","max-image-preview":"max-image-preview:large","max-video-preview":"max-video-preview:-1"},"canonical":"https:\/\/www.globushotel.it\/de\/position\/","og_locale":"de_DE","og_type":"article","og_title":"POSITION - Hotel 3 Stelle Cattolica - Hotel Globus - Hotel con piscina","og_url":"https:\/\/www.globushotel.it\/de\/position\/","og_site_name":"Hotel 3 Stelle Cattolica - Hotel Globus - Hotel con piscina","article_publisher":"https:\/\/www.facebook.com\/cattolicahotels\/","article_modified_time":"2024-05-15T19:37:20+00:00","twitter_card":"summary_large_image","twitter_misc":{"Gesch\u00e4tzte Lesezeit":"5\u00a0Minuten"},"schema":{"@context":"https:\/\/schema.org","@graph":[{"@type":"WebPage","@id":"https:\/\/www.globushotel.it\/de\/position\/","url":"https:\/\/www.globushotel.it\/de\/position\/","name":"POSITION - Hotel 3 Stelle Cattolica - Hotel Globus - Hotel con piscina","isPartOf":{"@id":"https:\/\/www.globushotel.it\/#website"},"datePublished":"2022-04-13T05:56:42+00:00","dateModified":"2024-05-15T19:37:20+00:00","breadcrumb":{"@id":"https:\/\/www.globushotel.it\/de\/position\/#breadcrumb"},"inLanguage":"de","potentialAction":[{"@type":"ReadAction","target":["https:\/\/www.globushotel.it\/de\/position\/"]}]},{"@type":"BreadcrumbList","@id":"https:\/\/www.globushotel.it\/de\/position\/#breadcrumb","itemListElement":[{"@type":"ListItem","position":1,"name":"Home","item":"https:\/\/www.globushotel.it\/de\/"},{"@type":"ListItem","position":2,"name":"POSITION"}]},{"@type":"WebSite","@id":"https:\/\/www.globushotel.it\/#website","url":"https:\/\/www.globushotel.it\/","name":"Hotel 3 Stelle Cattolica - Hotel Globus - Hotel con piscina","description":"Hotel 3 Stelle Cattolica - Hotel Globus - Hotel con piscina","potentialAction":[{"@type":"SearchAction","target":{"@type":"EntryPoint","urlTemplate":"https:\/\/www.globushotel.it\/?s={search_term_string}"},"query-input":{"@type":"PropertyValueSpecification","valueRequired":true,"valueName":"search_term_string"}}],"inLanguage":"de"}]}},"_links":{"self":[{"href":"https:\/\/www.globushotel.it\/de\/wp-json\/wp\/v2\/pages\/3464","targetHints":{"allow":["GET"]}}],"collection":[{"href":"https:\/\/www.globushotel.it\/de\/wp-json\/wp\/v2\/pages"}],"about":[{"href":"https:\/\/www.globushotel.it\/de\/wp-json\/wp\/v2\/types\/page"}],"author":[{"embeddable":true,"href":"https:\/\/www.globushotel.it\/de\/wp-json\/wp\/v2\/users\/1"}],"replies":[{"embeddable":true,"href":"https:\/\/www.globushotel.it\/de\/wp-json\/wp\/v2\/comments?post=3464"}],"version-history":[{"count":19,"href":"https:\/\/www.globushotel.it\/de\/wp-json\/wp\/v2\/pages\/3464\/revisions"}],"predecessor-version":[{"id":4614,"href":"https:\/\/www.globushotel.it\/de\/wp-json\/wp\/v2\/pages\/3464\/revisions\/4614"}],"wp:attachment":[{"href":"https:\/\/www.globushotel.it\/de\/wp-json\/wp\/v2\/media?parent=3464"}],"curies":[{"name":"wp","href":"https:\/\/api.w.org\/{rel}","templated":true}]}}