{"id":3461,"date":"2021-04-20T13:17:48","date_gmt":"2021-04-20T11:17:48","guid":{"rendered":"https:\/\/globushotel.it\/bike-sport\/"},"modified":"2025-03-17T16:21:58","modified_gmt":"2025-03-17T15:21:58","slug":"bike-sport","status":"publish","type":"page","link":"https:\/\/www.globushotel.it\/de\/bike-sport\/","title":{"rendered":"BIKE &amp; SPORT"},"content":{"rendered":"<p><div class=\"fusion-fullwidth fullwidth-box fusion-builder-row-1 fusion-flex-container has-pattern-background has-mask-background nonhundred-percent-fullwidth non-hundred-percent-height-scrolling\" style=\"--awb-background-position:left top;--awb-border-sizes-top:0px;--awb-border-sizes-bottom:0px;--awb-border-sizes-left:0px;--awb-border-sizes-right:0px;--awb-border-radius-top-left:0px;--awb-border-radius-top-right:0px;--awb-border-radius-bottom-right:0px;--awb-border-radius-bottom-left:0px;--awb-padding-top:50px;--awb-padding-bottom:50px;--awb-flex-wrap:wrap;\" ><div class=\"fusion-builder-row fusion-row fusion-flex-align-items-flex-start fusion-flex-content-wrap\" style=\"max-width:1435.2px;margin-left: calc(-4% \/ 2 );margin-right: calc(-4% \/ 2 );\"><div class=\"fusion-layout-column fusion_builder_column fusion-builder-column-0 fusion_builder_column_1_2 1_2 fusion-flex-column\" style=\"--awb-bg-size:cover;--awb-width-large:50%;--awb-margin-top-large:0px;--awb-spacing-right-large:5.12%;--awb-margin-bottom-large:0px;--awb-spacing-left-large:3.84%;--awb-width-medium:100%;--awb-spacing-right-medium:1.92%;--awb-spacing-left-medium:1.92%;--awb-width-small:100%;--awb-spacing-right-small:1.92%;--awb-spacing-left-small:1.92%;\"><div class=\"fusion-column-wrapper fusion-flex-justify-content-flex-start fusion-content-layout-column\"><div class=\"fusion-text fusion-text-1\"><h2>BIKE &amp; SPORT<\/h2>\n<\/div><div class=\"fusion-separator\" style=\"align-self: flex-start;margin-right:auto;margin-top:0px;margin-bottom:35px;width:100%;max-width:170px;\"><div class=\"fusion-separator-border sep-single sep-solid\" style=\"--awb-height:20px;--awb-amount:20px;--awb-sep-color:#d2b661;border-color:#d2b661;border-top-width:3px;\"><\/div><\/div><div class=\"fusion-text fusion-text-2\"><p>Das Hotel Globus ist das ideale <strong>Bike-Hotel in Cattolica<\/strong>, um Ihren Radurlaub zu verbringen.<\/p>\n<p>F\u00fcr Sportler, Fans von 2 R\u00e4dern, nur wenige Kilometer von Cattolica entfernt \u00f6ffnet sich ein Hinterland von Sanfte H\u00fcgel und stille T\u00e4ler mit Blick auf das Meer, H\u00fcter der Geschichte und Traditionen, an der Grenze zwischen der Romagna und den Marken. Sie sind Orte, die in der Lage sind, Emotionen zu vermitteln und Vorschl\u00e4ge zu machen unglaubliche Ausblicke auf Naturwunder, ein faszinierender Kontrast zwischen Meer und H\u00fcgeln, D\u00f6rfern, Schl\u00f6sser und D\u00f6rfer im Gr\u00fcnen, von denen einige, Monte S. Bartolo, Gradara, Fiorenzuola di Focara, Urbino, Montefiore Conca, San Leo, San Marino, Carpegna, Verucchio, Strade del Sangiovese und viele andere.<\/p>\n<\/div><div ><a class=\"fusion-button button-flat fusion-button-default-size button-default fusion-button-default button-1 fusion-button-default-span fusion-button-default-type\" style=\"width:calc(100%);\" target=\"_self\" href=\"https:\/\/globushotel.it\/de\/offerta\/besondere-radfahrer\/\"><span class=\"fusion-button-text awb-button__text awb-button__text--default\">ZUM ANGEBOT GEHEN<\/span><\/a><\/div><\/div><\/div><div class=\"fusion-layout-column fusion_builder_column fusion-builder-column-1 fusion_builder_column_1_2 1_2 fusion-flex-column\" style=\"--awb-bg-size:cover;--awb-width-large:50%;--awb-margin-top-large:0px;--awb-spacing-right-large:3.84%;--awb-margin-bottom-large:0px;--awb-spacing-left-large:2.56%;--awb-width-medium:100%;--awb-spacing-right-medium:1.92%;--awb-spacing-left-medium:1.92%;--awb-width-small:100%;--awb-spacing-right-small:1.92%;--awb-spacing-left-small:1.92%;\"><div class=\"fusion-column-wrapper fusion-flex-justify-content-flex-start fusion-content-layout-column\"><div class=\"fusion-image-element \" style=\"--awb-caption-title-font-family:var(--h2_typography-font-family);--awb-caption-title-font-weight:var(--h2_typography-font-weight);--awb-caption-title-font-style:var(--h2_typography-font-style);--awb-caption-title-size:var(--h2_typography-font-size);--awb-caption-title-transform:var(--h2_typography-text-transform);--awb-caption-title-line-height:var(--h2_typography-line-height);--awb-caption-title-letter-spacing:var(--h2_typography-letter-spacing);\"><span class=\" fusion-imageframe imageframe-none imageframe-1 hover-type-zoomin fusion-animated\" data-animationType=\"fadeInDown\" data-animationDuration=\"1.0\" data-animationOffset=\"top-into-view\"><img decoding=\"async\" width=\"1000\" height=\"667\" alt=\"hotelglobus-cattolica_ciclisti\" title=\"Bike &#038; Sport\" src=\"https:\/\/www.globushotel.it\/wp-content\/uploads\/2023\/03\/percorso-cicloturistico_52.jpg\" data-orig-src=\"http:\/\/globushotel.it\/wp-content\/uploads\/2023\/03\/percorso-cicloturistico_52.jpg\" class=\"lazyload img-responsive wp-image-3136\" srcset=\"data:image\/svg+xml,%3Csvg%20xmlns%3D%27http%3A%2F%2Fwww.w3.org%2F2000%2Fsvg%27%20width%3D%271000%27%20height%3D%27667%27%20viewBox%3D%270%200%201000%20667%27%3E%3Crect%20width%3D%271000%27%20height%3D%27667%27%20fill-opacity%3D%220%22%2F%3E%3C%2Fsvg%3E\" data-srcset=\"https:\/\/www.globushotel.it\/wp-content\/uploads\/2023\/03\/percorso-cicloturistico_52-200x133.jpg 200w, https:\/\/www.globushotel.it\/wp-content\/uploads\/2023\/03\/percorso-cicloturistico_52-400x267.jpg 400w, https:\/\/www.globushotel.it\/wp-content\/uploads\/2023\/03\/percorso-cicloturistico_52-600x400.jpg 600w, https:\/\/www.globushotel.it\/wp-content\/uploads\/2023\/03\/percorso-cicloturistico_52-800x534.jpg 800w, https:\/\/www.globushotel.it\/wp-content\/uploads\/2023\/03\/percorso-cicloturistico_52.jpg 1000w\" data-sizes=\"auto\" data-orig-sizes=\"(max-width: 1024px) 100vw, (max-width: 640px) 100vw, 800px\" \/><\/span><\/div><\/div><\/div><\/div><\/div><div class=\"fusion-fullwidth fullwidth-box fusion-builder-row-2 fusion-flex-container nonhundred-percent-fullwidth non-hundred-percent-height-scrolling\" style=\"--awb-background-position:left top;--awb-border-sizes-top:0px;--awb-border-sizes-bottom:0px;--awb-border-sizes-left:0px;--awb-border-sizes-right:0px;--awb-border-radius-top-left:0px;--awb-border-radius-top-right:0px;--awb-border-radius-bottom-right:0px;--awb-border-radius-bottom-left:0px;--awb-padding-top:50px;--awb-padding-bottom:50px;--awb-flex-wrap:wrap;\" ><div class=\"fusion-builder-row fusion-row fusion-flex-align-items-flex-start fusion-flex-content-wrap\" style=\"max-width:1435.2px;margin-left: calc(-4% \/ 2 );margin-right: calc(-4% \/ 2 );\"><div class=\"fusion-layout-column fusion_builder_column fusion-builder-column-2 fusion_builder_column_1_2 1_2 fusion-flex-column\" style=\"--awb-bg-size:cover;--awb-width-large:50%;--awb-margin-top-large:0px;--awb-spacing-right-large:3.84%;--awb-margin-bottom-large:0px;--awb-spacing-left-large:2.56%;--awb-width-medium:100%;--awb-spacing-right-medium:1.92%;--awb-spacing-left-medium:1.92%;--awb-width-small:100%;--awb-spacing-right-small:1.92%;--awb-spacing-left-small:1.92%;\"><div class=\"fusion-column-wrapper fusion-flex-justify-content-flex-start fusion-content-layout-column\"><div class=\"fusion-image-element \" style=\"--awb-caption-title-font-family:var(--h2_typography-font-family);--awb-caption-title-font-weight:var(--h2_typography-font-weight);--awb-caption-title-font-style:var(--h2_typography-font-style);--awb-caption-title-size:var(--h2_typography-font-size);--awb-caption-title-transform:var(--h2_typography-text-transform);--awb-caption-title-line-height:var(--h2_typography-line-height);--awb-caption-title-letter-spacing:var(--h2_typography-letter-spacing);\"><span class=\" fusion-imageframe imageframe-none imageframe-2 hover-type-zoomin fusion-animated\" data-animationType=\"fadeInDown\" data-animationDuration=\"1.0\" data-animationOffset=\"top-into-view\"><img decoding=\"async\" width=\"900\" height=\"425\" alt=\"hotelglobus-cattolica_ciclisti\" title=\"Bike &#038; Sport\" src=\"https:\/\/www.globushotel.it\/wp-content\/uploads\/2023\/03\/percorso-cicloturistico_43-900x425-1.jpg\" data-orig-src=\"http:\/\/globushotel.it\/wp-content\/uploads\/2023\/03\/percorso-cicloturistico_43-900x425-1.jpg\" class=\"lazyload img-responsive wp-image-3139\" srcset=\"data:image\/svg+xml,%3Csvg%20xmlns%3D%27http%3A%2F%2Fwww.w3.org%2F2000%2Fsvg%27%20width%3D%27900%27%20height%3D%27425%27%20viewBox%3D%270%200%20900%20425%27%3E%3Crect%20width%3D%27900%27%20height%3D%27425%27%20fill-opacity%3D%220%22%2F%3E%3C%2Fsvg%3E\" data-srcset=\"https:\/\/www.globushotel.it\/wp-content\/uploads\/2023\/03\/percorso-cicloturistico_43-900x425-1-200x94.jpg 200w, https:\/\/www.globushotel.it\/wp-content\/uploads\/2023\/03\/percorso-cicloturistico_43-900x425-1-400x189.jpg 400w, https:\/\/www.globushotel.it\/wp-content\/uploads\/2023\/03\/percorso-cicloturistico_43-900x425-1-600x283.jpg 600w, https:\/\/www.globushotel.it\/wp-content\/uploads\/2023\/03\/percorso-cicloturistico_43-900x425-1-800x378.jpg 800w, https:\/\/www.globushotel.it\/wp-content\/uploads\/2023\/03\/percorso-cicloturistico_43-900x425-1.jpg 900w\" data-sizes=\"auto\" data-orig-sizes=\"(max-width: 1024px) 100vw, (max-width: 640px) 100vw, 800px\" \/><\/span><\/div><div class=\"fusion-separator fusion-full-width-sep\" style=\"align-self: center;margin-left: auto;margin-right: auto;margin-bottom:50px;width:100%;\"><\/div><div class=\"fusion-text fusion-text-3\"><p>Entdecken Sie Karten und empfohlene Reiserouten.<\/p>\n<\/div><div class=\"fusion-builder-row fusion-builder-row-inner fusion-row fusion-flex-align-items-flex-start fusion-flex-content-wrap\" style=\"width:104% !important;max-width:104% !important;margin-left: calc(-4% \/ 2 );margin-right: calc(-4% \/ 2 );\"><div class=\"fusion-layout-column fusion_builder_column_inner fusion-builder-nested-column-0 fusion_builder_column_inner_1_2 1_2 fusion-flex-column\" style=\"--awb-bg-size:cover;--awb-width-large:50%;--awb-margin-top-large:0px;--awb-spacing-right-large:3.84%;--awb-margin-bottom-large:0px;--awb-spacing-left-large:3.84%;--awb-width-medium:100%;--awb-order-medium:0;--awb-spacing-right-medium:1.92%;--awb-spacing-left-medium:1.92%;--awb-width-small:100%;--awb-order-small:0;--awb-spacing-right-small:1.92%;--awb-spacing-left-small:1.92%;\"><div class=\"fusion-column-wrapper fusion-column-has-shadow fusion-flex-justify-content-flex-start fusion-content-layout-column\"><div ><a class=\"fusion-button button-flat fusion-button-default-size button-default fusion-button-default button-2 fusion-button-default-span fusion-button-default-type\" style=\"width:calc(100%);\" target=\"_blank\" rel=\"noopener noreferrer\" href=\"https:\/\/www.globushotel.it\/pdf\/Mappa%20cicloturismo%20-%20Radtouristische%20Karte%20Ita%20-Ted.pdf\"><span class=\"fusion-button-icon-divider button-icon-divider-left\"><i class=\"fa-map-marked-alt fas awb-button__icon awb-button__icon--default\" aria-hidden=\"true\"><\/i><\/span><span class=\"fusion-button-text awb-button__text awb-button__text--default fusion-button-text-left\">Karten<\/span><\/a><\/div><\/div><\/div><div class=\"fusion-layout-column fusion_builder_column_inner fusion-builder-nested-column-1 fusion_builder_column_inner_1_2 1_2 fusion-flex-column\" style=\"--awb-bg-size:cover;--awb-width-large:50%;--awb-margin-top-large:0px;--awb-spacing-right-large:3.84%;--awb-margin-bottom-large:0px;--awb-spacing-left-large:3.84%;--awb-width-medium:100%;--awb-order-medium:0;--awb-spacing-right-medium:1.92%;--awb-spacing-left-medium:1.92%;--awb-width-small:100%;--awb-order-small:0;--awb-spacing-right-small:1.92%;--awb-spacing-left-small:1.92%;\"><div class=\"fusion-column-wrapper fusion-column-has-shadow fusion-flex-justify-content-flex-start fusion-content-layout-column\"><div ><a class=\"fusion-button button-flat fusion-button-default-size button-default fusion-button-default button-3 fusion-button-default-span fusion-button-default-type\" style=\"width:calc(100%);\" target=\"_blank\" rel=\"noopener noreferrer\" href=\"https:\/\/www.globushotel.it\/pdf\/Itinerari%20cicloturistici%20-%20Radtourististiche%20Strecken%20-%20Ita%20-Ted.pdf\"><span class=\"fusion-button-icon-divider button-icon-divider-left\"><i class=\"fa-route fas awb-button__icon awb-button__icon--default\" aria-hidden=\"true\"><\/i><\/span><span class=\"fusion-button-text awb-button__text awb-button__text--default fusion-button-text-left\">Reiserouten<\/span><\/a><\/div><\/div><\/div><\/div><\/div><\/div><div class=\"fusion-layout-column fusion_builder_column fusion-builder-column-3 fusion_builder_column_1_2 1_2 fusion-flex-column\" style=\"--awb-bg-size:cover;--awb-width-large:50%;--awb-margin-top-large:0px;--awb-spacing-right-large:5.12%;--awb-margin-bottom-large:0px;--awb-spacing-left-large:3.84%;--awb-width-medium:100%;--awb-spacing-right-medium:1.92%;--awb-spacing-left-medium:1.92%;--awb-width-small:100%;--awb-spacing-right-small:1.92%;--awb-spacing-left-small:1.92%;\"><div class=\"fusion-column-wrapper fusion-flex-justify-content-flex-start fusion-content-layout-column\"><div class=\"fusion-text fusion-text-4\"><h2>FAHRRAD-DIENSTLEISTUNGEN<\/h2>\n<\/div><div class=\"fusion-separator\" style=\"align-self: flex-start;margin-right:auto;margin-top:0px;margin-bottom:35px;width:100%;max-width:170px;\"><div class=\"fusion-separator-border sep-single sep-solid\" style=\"--awb-height:20px;--awb-amount:20px;--awb-sep-color:#d2b661;border-color:#d2b661;border-top-width:3px;\"><\/div><\/div><div class=\"fusion-text fusion-text-5\"><p><strong>Verschiedene Arten von Routen f\u00fcr mehr und weniger Ge\u00fcbte<\/strong><\/p>\n<ul>\n<li>Fahrradkeller mit Mini-Werkstatt und Waschplatz<\/li>\n<li>Detaillierte Reiserouten<\/li>\n<li>Vereinbarung mit einem Fachgesch\u00e4ft<\/li>\n<li>M\u00f6glichkeit von Massagen und F\u00fchrung (kostenpflichtig)<\/li>\n<li>Verpflegung f\u00fcr Sportler<\/li>\n<li>Jeden Morgen Obst und Wasser f\u00fcr Ihre Touren<\/li>\n<li>Nachmittagsbuffet bis 17.00 Uhr, Zuschlag \u20ac. 4,00 (bis 07.06 und ab 06.09)<\/li>\n<li>W\u00e4scheservice f\u00fcr Sportbekleidung (kostenpflichtig)<\/li>\n<li>Pool, beheizter Whirlpool und Fitnessraum<\/li>\n<\/ul>\n<\/div><\/div><\/div><\/div><\/div><div class=\"fusion-fullwidth fullwidth-box fusion-builder-row-3 fusion-flex-container has-pattern-background has-mask-background nonhundred-percent-fullwidth non-hundred-percent-height-scrolling\" style=\"--awb-border-radius-top-left:0px;--awb-border-radius-top-right:0px;--awb-border-radius-bottom-right:0px;--awb-border-radius-bottom-left:0px;--awb-flex-wrap:wrap;\" ><div class=\"fusion-builder-row fusion-row fusion-flex-align-items-flex-start fusion-flex-content-wrap\" style=\"max-width:1435.2px;margin-left: calc(-4% \/ 2 );margin-right: calc(-4% \/ 2 );\"><div class=\"fusion-layout-column fusion_builder_column fusion-builder-column-4 fusion_builder_column_1_1 1_1 fusion-flex-column\" style=\"--awb-bg-size:cover;--awb-width-large:100%;--awb-margin-top-large:0px;--awb-spacing-right-large:1.92%;--awb-margin-bottom-large:0px;--awb-spacing-left-large:1.92%;--awb-width-medium:100%;--awb-order-medium:0;--awb-spacing-right-medium:1.92%;--awb-spacing-left-medium:1.92%;--awb-width-small:100%;--awb-order-small:0;--awb-spacing-right-small:1.92%;--awb-spacing-left-small:1.92%;\"><div class=\"fusion-column-wrapper fusion-column-has-shadow fusion-flex-justify-content-flex-start fusion-content-layout-column\"><div class=\"fusion-image-carousel fusion-image-carousel-auto fusion-image-carousel-1 fusion-carousel-border\"><div class=\"awb-carousel awb-swiper awb-swiper-carousel awb-carousel--carousel awb-swiper-dots-position-bottom\" data-layout=\"carousel\" data-autoplay=\"yes\" data-autoplayspeed=\"2500\" data-autoplaypause=\"no\" data-columns=\"3\" data-columnsmedium=\"1\" data-columnssmall=\"1\" data-itemmargin=\"10\" data-itemwidth=\"180\" data-touchscroll=\"no\" data-freemode=\"no\" data-imagesize=\"auto\" data-scrollitems=\"0\" data-centeredslides=\"no\" data-rotationangle=\"50\" data-depth=\"100\" data-speed=\"500\" data-shadow=\"no\" data-pagination=\"bullets\" style=\"--awb-columns:3;--awb-column-spacing:10px;--awb-border-width:1px;--awb-border-color:#e9eaee;\"><div class=\"swiper-wrapper awb-image-carousel-wrapper fusion-flex-align-items-center\"><div class=\"swiper-slide\"><div class=\"fusion-carousel-item-wrapper\"><div class=\"fusion-image-wrapper hover-type-none\"><img decoding=\"async\" width=\"1200\" height=\"795\" src=\"https:\/\/www.globushotel.it\/wp-content\/uploads\/2023\/03\/211C0399-7D82-4656-BA61-64E2C1E3772C.jpeg\" class=\"attachment-full size-full lazyload\" alt=\"hotelglobus-cattolica_ciclisti\" srcset=\"data:image\/svg+xml,%3Csvg%20xmlns%3D%27http%3A%2F%2Fwww.w3.org%2F2000%2Fsvg%27%20width%3D%271200%27%20height%3D%27795%27%20viewBox%3D%270%200%201200%20795%27%3E%3Crect%20width%3D%271200%27%20height%3D%27795%27%20fill-opacity%3D%220%22%2F%3E%3C%2Fsvg%3E\" data-orig-src=\"https:\/\/www.globushotel.it\/wp-content\/uploads\/2023\/03\/211C0399-7D82-4656-BA61-64E2C1E3772C.jpeg\" data-srcset=\"https:\/\/www.globushotel.it\/wp-content\/uploads\/2023\/03\/211C0399-7D82-4656-BA61-64E2C1E3772C-200x133.jpeg 200w, https:\/\/www.globushotel.it\/wp-content\/uploads\/2023\/03\/211C0399-7D82-4656-BA61-64E2C1E3772C-400x265.jpeg 400w, https:\/\/www.globushotel.it\/wp-content\/uploads\/2023\/03\/211C0399-7D82-4656-BA61-64E2C1E3772C-600x398.jpeg 600w, https:\/\/www.globushotel.it\/wp-content\/uploads\/2023\/03\/211C0399-7D82-4656-BA61-64E2C1E3772C-800x530.jpeg 800w, https:\/\/www.globushotel.it\/wp-content\/uploads\/2023\/03\/211C0399-7D82-4656-BA61-64E2C1E3772C.jpeg 1200w\" data-sizes=\"auto\" \/><\/div><\/div><\/div><div class=\"swiper-slide\"><div class=\"fusion-carousel-item-wrapper\"><div class=\"fusion-image-wrapper hover-type-none\"><\/div><\/div><\/div><div class=\"swiper-slide\"><div class=\"fusion-carousel-item-wrapper\"><div class=\"fusion-image-wrapper hover-type-none\"><img decoding=\"async\" width=\"1600\" height=\"1067\" src=\"https:\/\/www.globushotel.it\/wp-content\/uploads\/2023\/03\/sanbartolo2.jpg\" class=\"attachment-full size-full lazyload\" alt=\"hotelglobus-cattolica_ciclisti\" srcset=\"data:image\/svg+xml,%3Csvg%20xmlns%3D%27http%3A%2F%2Fwww.w3.org%2F2000%2Fsvg%27%20width%3D%271600%27%20height%3D%271067%27%20viewBox%3D%270%200%201600%201067%27%3E%3Crect%20width%3D%271600%27%20height%3D%271067%27%20fill-opacity%3D%220%22%2F%3E%3C%2Fsvg%3E\" data-orig-src=\"https:\/\/www.globushotel.it\/wp-content\/uploads\/2023\/03\/sanbartolo2.jpg\" data-srcset=\"https:\/\/www.globushotel.it\/wp-content\/uploads\/2023\/03\/sanbartolo2-200x133.jpg 200w, https:\/\/www.globushotel.it\/wp-content\/uploads\/2023\/03\/sanbartolo2-400x267.jpg 400w, https:\/\/www.globushotel.it\/wp-content\/uploads\/2023\/03\/sanbartolo2-600x400.jpg 600w, https:\/\/www.globushotel.it\/wp-content\/uploads\/2023\/03\/sanbartolo2-800x534.jpg 800w, https:\/\/www.globushotel.it\/wp-content\/uploads\/2023\/03\/sanbartolo2-1200x800.jpg 1200w, https:\/\/www.globushotel.it\/wp-content\/uploads\/2023\/03\/sanbartolo2.jpg 1600w\" data-sizes=\"auto\" \/><\/div><\/div><\/div><\/div><div class=\"awb-swiper-button awb-swiper-button-prev\"><i class=\"awb-icon-angle-left\" aria-hidden=\"true\"><\/i><\/div><div class=\"awb-swiper-button awb-swiper-button-next\"><i class=\"awb-icon-angle-right\" aria-hidden=\"true\"><\/i><\/div><\/div><\/div><\/div><\/div><\/div><\/div><\/p>\n","protected":false},"excerpt":{"rendered":"","protected":false},"author":1,"featured_media":0,"parent":0,"menu_order":0,"comment_status":"closed","ping_status":"closed","template":"100-width.php","meta":{"_acf_changed":false,"footnotes":""},"class_list":["post-3461","page","type-page","status-publish","hentry"],"acf":[],"yoast_head":"<!-- This site is optimized with the Yoast SEO plugin v27.0 - https:\/\/yoast.com\/product\/yoast-seo-wordpress\/ -->\n<title>BIKE &amp; SPORT - Hotel 3 Stelle Cattolica - Hotel Globus - Hotel con piscina<\/title>\n<meta name=\"robots\" content=\"index, follow, max-snippet:-1, max-image-preview:large, max-video-preview:-1\" \/>\n<link rel=\"canonical\" href=\"https:\/\/www.globushotel.it\/de\/bike-sport\/\" \/>\n<meta property=\"og:locale\" content=\"de_DE\" \/>\n<meta property=\"og:type\" content=\"article\" \/>\n<meta property=\"og:title\" content=\"BIKE &amp; SPORT - Hotel 3 Stelle Cattolica - Hotel Globus - Hotel con piscina\" \/>\n<meta property=\"og:url\" content=\"https:\/\/www.globushotel.it\/de\/bike-sport\/\" \/>\n<meta property=\"og:site_name\" content=\"Hotel 3 Stelle Cattolica - Hotel Globus - Hotel con piscina\" \/>\n<meta property=\"article:publisher\" content=\"https:\/\/www.facebook.com\/cattolicahotels\/\" \/>\n<meta property=\"article:modified_time\" content=\"2025-03-17T15:21:58+00:00\" \/>\n<meta name=\"twitter:card\" content=\"summary_large_image\" \/>\n<meta name=\"twitter:label1\" content=\"Gesch\u00e4tzte Lesezeit\" \/>\n\t<meta name=\"twitter:data1\" content=\"2\u00a0Minuten\" \/>\n<script type=\"application\/ld+json\" class=\"yoast-schema-graph\">{\"@context\":\"https:\/\/schema.org\",\"@graph\":[{\"@type\":\"WebPage\",\"@id\":\"https:\/\/www.globushotel.it\/de\/bike-sport\/\",\"url\":\"https:\/\/www.globushotel.it\/de\/bike-sport\/\",\"name\":\"BIKE &amp; SPORT - Hotel 3 Stelle Cattolica - Hotel Globus - Hotel con piscina\",\"isPartOf\":{\"@id\":\"https:\/\/www.globushotel.it\/#website\"},\"datePublished\":\"2021-04-20T11:17:48+00:00\",\"dateModified\":\"2025-03-17T15:21:58+00:00\",\"breadcrumb\":{\"@id\":\"https:\/\/www.globushotel.it\/de\/bike-sport\/#breadcrumb\"},\"inLanguage\":\"de\",\"potentialAction\":[{\"@type\":\"ReadAction\",\"target\":[\"https:\/\/www.globushotel.it\/de\/bike-sport\/\"]}]},{\"@type\":\"BreadcrumbList\",\"@id\":\"https:\/\/www.globushotel.it\/de\/bike-sport\/#breadcrumb\",\"itemListElement\":[{\"@type\":\"ListItem\",\"position\":1,\"name\":\"Home\",\"item\":\"https:\/\/www.globushotel.it\/de\/\"},{\"@type\":\"ListItem\",\"position\":2,\"name\":\"BIKE &amp; SPORT\"}]},{\"@type\":\"WebSite\",\"@id\":\"https:\/\/www.globushotel.it\/#website\",\"url\":\"https:\/\/www.globushotel.it\/\",\"name\":\"Hotel 3 Stelle Cattolica - Hotel Globus - Hotel con piscina\",\"description\":\"Hotel 3 Stelle Cattolica - Hotel Globus - Hotel con piscina\",\"potentialAction\":[{\"@type\":\"SearchAction\",\"target\":{\"@type\":\"EntryPoint\",\"urlTemplate\":\"https:\/\/www.globushotel.it\/?s={search_term_string}\"},\"query-input\":{\"@type\":\"PropertyValueSpecification\",\"valueRequired\":true,\"valueName\":\"search_term_string\"}}],\"inLanguage\":\"de\"}]}<\/script>\n<!-- \/ Yoast SEO plugin. -->","yoast_head_json":{"title":"BIKE &amp; SPORT - Hotel 3 Stelle Cattolica - Hotel Globus - Hotel con piscina","robots":{"index":"index","follow":"follow","max-snippet":"max-snippet:-1","max-image-preview":"max-image-preview:large","max-video-preview":"max-video-preview:-1"},"canonical":"https:\/\/www.globushotel.it\/de\/bike-sport\/","og_locale":"de_DE","og_type":"article","og_title":"BIKE &amp; SPORT - Hotel 3 Stelle Cattolica - Hotel Globus - Hotel con piscina","og_url":"https:\/\/www.globushotel.it\/de\/bike-sport\/","og_site_name":"Hotel 3 Stelle Cattolica - Hotel Globus - Hotel con piscina","article_publisher":"https:\/\/www.facebook.com\/cattolicahotels\/","article_modified_time":"2025-03-17T15:21:58+00:00","twitter_card":"summary_large_image","twitter_misc":{"Gesch\u00e4tzte Lesezeit":"2\u00a0Minuten"},"schema":{"@context":"https:\/\/schema.org","@graph":[{"@type":"WebPage","@id":"https:\/\/www.globushotel.it\/de\/bike-sport\/","url":"https:\/\/www.globushotel.it\/de\/bike-sport\/","name":"BIKE &amp; SPORT - Hotel 3 Stelle Cattolica - Hotel Globus - Hotel con piscina","isPartOf":{"@id":"https:\/\/www.globushotel.it\/#website"},"datePublished":"2021-04-20T11:17:48+00:00","dateModified":"2025-03-17T15:21:58+00:00","breadcrumb":{"@id":"https:\/\/www.globushotel.it\/de\/bike-sport\/#breadcrumb"},"inLanguage":"de","potentialAction":[{"@type":"ReadAction","target":["https:\/\/www.globushotel.it\/de\/bike-sport\/"]}]},{"@type":"BreadcrumbList","@id":"https:\/\/www.globushotel.it\/de\/bike-sport\/#breadcrumb","itemListElement":[{"@type":"ListItem","position":1,"name":"Home","item":"https:\/\/www.globushotel.it\/de\/"},{"@type":"ListItem","position":2,"name":"BIKE &amp; SPORT"}]},{"@type":"WebSite","@id":"https:\/\/www.globushotel.it\/#website","url":"https:\/\/www.globushotel.it\/","name":"Hotel 3 Stelle Cattolica - Hotel Globus - Hotel con piscina","description":"Hotel 3 Stelle Cattolica - Hotel Globus - Hotel con piscina","potentialAction":[{"@type":"SearchAction","target":{"@type":"EntryPoint","urlTemplate":"https:\/\/www.globushotel.it\/?s={search_term_string}"},"query-input":{"@type":"PropertyValueSpecification","valueRequired":true,"valueName":"search_term_string"}}],"inLanguage":"de"}]}},"_links":{"self":[{"href":"https:\/\/www.globushotel.it\/de\/wp-json\/wp\/v2\/pages\/3461","targetHints":{"allow":["GET"]}}],"collection":[{"href":"https:\/\/www.globushotel.it\/de\/wp-json\/wp\/v2\/pages"}],"about":[{"href":"https:\/\/www.globushotel.it\/de\/wp-json\/wp\/v2\/types\/page"}],"author":[{"embeddable":true,"href":"https:\/\/www.globushotel.it\/de\/wp-json\/wp\/v2\/users\/1"}],"replies":[{"embeddable":true,"href":"https:\/\/www.globushotel.it\/de\/wp-json\/wp\/v2\/comments?post=3461"}],"version-history":[{"count":27,"href":"https:\/\/www.globushotel.it\/de\/wp-json\/wp\/v2\/pages\/3461\/revisions"}],"predecessor-version":[{"id":4949,"href":"https:\/\/www.globushotel.it\/de\/wp-json\/wp\/v2\/pages\/3461\/revisions\/4949"}],"wp:attachment":[{"href":"https:\/\/www.globushotel.it\/de\/wp-json\/wp\/v2\/media?parent=3461"}],"curies":[{"name":"wp","href":"https:\/\/api.w.org\/{rel}","templated":true}]}}