{"id":3452,"date":"2021-04-20T12:48:38","date_gmt":"2021-04-20T10:48:38","guid":{"rendered":"https:\/\/globushotel.it\/zimmer\/"},"modified":"2024-03-22T21:05:10","modified_gmt":"2024-03-22T20:05:10","slug":"zimmer","status":"publish","type":"page","link":"https:\/\/www.globushotel.it\/de\/zimmer\/","title":{"rendered":"ZIMMER"},"content":{"rendered":"<p><div class=\"fusion-fullwidth fullwidth-box fusion-builder-row-1 fusion-flex-container has-pattern-background has-mask-background nonhundred-percent-fullwidth non-hundred-percent-height-scrolling\" style=\"--awb-background-position:left top;--awb-border-sizes-top:0px;--awb-border-sizes-bottom:0px;--awb-border-sizes-left:0px;--awb-border-sizes-right:0px;--awb-border-radius-top-left:0px;--awb-border-radius-top-right:0px;--awb-border-radius-bottom-right:0px;--awb-border-radius-bottom-left:0px;--awb-padding-top:50px;--awb-padding-bottom:50px;--awb-flex-wrap:wrap;\" ><div class=\"fusion-builder-row fusion-row fusion-flex-align-items-flex-start fusion-flex-content-wrap\" style=\"max-width:1435.2px;margin-left: calc(-4% \/ 2 );margin-right: calc(-4% \/ 2 );\"><div class=\"fusion-layout-column fusion_builder_column fusion-builder-column-0 fusion_builder_column_3_5 3_5 fusion-flex-column\" style=\"--awb-bg-size:cover;--awb-width-large:60%;--awb-margin-top-large:0px;--awb-spacing-right-large:4.2666666666667%;--awb-margin-bottom-large:0px;--awb-spacing-left-large:3.2%;--awb-width-medium:100%;--awb-spacing-right-medium:1.92%;--awb-spacing-left-medium:1.92%;--awb-width-small:100%;--awb-spacing-right-small:1.92%;--awb-spacing-left-small:1.92%;\"><div class=\"fusion-column-wrapper fusion-flex-justify-content-flex-start fusion-content-layout-column\"><div class=\"fusion-text fusion-text-1\"><h2>HOTELZIMMER<\/h2>\n<\/div><div class=\"fusion-separator\" style=\"align-self: flex-start;margin-right:auto;margin-top:0px;margin-bottom:35px;width:100%;max-width:170px;\"><div class=\"fusion-separator-border sep-single sep-solid\" style=\"--awb-height:20px;--awb-amount:20px;--awb-sep-color:#d2b661;border-color:#d2b661;border-top-width:3px;\"><\/div><\/div><div class=\"fusion-text fusion-text-2\"><p><strong>Die angenehme Atmosph\u00e4re der \u00f6ffentlichen Bereiche setzt sich in der Intimit\u00e4t der Zimmer fort<br \/>\n<\/strong>, um nach einem Tag am Pool, am Meer oder bei der Erkundung der Umgebung eine wohlverdiente Ruhe zu genie\u00dfen. Unsere Zimmer sind einladend, hell, gepflegt und mit allem Komfort ausgestattet, um zu bieten Unsere G\u00e4ste Momente der angenehmen Entspannung.<\/p>\n<\/div><\/div><\/div><div class=\"fusion-layout-column fusion_builder_column fusion-builder-column-1 fusion_builder_column_2_5 2_5 fusion-flex-column\" style=\"--awb-bg-size:cover;--awb-width-large:40%;--awb-margin-top-large:0px;--awb-spacing-right-large:4.8%;--awb-margin-bottom-large:0px;--awb-spacing-left-large:3.84%;--awb-width-medium:100%;--awb-order-medium:0;--awb-spacing-right-medium:1.92%;--awb-spacing-left-medium:1.92%;--awb-width-small:100%;--awb-order-small:0;--awb-spacing-right-small:1.92%;--awb-spacing-left-small:1.92%;\" data-scroll-devices=\"small-visibility,medium-visibility,large-visibility\"><div class=\"fusion-column-wrapper fusion-column-has-shadow fusion-flex-justify-content-flex-start fusion-content-layout-column\"><div class=\"fusion-image-element \" style=\"--awb-caption-title-font-family:var(--h2_typography-font-family);--awb-caption-title-font-weight:var(--h2_typography-font-weight);--awb-caption-title-font-style:var(--h2_typography-font-style);--awb-caption-title-size:var(--h2_typography-font-size);--awb-caption-title-transform:var(--h2_typography-text-transform);--awb-caption-title-line-height:var(--h2_typography-line-height);--awb-caption-title-letter-spacing:var(--h2_typography-letter-spacing);\"><span class=\" fusion-imageframe imageframe-none imageframe-1 hover-type-zoomin\"><img decoding=\"async\" width=\"500\" height=\"502\" title=\"Camere\" src=\"https:\/\/www.globushotel.it\/wp-content\/uploads\/2021\/04\/comodino_g.jpg\" data-orig-src=\"http:\/\/globushotel.it\/wp-content\/uploads\/2021\/04\/comodino_g.jpg\" alt class=\"lazyload img-responsive wp-image-2905\" srcset=\"data:image\/svg+xml,%3Csvg%20xmlns%3D%27http%3A%2F%2Fwww.w3.org%2F2000%2Fsvg%27%20width%3D%27500%27%20height%3D%27502%27%20viewBox%3D%270%200%20500%20502%27%3E%3Crect%20width%3D%27500%27%20height%3D%27502%27%20fill-opacity%3D%220%22%2F%3E%3C%2Fsvg%3E\" data-srcset=\"https:\/\/www.globushotel.it\/wp-content\/uploads\/2021\/04\/comodino_g-200x201.jpg 200w, https:\/\/www.globushotel.it\/wp-content\/uploads\/2021\/04\/comodino_g-400x402.jpg 400w, https:\/\/www.globushotel.it\/wp-content\/uploads\/2021\/04\/comodino_g.jpg 500w\" data-sizes=\"auto\" data-orig-sizes=\"(max-width: 1024px) 100vw, (max-width: 640px) 100vw, 500px\" \/><\/span><\/div><\/div><\/div><\/div><\/div><div class=\"fusion-fullwidth fullwidth-box fusion-builder-row-2 fusion-flex-container nonhundred-percent-fullwidth non-hundred-percent-height-scrolling\" style=\"--awb-background-position:left top;--awb-border-sizes-top:0px;--awb-border-sizes-bottom:0px;--awb-border-sizes-left:0px;--awb-border-sizes-right:0px;--awb-border-radius-top-left:0px;--awb-border-radius-top-right:0px;--awb-border-radius-bottom-right:0px;--awb-border-radius-bottom-left:0px;--awb-padding-top:50px;--awb-padding-bottom:50px;--awb-flex-wrap:wrap;\" ><div class=\"fusion-builder-row fusion-row fusion-flex-align-items-flex-start fusion-flex-content-wrap\" style=\"max-width:1435.2px;margin-left: calc(-4% \/ 2 );margin-right: calc(-4% \/ 2 );\"><div class=\"fusion-layout-column fusion_builder_column fusion-builder-column-2 fusion_builder_column_3_5 3_5 fusion-flex-column\" style=\"--awb-bg-size:cover;--awb-width-large:60%;--awb-margin-top-large:0px;--awb-spacing-right-large:3.2%;--awb-margin-bottom-large:0px;--awb-spacing-left-large:2.1333333333333%;--awb-width-medium:100%;--awb-order-medium:0;--awb-spacing-right-medium:1.92%;--awb-spacing-left-medium:1.92%;--awb-width-small:100%;--awb-order-small:0;--awb-spacing-right-small:1.92%;--awb-spacing-left-small:1.92%;\" data-scroll-devices=\"small-visibility,medium-visibility,large-visibility\"><div class=\"fusion-column-wrapper fusion-column-has-shadow fusion-flex-justify-content-flex-start fusion-content-layout-column\"><div class=\"fusion-image-element \" style=\"--awb-caption-title-font-family:var(--h2_typography-font-family);--awb-caption-title-font-weight:var(--h2_typography-font-weight);--awb-caption-title-font-style:var(--h2_typography-font-style);--awb-caption-title-size:var(--h2_typography-font-size);--awb-caption-title-transform:var(--h2_typography-text-transform);--awb-caption-title-line-height:var(--h2_typography-line-height);--awb-caption-title-letter-spacing:var(--h2_typography-letter-spacing);\"><span class=\" fusion-imageframe imageframe-none imageframe-2 hover-type-zoomin\"><img decoding=\"async\" width=\"2000\" height=\"1408\" alt=\"hotelglobus-cattolica_camere\" title=\"Camera\" src=\"https:\/\/www.globushotel.it\/wp-content\/uploads\/2023\/02\/header_camera.jpg\" data-orig-src=\"http:\/\/globushotel.it\/wp-content\/uploads\/2023\/02\/header_camera.jpg\" class=\"lazyload img-responsive wp-image-3058\" srcset=\"data:image\/svg+xml,%3Csvg%20xmlns%3D%27http%3A%2F%2Fwww.w3.org%2F2000%2Fsvg%27%20width%3D%272000%27%20height%3D%271408%27%20viewBox%3D%270%200%202000%201408%27%3E%3Crect%20width%3D%272000%27%20height%3D%271408%27%20fill-opacity%3D%220%22%2F%3E%3C%2Fsvg%3E\" data-srcset=\"https:\/\/www.globushotel.it\/wp-content\/uploads\/2023\/02\/header_camera-200x141.jpg 200w, https:\/\/www.globushotel.it\/wp-content\/uploads\/2023\/02\/header_camera-400x282.jpg 400w, https:\/\/www.globushotel.it\/wp-content\/uploads\/2023\/02\/header_camera-600x422.jpg 600w, https:\/\/www.globushotel.it\/wp-content\/uploads\/2023\/02\/header_camera-800x563.jpg 800w, https:\/\/www.globushotel.it\/wp-content\/uploads\/2023\/02\/header_camera-1200x845.jpg 1200w, https:\/\/www.globushotel.it\/wp-content\/uploads\/2023\/02\/header_camera.jpg 2000w\" data-sizes=\"auto\" data-orig-sizes=\"(max-width: 1024px) 100vw, (max-width: 640px) 100vw, 800px\" \/><\/span><\/div><div class=\"fusion-separator\" style=\"align-self: flex-start;margin-right:auto;margin-top:0px;margin-bottom:35px;width:100%;max-width:170px;\"><\/div><\/div><\/div><div class=\"fusion-layout-column fusion_builder_column fusion-builder-column-3 fusion_builder_column_2_5 2_5 fusion-flex-column\" style=\"--awb-bg-size:cover;--awb-width-large:40%;--awb-margin-top-large:0px;--awb-spacing-right-large:6.4%;--awb-margin-bottom-large:0px;--awb-spacing-left-large:4.8%;--awb-width-medium:100%;--awb-spacing-right-medium:1.92%;--awb-spacing-left-medium:1.92%;--awb-width-small:100%;--awb-spacing-right-small:1.92%;--awb-spacing-left-small:1.92%;\"><div class=\"fusion-column-wrapper fusion-flex-justify-content-flex-start fusion-content-layout-column\"><div class=\"fusion-text fusion-text-3\"><h2>ZIMMER-DIENSTLEISTUNGEN<\/h2>\n<\/div><div class=\"fusion-separator\" style=\"align-self: flex-start;margin-right:auto;margin-top:0px;margin-bottom:35px;width:100%;max-width:170px;\"><div class=\"fusion-separator-border sep-single sep-solid\" style=\"--awb-height:20px;--awb-amount:20px;--awb-sep-color:#d2b661;border-color:#d2b661;border-top-width:3px;\"><\/div><\/div><div class=\"fusion-text fusion-text-4\"><ul>\n<li><span style=\"font-weight: 400;\">Privates Badezimmer mit Dusche<\/span><\/li>\n<li><span style=\"font-weight: 400;\">Pflegeprodukte und Haartrockner<\/span><\/li>\n<li><span style=\"font-weight: 400;\">Telefon<\/span><\/li>\n<li><span style=\"font-weight: 400;\">Satelliten-LED-TV 32\u201d<\/span><\/li>\n<li><span style=\"font-weight: 400;\">Schlie\u00dffach <\/span><\/li>\n<li><span style=\"font-weight: 400;\">Mini-K\u00fchlschrank <\/span><\/li>\n<li><span style=\"font-weight: 400;\">Deckenventilator<\/span><\/li>\n<li><span style=\"font-weight: 400;\">Heizung<\/span><\/li>\n<li><span style=\"font-weight: 400;\">Klimaanlage<\/span><\/li>\n<li><span style=\"font-weight: 400;\">Balkon<\/span><\/li>\n<li><span style=\"font-weight: 400;\">T\u00fcren und Armaturen der Zimmer mit Energieeinsparung und L\u00e4rmreduzierung<\/span><\/li>\n<\/ul>\n<\/div><\/div><\/div><\/div><\/div><div class=\"fusion-fullwidth fullwidth-box fusion-builder-row-3 fusion-flex-container has-pattern-background has-mask-background nonhundred-percent-fullwidth non-hundred-percent-height-scrolling\" style=\"--awb-border-radius-top-left:0px;--awb-border-radius-top-right:0px;--awb-border-radius-bottom-right:0px;--awb-border-radius-bottom-left:0px;--awb-flex-wrap:wrap;\" ><div class=\"fusion-builder-row fusion-row fusion-flex-align-items-flex-start fusion-flex-content-wrap\" style=\"max-width:1435.2px;margin-left: calc(-4% \/ 2 );margin-right: calc(-4% \/ 2 );\"><div class=\"fusion-layout-column fusion_builder_column fusion-builder-column-4 fusion_builder_column_1_3 1_3 fusion-flex-column\" style=\"--awb-bg-size:cover;--awb-width-large:33.333333333333%;--awb-margin-top-large:0px;--awb-spacing-right-large:5.76%;--awb-margin-bottom-large:0px;--awb-spacing-left-large:5.76%;--awb-width-medium:100%;--awb-order-medium:0;--awb-spacing-right-medium:1.92%;--awb-spacing-left-medium:1.92%;--awb-width-small:100%;--awb-order-small:0;--awb-spacing-right-small:1.92%;--awb-spacing-left-small:1.92%;\"><div class=\"fusion-column-wrapper fusion-column-has-shadow fusion-flex-justify-content-flex-start fusion-content-layout-column\"><div class=\"fusion-image-element \" style=\"--awb-caption-title-font-family:var(--h2_typography-font-family);--awb-caption-title-font-weight:var(--h2_typography-font-weight);--awb-caption-title-font-style:var(--h2_typography-font-style);--awb-caption-title-size:var(--h2_typography-font-size);--awb-caption-title-transform:var(--h2_typography-text-transform);--awb-caption-title-line-height:var(--h2_typography-line-height);--awb-caption-title-letter-spacing:var(--h2_typography-letter-spacing);\"><span class=\" fusion-imageframe imageframe-none imageframe-3 hover-type-none\"><img decoding=\"async\" width=\"1200\" height=\"1200\" alt=\"hotelglobus-cattolica_camere\" title=\"Bagno\" src=\"https:\/\/www.globushotel.it\/wp-content\/uploads\/2023\/02\/bagno-petali.jpg\" data-orig-src=\"http:\/\/globushotel.it\/wp-content\/uploads\/2023\/02\/bagno-petali.jpg\" class=\"lazyload img-responsive wp-image-3088\" srcset=\"data:image\/svg+xml,%3Csvg%20xmlns%3D%27http%3A%2F%2Fwww.w3.org%2F2000%2Fsvg%27%20width%3D%271200%27%20height%3D%271200%27%20viewBox%3D%270%200%201200%201200%27%3E%3Crect%20width%3D%271200%27%20height%3D%271200%27%20fill-opacity%3D%220%22%2F%3E%3C%2Fsvg%3E\" data-srcset=\"https:\/\/www.globushotel.it\/wp-content\/uploads\/2023\/02\/bagno-petali-200x200.jpg 200w, https:\/\/www.globushotel.it\/wp-content\/uploads\/2023\/02\/bagno-petali-400x400.jpg 400w, https:\/\/www.globushotel.it\/wp-content\/uploads\/2023\/02\/bagno-petali-600x600.jpg 600w, https:\/\/www.globushotel.it\/wp-content\/uploads\/2023\/02\/bagno-petali-800x800.jpg 800w, https:\/\/www.globushotel.it\/wp-content\/uploads\/2023\/02\/bagno-petali.jpg 1200w\" data-sizes=\"auto\" data-orig-sizes=\"(max-width: 1024px) 100vw, (max-width: 640px) 100vw, 600px\" \/><\/span><\/div><\/div><\/div><div class=\"fusion-layout-column fusion_builder_column fusion-builder-column-5 fusion_builder_column_1_3 1_3 fusion-flex-column\" style=\"--awb-bg-size:cover;--awb-width-large:33.333333333333%;--awb-margin-top-large:0px;--awb-spacing-right-large:5.76%;--awb-margin-bottom-large:0px;--awb-spacing-left-large:5.76%;--awb-width-medium:100%;--awb-order-medium:0;--awb-spacing-right-medium:1.92%;--awb-spacing-left-medium:1.92%;--awb-width-small:100%;--awb-order-small:0;--awb-spacing-right-small:1.92%;--awb-spacing-left-small:1.92%;\"><div class=\"fusion-column-wrapper fusion-column-has-shadow fusion-flex-justify-content-flex-start fusion-content-layout-column\"><\/div><\/div><div class=\"fusion-layout-column fusion_builder_column fusion-builder-column-6 fusion_builder_column_1_3 1_3 fusion-flex-column\" style=\"--awb-bg-size:cover;--awb-width-large:33.333333333333%;--awb-margin-top-large:0px;--awb-spacing-right-large:5.76%;--awb-margin-bottom-large:0px;--awb-spacing-left-large:5.76%;--awb-width-medium:100%;--awb-order-medium:0;--awb-spacing-right-medium:1.92%;--awb-spacing-left-medium:1.92%;--awb-width-small:100%;--awb-order-small:0;--awb-spacing-right-small:1.92%;--awb-spacing-left-small:1.92%;\"><div class=\"fusion-column-wrapper fusion-column-has-shadow fusion-flex-justify-content-flex-start fusion-content-layout-column\"><\/div><\/div><\/div><\/div><\/p>\n","protected":false},"excerpt":{"rendered":"","protected":false},"author":1,"featured_media":0,"parent":0,"menu_order":0,"comment_status":"closed","ping_status":"closed","template":"100-width.php","meta":{"_acf_changed":false,"footnotes":""},"class_list":["post-3452","page","type-page","status-publish","hentry"],"acf":[],"yoast_head":"<!-- This site is optimized with the Yoast SEO plugin v27.0 - https:\/\/yoast.com\/product\/yoast-seo-wordpress\/ -->\n<title>ZIMMER - Hotel 3 Stelle Cattolica - Hotel Globus - Hotel con piscina<\/title>\n<meta name=\"robots\" content=\"index, follow, max-snippet:-1, max-image-preview:large, max-video-preview:-1\" \/>\n<link rel=\"canonical\" href=\"https:\/\/www.globushotel.it\/camere\/\" \/>\n<meta property=\"og:locale\" content=\"de_DE\" \/>\n<meta property=\"og:type\" content=\"article\" \/>\n<meta property=\"og:title\" content=\"ZIMMER - Hotel 3 Stelle Cattolica - Hotel Globus - Hotel con piscina\" \/>\n<meta property=\"og:url\" content=\"https:\/\/www.globushotel.it\/camere\/\" \/>\n<meta property=\"og:site_name\" content=\"Hotel 3 Stelle Cattolica - Hotel Globus - Hotel con piscina\" \/>\n<meta property=\"article:publisher\" content=\"https:\/\/www.facebook.com\/cattolicahotels\/\" \/>\n<meta property=\"article:modified_time\" content=\"2024-03-22T20:05:10+00:00\" \/>\n<meta name=\"twitter:card\" content=\"summary_large_image\" \/>\n<meta name=\"twitter:label1\" content=\"Gesch\u00e4tzte Lesezeit\" \/>\n\t<meta name=\"twitter:data1\" content=\"24\u00a0Minuten\" \/>\n<script type=\"application\/ld+json\" class=\"yoast-schema-graph\">{\"@context\":\"https:\/\/schema.org\",\"@graph\":[{\"@type\":\"WebPage\",\"@id\":\"https:\/\/www.globushotel.it\/camere\/\",\"url\":\"https:\/\/www.globushotel.it\/camere\/\",\"name\":\"ZIMMER - Hotel 3 Stelle Cattolica - Hotel Globus - Hotel con piscina\",\"isPartOf\":{\"@id\":\"https:\/\/www.globushotel.it\/#website\"},\"datePublished\":\"2021-04-20T10:48:38+00:00\",\"dateModified\":\"2024-03-22T20:05:10+00:00\",\"breadcrumb\":{\"@id\":\"https:\/\/www.globushotel.it\/camere\/#breadcrumb\"},\"inLanguage\":\"de\",\"potentialAction\":[{\"@type\":\"ReadAction\",\"target\":[\"https:\/\/www.globushotel.it\/camere\/\"]}]},{\"@type\":\"BreadcrumbList\",\"@id\":\"https:\/\/www.globushotel.it\/camere\/#breadcrumb\",\"itemListElement\":[{\"@type\":\"ListItem\",\"position\":1,\"name\":\"Home\",\"item\":\"https:\/\/www.globushotel.it\/de\/\"},{\"@type\":\"ListItem\",\"position\":2,\"name\":\"ZIMMER\"}]},{\"@type\":\"WebSite\",\"@id\":\"https:\/\/www.globushotel.it\/#website\",\"url\":\"https:\/\/www.globushotel.it\/\",\"name\":\"Hotel 3 Stelle Cattolica - Hotel Globus - Hotel con piscina\",\"description\":\"Hotel 3 Stelle Cattolica - Hotel Globus - Hotel con piscina\",\"potentialAction\":[{\"@type\":\"SearchAction\",\"target\":{\"@type\":\"EntryPoint\",\"urlTemplate\":\"https:\/\/www.globushotel.it\/?s={search_term_string}\"},\"query-input\":{\"@type\":\"PropertyValueSpecification\",\"valueRequired\":true,\"valueName\":\"search_term_string\"}}],\"inLanguage\":\"de\"}]}<\/script>\n<!-- \/ Yoast SEO plugin. -->","yoast_head_json":{"title":"ZIMMER - Hotel 3 Stelle Cattolica - Hotel Globus - Hotel con piscina","robots":{"index":"index","follow":"follow","max-snippet":"max-snippet:-1","max-image-preview":"max-image-preview:large","max-video-preview":"max-video-preview:-1"},"canonical":"https:\/\/www.globushotel.it\/camere\/","og_locale":"de_DE","og_type":"article","og_title":"ZIMMER - Hotel 3 Stelle Cattolica - Hotel Globus - Hotel con piscina","og_url":"https:\/\/www.globushotel.it\/camere\/","og_site_name":"Hotel 3 Stelle Cattolica - Hotel Globus - Hotel con piscina","article_publisher":"https:\/\/www.facebook.com\/cattolicahotels\/","article_modified_time":"2024-03-22T20:05:10+00:00","twitter_card":"summary_large_image","twitter_misc":{"Gesch\u00e4tzte Lesezeit":"24\u00a0Minuten"},"schema":{"@context":"https:\/\/schema.org","@graph":[{"@type":"WebPage","@id":"https:\/\/www.globushotel.it\/camere\/","url":"https:\/\/www.globushotel.it\/camere\/","name":"ZIMMER - Hotel 3 Stelle Cattolica - Hotel Globus - Hotel con piscina","isPartOf":{"@id":"https:\/\/www.globushotel.it\/#website"},"datePublished":"2021-04-20T10:48:38+00:00","dateModified":"2024-03-22T20:05:10+00:00","breadcrumb":{"@id":"https:\/\/www.globushotel.it\/camere\/#breadcrumb"},"inLanguage":"de","potentialAction":[{"@type":"ReadAction","target":["https:\/\/www.globushotel.it\/camere\/"]}]},{"@type":"BreadcrumbList","@id":"https:\/\/www.globushotel.it\/camere\/#breadcrumb","itemListElement":[{"@type":"ListItem","position":1,"name":"Home","item":"https:\/\/www.globushotel.it\/de\/"},{"@type":"ListItem","position":2,"name":"ZIMMER"}]},{"@type":"WebSite","@id":"https:\/\/www.globushotel.it\/#website","url":"https:\/\/www.globushotel.it\/","name":"Hotel 3 Stelle Cattolica - Hotel Globus - Hotel con piscina","description":"Hotel 3 Stelle Cattolica - Hotel Globus - Hotel con piscina","potentialAction":[{"@type":"SearchAction","target":{"@type":"EntryPoint","urlTemplate":"https:\/\/www.globushotel.it\/?s={search_term_string}"},"query-input":{"@type":"PropertyValueSpecification","valueRequired":true,"valueName":"search_term_string"}}],"inLanguage":"de"}]}},"_links":{"self":[{"href":"https:\/\/www.globushotel.it\/de\/wp-json\/wp\/v2\/pages\/3452","targetHints":{"allow":["GET"]}}],"collection":[{"href":"https:\/\/www.globushotel.it\/de\/wp-json\/wp\/v2\/pages"}],"about":[{"href":"https:\/\/www.globushotel.it\/de\/wp-json\/wp\/v2\/types\/page"}],"author":[{"embeddable":true,"href":"https:\/\/www.globushotel.it\/de\/wp-json\/wp\/v2\/users\/1"}],"replies":[{"embeddable":true,"href":"https:\/\/www.globushotel.it\/de\/wp-json\/wp\/v2\/comments?post=3452"}],"version-history":[{"count":4,"href":"https:\/\/www.globushotel.it\/de\/wp-json\/wp\/v2\/pages\/3452\/revisions"}],"predecessor-version":[{"id":3901,"href":"https:\/\/www.globushotel.it\/de\/wp-json\/wp\/v2\/pages\/3452\/revisions\/3901"}],"wp:attachment":[{"href":"https:\/\/www.globushotel.it\/de\/wp-json\/wp\/v2\/media?parent=3452"}],"curies":[{"name":"wp","href":"https:\/\/api.w.org\/{rel}","templated":true}]}}