{"id":3449,"date":"2022-04-11T08:56:38","date_gmt":"2022-04-11T06:56:38","guid":{"rendered":"https:\/\/globushotel.it\/dienste\/"},"modified":"2024-05-15T13:04:30","modified_gmt":"2024-05-15T11:04:30","slug":"dienste","status":"publish","type":"page","link":"https:\/\/www.globushotel.it\/de\/dienste\/","title":{"rendered":"UNSERE DIENSTLEISTUNGEN"},"content":{"rendered":"<p><div class=\"fusion-fullwidth fullwidth-box fusion-builder-row-1 fusion-flex-container has-pattern-background has-mask-background nonhundred-percent-fullwidth non-hundred-percent-height-scrolling\" style=\"--awb-background-position:left top;--awb-border-sizes-top:0px;--awb-border-sizes-bottom:0px;--awb-border-sizes-left:0px;--awb-border-sizes-right:0px;--awb-border-radius-top-left:0px;--awb-border-radius-top-right:0px;--awb-border-radius-bottom-right:0px;--awb-border-radius-bottom-left:0px;--awb-padding-top:50px;--awb-padding-bottom:50px;--awb-flex-wrap:wrap;\" ><div class=\"fusion-builder-row fusion-row fusion-flex-align-items-flex-start fusion-flex-content-wrap\" style=\"max-width:1435.2px;margin-left: calc(-4% \/ 2 );margin-right: calc(-4% \/ 2 );\"><div class=\"fusion-layout-column fusion_builder_column fusion-builder-column-0 fusion_builder_column_2_3 2_3 fusion-flex-column\" style=\"--awb-bg-size:cover;--awb-width-large:66.666666666667%;--awb-margin-top-large:0px;--awb-spacing-right-large:3.84%;--awb-margin-bottom-large:0px;--awb-spacing-left-large:2.88%;--awb-width-medium:100%;--awb-spacing-right-medium:1.92%;--awb-spacing-left-medium:1.92%;--awb-width-small:100%;--awb-spacing-right-small:1.92%;--awb-spacing-left-small:1.92%;\"><div class=\"fusion-column-wrapper fusion-flex-justify-content-flex-start fusion-content-layout-column\"><div class=\"fusion-text fusion-text-1\"><h2>UNSERE DIENSTLEISTUNGEN<\/h2>\n<\/div><div class=\"fusion-separator\" style=\"align-self: flex-start;margin-right:auto;margin-top:0px;margin-bottom:35px;width:100%;max-width:170px;\"><div class=\"fusion-separator-border sep-single sep-solid\" style=\"--awb-height:20px;--awb-amount:20px;--awb-sep-color:#d2b661;border-color:#d2b661;border-top-width:3px;\"><\/div><\/div><div class=\"fusion-text fusion-text-2\"><p><strong>Unsere 3-Sterne-Dienstleistungen f\u00fcr Sie und Ihre Familie, um Ihre Familie besser zu machen Urlaub in Cattolica, in einer freundlichen und angenehmen Atmosph\u00e4re.<\/strong><\/p>\n<p><strong>Das vollklimatisierte Hotel verf\u00fcgt \u00fcber gem\u00fctliche<\/strong> und elegante Gemeinschaftsr\u00e4ume: ein gro\u00dfes Wohnzimmer zum Entspannen, der klimatisierte Speisesaal und die Bar direkt an der Allee des Abendspaziergang, Treffpunkt f\u00fcr unsere G\u00e4ste. Zu Ihrer Verf\u00fcgung stehen auch ein <strong>Schwimmbad mit Whirlpool<\/strong>, Wasserfall, Wellness-Pfad, Kinderbetten und Spiele f\u00fcr Kinder (20 mt. vom Hotel bis zur Residence Cristel), <strong>das Fitnessstudio<\/strong> mit mehrfach beheiztem Whirlpool und Sonnenterrasse. Parkplatz \/ Garage, Aufzug, Wi-Fi-Internetverbindung im gesamten Hotel, Fahrr\u00e4der, Babyclub und Animation am Strand vervollst\u00e4ndigen die Dienstleistungen, die das <strong>Hotel ideal f\u00fcr einen ruhiger Strandurlaub machen<\/strong>.<\/p>\n<\/div><\/div><\/div><div class=\"fusion-layout-column fusion_builder_column fusion-builder-column-1 fusion_builder_column_1_3 1_3 fusion-flex-column\" style=\"--awb-bg-size:cover;--awb-width-large:33.333333333333%;--awb-margin-top-large:0px;--awb-spacing-right-large:5.76%;--awb-margin-bottom-large:0px;--awb-spacing-left-large:3.84%;--awb-width-medium:100%;--awb-spacing-right-medium:1.92%;--awb-spacing-left-medium:1.92%;--awb-width-small:100%;--awb-spacing-right-small:1.92%;--awb-spacing-left-small:1.92%;\"><div class=\"fusion-column-wrapper fusion-flex-justify-content-flex-start fusion-content-layout-column\"><div class=\"fusion-image-element \" style=\"--awb-caption-title-font-family:var(--h2_typography-font-family);--awb-caption-title-font-weight:var(--h2_typography-font-weight);--awb-caption-title-font-style:var(--h2_typography-font-style);--awb-caption-title-size:var(--h2_typography-font-size);--awb-caption-title-transform:var(--h2_typography-text-transform);--awb-caption-title-line-height:var(--h2_typography-line-height);--awb-caption-title-letter-spacing:var(--h2_typography-letter-spacing);\"><span class=\" fusion-imageframe imageframe-none imageframe-1 hover-type-zoomin fusion-animated\" data-animationType=\"fadeInDown\" data-animationDuration=\"1.0\" data-animationOffset=\"top-into-view\"><a href=\"http:\/\/globushotel.it\/wp-content\/uploads\/2021\/04\/hsoggiorno-e1677879908850.jpg\" class=\"fusion-lightbox\" data-rel=\"iLightbox[32b51b7e0291c3a8c6e]\" data-title=\"Hall\" title=\"Hall\"><img decoding=\"async\" width=\"1555\" height=\"1875\" src=\"https:\/\/www.globushotel.it\/wp-content\/uploads\/2021\/04\/hsoggiorno-e1677879908850.jpg\" data-orig-src=\"http:\/\/globushotel.it\/wp-content\/uploads\/2021\/04\/hsoggiorno-e1677879908850.jpg\" alt class=\"lazyload img-responsive wp-image-2896\" srcset=\"data:image\/svg+xml,%3Csvg%20xmlns%3D%27http%3A%2F%2Fwww.w3.org%2F2000%2Fsvg%27%20width%3D%271555%27%20height%3D%271875%27%20viewBox%3D%270%200%201555%201875%27%3E%3Crect%20width%3D%271555%27%20height%3D%271875%27%20fill-opacity%3D%220%22%2F%3E%3C%2Fsvg%3E\" data-srcset=\"https:\/\/www.globushotel.it\/wp-content\/uploads\/2021\/04\/hsoggiorno-e1677879908850-200x241.jpg 200w, https:\/\/www.globushotel.it\/wp-content\/uploads\/2021\/04\/hsoggiorno-e1677879908850-400x482.jpg 400w, https:\/\/www.globushotel.it\/wp-content\/uploads\/2021\/04\/hsoggiorno-e1677879908850-600x723.jpg 600w, https:\/\/www.globushotel.it\/wp-content\/uploads\/2021\/04\/hsoggiorno-e1677879908850-800x965.jpg 800w, https:\/\/www.globushotel.it\/wp-content\/uploads\/2021\/04\/hsoggiorno-e1677879908850-1200x1447.jpg 1200w, https:\/\/www.globushotel.it\/wp-content\/uploads\/2021\/04\/hsoggiorno-e1677879908850.jpg 1555w\" data-sizes=\"auto\" data-orig-sizes=\"(max-width: 1024px) 100vw, (max-width: 640px) 100vw, 600px\" \/><\/a><\/span><\/div><\/div><\/div><\/div><\/div><div class=\"fusion-fullwidth fullwidth-box fusion-builder-row-2 fusion-flex-container nonhundred-percent-fullwidth non-hundred-percent-height-scrolling\" style=\"--awb-border-radius-top-left:0px;--awb-border-radius-top-right:0px;--awb-border-radius-bottom-right:0px;--awb-border-radius-bottom-left:0px;--awb-padding-top:50px;--awb-padding-bottom:50px;--awb-background-color:#f4f6f8;--awb-flex-wrap:wrap;\" ><div class=\"fusion-builder-row fusion-row fusion-flex-align-items-flex-start fusion-flex-content-wrap\" style=\"max-width:1435.2px;margin-left: calc(-4% \/ 2 );margin-right: calc(-4% \/ 2 );\"><div class=\"fusion-layout-column fusion_builder_column fusion-builder-column-2 fusion_builder_column_1_1 1_1 fusion-flex-column\" style=\"--awb-bg-size:cover;--awb-width-large:100%;--awb-margin-top-large:0px;--awb-spacing-right-large:1.92%;--awb-margin-bottom-large:0px;--awb-spacing-left-large:1.92%;--awb-width-medium:100%;--awb-order-medium:0;--awb-spacing-right-medium:1.92%;--awb-spacing-left-medium:1.92%;--awb-width-small:100%;--awb-order-small:0;--awb-spacing-right-small:1.92%;--awb-spacing-left-small:1.92%;\"><div class=\"fusion-column-wrapper fusion-column-has-shadow fusion-flex-justify-content-flex-start fusion-content-layout-column\"><div class=\"fusion-text fusion-text-3\"><h2>DIENSTE<\/h2>\n<\/div><div class=\"fusion-text fusion-text-4\"><ul>\n<li>Ideale Lage an der Fu\u00dfg\u00e4ngerpromenade der Viale Dante, 2 Schritte vom Meer entfernt (120 m), im <strong>Touristenzentrum<\/strong> und nur wenige Schritte vom Zentrum entfernt (400 mt)<\/li>\n<li>Eigent\u00fcmer-Management<\/li>\n<li>Reichhaltiges Fr\u00fchst\u00fccksbuffet, s\u00fc\u00df und herzhaft, mit hausgemachten Kuchen und unbegrenzten Hei\u00dfgetr\u00e4nken<\/li>\n<li>Ausgezeichnete <strong>lokale und italienische K\u00fcche<\/strong>, mit Mittag- und \/ oder Abendessen mit einer Auswahl von 3 Men\u00fcs, einem Fischmen\u00fc t\u00e4glich reichhaltiges Salat- und Gem\u00fcsebuffet<\/li>\n<li>Wasser zu den Mahlzeiten im Preis inbegriffen<\/li>\n<li>Ein <strong>typisches Abendessen der Romagna<\/strong> mit w\u00f6chentlichem Dessertbuffet und Abenden mit Pianobar<\/li>\n<li>Aperitif am Sonntag<\/li>\n<li>Gro\u00dfes, klimatisiertes Esszimmer<\/li>\n<li>Zimmer mit allem Komfort<\/li>\n<li>Ger\u00e4umige Aufenhalt und Bars an der Allee der Abendpromenade<\/li>\n<li>Aufzug<\/li>\n<li>Wohnzimmer mit TV-Ecke und Kinderspielecke<\/li>\n<li>Tageszeitung in der Lobby erh\u00e4ltlich<\/li>\n<li>Dienstleistungen f\u00fcr Kinder<\/li>\n<li>Fitnessraum mit <strong>Technogym-Ger\u00e4ten<\/strong> und 32\u00b0 beheiztem <strong>Multi-Whirlpool<\/strong><\/li>\n<li>Terrasse mit Sonnenliegen<\/li>\n<li>Internet Wifi Glasfaser im gesamten Hotel<\/li>\n<li><strong>Schwimmbad mit Hydromassage<\/strong>, Wasserfall, Wellness-Pfad, Sonnenliegen und Spiele f\u00fcr Kinder (ab 20 mt.)<\/li>\n<li><strong>Parkplatz\/Garage<\/strong> (20 oder 100 mt.)<\/li>\n<li>Kostenlose Nutzung von Fahrr\u00e4dern mit Kindersitzen<\/li>\n<li>Am Strand: Kabinen, Babyclub, Spiele f\u00fcr Kinder, Unterhaltung, SUP usw.<\/li>\n<li>Tickets f\u00fcr einige <strong>Themenparks<\/strong> k\u00f6nnen an der Hotelrezeption zu einem erm\u00e4\u00dfigten Preis erworben werden<\/li>\n<li>Kleine Haustiere erlaubt<\/li>\n<\/ul>\n<\/div><div class=\"fusion-separator fusion-full-width-sep\" style=\"align-self: center;margin-left: auto;margin-right: auto;margin-bottom:20px;width:100%;\"><\/div><\/div><\/div><div class=\"fusion-layout-column fusion_builder_column fusion-builder-column-3 fusion_builder_column_1_1 1_1 fusion-flex-column\" style=\"--awb-bg-size:cover;--awb-width-large:100%;--awb-margin-top-large:0px;--awb-spacing-right-large:1.92%;--awb-margin-bottom-large:0px;--awb-spacing-left-large:1.92%;--awb-width-medium:100%;--awb-order-medium:0;--awb-spacing-right-medium:1.92%;--awb-spacing-left-medium:1.92%;--awb-width-small:100%;--awb-order-small:0;--awb-spacing-right-small:1.92%;--awb-spacing-left-small:1.92%;\"><div class=\"fusion-column-wrapper fusion-column-has-shadow fusion-flex-justify-content-flex-start fusion-content-layout-column\"><div class=\"fusion-image-carousel fusion-image-carousel-auto fusion-image-carousel-1 fusion-carousel-border\"><div class=\"awb-carousel awb-swiper awb-swiper-carousel awb-carousel--carousel awb-swiper-dots-position-bottom\" data-layout=\"carousel\" data-autoplay=\"yes\" data-autoplayspeed=\"2500\" data-autoplaypause=\"no\" data-columns=\"3\" data-columnsmedium=\"1\" data-columnssmall=\"1\" data-itemmargin=\"10\" data-itemwidth=\"180\" data-touchscroll=\"no\" data-freemode=\"no\" data-imagesize=\"auto\" data-scrollitems=\"0\" data-centeredslides=\"no\" data-rotationangle=\"50\" data-depth=\"100\" data-speed=\"500\" data-shadow=\"no\" data-pagination=\"bullets\" style=\"--awb-columns:3;--awb-column-spacing:10px;--awb-border-width:1px;--awb-border-color:#e9eaee;\"><div class=\"swiper-wrapper awb-image-carousel-wrapper fusion-flex-align-items-center\"><div class=\"swiper-slide\"><div class=\"fusion-carousel-item-wrapper\"><div class=\"fusion-image-wrapper hover-type-none\"><img decoding=\"async\" width=\"1200\" height=\"800\" src=\"https:\/\/www.globushotel.it\/wp-content\/uploads\/2023\/02\/DSV9187.jpg\" class=\"attachment-full size-full lazyload\" alt=\"hotelglobus-cattolica_servizi\" srcset=\"data:image\/svg+xml,%3Csvg%20xmlns%3D%27http%3A%2F%2Fwww.w3.org%2F2000%2Fsvg%27%20width%3D%271200%27%20height%3D%27800%27%20viewBox%3D%270%200%201200%20800%27%3E%3Crect%20width%3D%271200%27%20height%3D%27800%27%20fill-opacity%3D%220%22%2F%3E%3C%2Fsvg%3E\" data-orig-src=\"https:\/\/www.globushotel.it\/wp-content\/uploads\/2023\/02\/DSV9187.jpg\" data-srcset=\"https:\/\/www.globushotel.it\/wp-content\/uploads\/2023\/02\/DSV9187-200x133.jpg 200w, https:\/\/www.globushotel.it\/wp-content\/uploads\/2023\/02\/DSV9187-400x267.jpg 400w, https:\/\/www.globushotel.it\/wp-content\/uploads\/2023\/02\/DSV9187-600x400.jpg 600w, https:\/\/www.globushotel.it\/wp-content\/uploads\/2023\/02\/DSV9187-800x533.jpg 800w, https:\/\/www.globushotel.it\/wp-content\/uploads\/2023\/02\/DSV9187.jpg 1200w\" data-sizes=\"auto\" \/><\/div><\/div><\/div><div class=\"swiper-slide\"><div class=\"fusion-carousel-item-wrapper\"><div class=\"fusion-image-wrapper hover-type-none\"><img decoding=\"async\" width=\"1200\" height=\"800\" src=\"https:\/\/www.globushotel.it\/wp-content\/uploads\/2023\/02\/Part.Drink02.jpg\" class=\"attachment-full size-full lazyload\" alt=\"hotelglobus-cattolica_servizi\" srcset=\"data:image\/svg+xml,%3Csvg%20xmlns%3D%27http%3A%2F%2Fwww.w3.org%2F2000%2Fsvg%27%20width%3D%271200%27%20height%3D%27800%27%20viewBox%3D%270%200%201200%20800%27%3E%3Crect%20width%3D%271200%27%20height%3D%27800%27%20fill-opacity%3D%220%22%2F%3E%3C%2Fsvg%3E\" data-orig-src=\"https:\/\/www.globushotel.it\/wp-content\/uploads\/2023\/02\/Part.Drink02.jpg\" data-srcset=\"https:\/\/www.globushotel.it\/wp-content\/uploads\/2023\/02\/Part.Drink02-200x133.jpg 200w, https:\/\/www.globushotel.it\/wp-content\/uploads\/2023\/02\/Part.Drink02-400x267.jpg 400w, https:\/\/www.globushotel.it\/wp-content\/uploads\/2023\/02\/Part.Drink02-600x400.jpg 600w, https:\/\/www.globushotel.it\/wp-content\/uploads\/2023\/02\/Part.Drink02-800x533.jpg 800w, https:\/\/www.globushotel.it\/wp-content\/uploads\/2023\/02\/Part.Drink02.jpg 1200w\" data-sizes=\"auto\" \/><\/div><\/div><\/div><div class=\"swiper-slide\"><div class=\"fusion-carousel-item-wrapper\"><div class=\"fusion-image-wrapper hover-type-none\"><img decoding=\"async\" width=\"2560\" height=\"1920\" src=\"data:image\/svg+xml,%3Csvg%20xmlns%3D%27http%3A%2F%2Fwww.w3.org%2F2000%2Fsvg%27%20width%3D%272560%27%20height%3D%271920%27%20viewBox%3D%270%200%202560%201920%27%3E%3Crect%20width%3D%272560%27%20height%3D%271920%27%20fill-opacity%3D%220%22%2F%3E%3C%2Fsvg%3E\" class=\"attachment-full size-full lazyload\" alt=\"hotelglobus-cattolica_ristorante\" data-orig-src=\"https:\/\/www.globushotel.it\/wp-content\/uploads\/2024\/03\/Depositphotos_358819486_XL-scaled-e1710671151154.jpg\" \/><\/div><\/div><\/div><\/div><div class=\"awb-swiper-button awb-swiper-button-prev\"><i class=\"awb-icon-angle-left\" aria-hidden=\"true\"><\/i><\/div><div class=\"awb-swiper-button awb-swiper-button-next\"><i class=\"awb-icon-angle-right\" aria-hidden=\"true\"><\/i><\/div><\/div><\/div><\/div><\/div><\/div><\/div><\/p>\n","protected":false},"excerpt":{"rendered":"","protected":false},"author":1,"featured_media":0,"parent":0,"menu_order":0,"comment_status":"closed","ping_status":"closed","template":"100-width.php","meta":{"_acf_changed":false,"footnotes":""},"class_list":["post-3449","page","type-page","status-publish","hentry"],"acf":[],"yoast_head":"<!-- This site is optimized with the Yoast SEO plugin v27.0 - https:\/\/yoast.com\/product\/yoast-seo-wordpress\/ -->\n<title>UNSERE DIENSTLEISTUNGEN - Hotel 3 Stelle Cattolica - Hotel Globus - Hotel con piscina<\/title>\n<meta name=\"robots\" content=\"index, follow, max-snippet:-1, max-image-preview:large, max-video-preview:-1\" \/>\n<link rel=\"canonical\" href=\"https:\/\/www.globushotel.it\/de\/dienste\/\" \/>\n<meta property=\"og:locale\" content=\"de_DE\" \/>\n<meta property=\"og:type\" content=\"article\" \/>\n<meta property=\"og:title\" content=\"UNSERE DIENSTLEISTUNGEN - Hotel 3 Stelle Cattolica - Hotel Globus - Hotel con piscina\" \/>\n<meta property=\"og:url\" content=\"https:\/\/www.globushotel.it\/de\/dienste\/\" \/>\n<meta property=\"og:site_name\" content=\"Hotel 3 Stelle Cattolica - Hotel Globus - Hotel con piscina\" \/>\n<meta property=\"article:publisher\" content=\"https:\/\/www.facebook.com\/cattolicahotels\/\" \/>\n<meta property=\"article:modified_time\" content=\"2024-05-15T11:04:30+00:00\" \/>\n<meta name=\"twitter:card\" content=\"summary_large_image\" \/>\n<meta name=\"twitter:label1\" content=\"Gesch\u00e4tzte Lesezeit\" \/>\n\t<meta name=\"twitter:data1\" content=\"14\u00a0Minuten\" \/>\n<script type=\"application\/ld+json\" class=\"yoast-schema-graph\">{\"@context\":\"https:\/\/schema.org\",\"@graph\":[{\"@type\":\"WebPage\",\"@id\":\"https:\/\/www.globushotel.it\/de\/dienste\/\",\"url\":\"https:\/\/www.globushotel.it\/de\/dienste\/\",\"name\":\"UNSERE DIENSTLEISTUNGEN - Hotel 3 Stelle Cattolica - Hotel Globus - Hotel con piscina\",\"isPartOf\":{\"@id\":\"https:\/\/www.globushotel.it\/#website\"},\"datePublished\":\"2022-04-11T06:56:38+00:00\",\"dateModified\":\"2024-05-15T11:04:30+00:00\",\"breadcrumb\":{\"@id\":\"https:\/\/www.globushotel.it\/de\/dienste\/#breadcrumb\"},\"inLanguage\":\"de\",\"potentialAction\":[{\"@type\":\"ReadAction\",\"target\":[\"https:\/\/www.globushotel.it\/de\/dienste\/\"]}]},{\"@type\":\"BreadcrumbList\",\"@id\":\"https:\/\/www.globushotel.it\/de\/dienste\/#breadcrumb\",\"itemListElement\":[{\"@type\":\"ListItem\",\"position\":1,\"name\":\"Home\",\"item\":\"https:\/\/www.globushotel.it\/de\/\"},{\"@type\":\"ListItem\",\"position\":2,\"name\":\"UNSERE DIENSTLEISTUNGEN\"}]},{\"@type\":\"WebSite\",\"@id\":\"https:\/\/www.globushotel.it\/#website\",\"url\":\"https:\/\/www.globushotel.it\/\",\"name\":\"Hotel 3 Stelle Cattolica - Hotel Globus - Hotel con piscina\",\"description\":\"Hotel 3 Stelle Cattolica - Hotel Globus - Hotel con piscina\",\"potentialAction\":[{\"@type\":\"SearchAction\",\"target\":{\"@type\":\"EntryPoint\",\"urlTemplate\":\"https:\/\/www.globushotel.it\/?s={search_term_string}\"},\"query-input\":{\"@type\":\"PropertyValueSpecification\",\"valueRequired\":true,\"valueName\":\"search_term_string\"}}],\"inLanguage\":\"de\"}]}<\/script>\n<!-- \/ Yoast SEO plugin. -->","yoast_head_json":{"title":"UNSERE DIENSTLEISTUNGEN - Hotel 3 Stelle Cattolica - Hotel Globus - Hotel con piscina","robots":{"index":"index","follow":"follow","max-snippet":"max-snippet:-1","max-image-preview":"max-image-preview:large","max-video-preview":"max-video-preview:-1"},"canonical":"https:\/\/www.globushotel.it\/de\/dienste\/","og_locale":"de_DE","og_type":"article","og_title":"UNSERE DIENSTLEISTUNGEN - Hotel 3 Stelle Cattolica - Hotel Globus - Hotel con piscina","og_url":"https:\/\/www.globushotel.it\/de\/dienste\/","og_site_name":"Hotel 3 Stelle Cattolica - Hotel Globus - Hotel con piscina","article_publisher":"https:\/\/www.facebook.com\/cattolicahotels\/","article_modified_time":"2024-05-15T11:04:30+00:00","twitter_card":"summary_large_image","twitter_misc":{"Gesch\u00e4tzte Lesezeit":"14\u00a0Minuten"},"schema":{"@context":"https:\/\/schema.org","@graph":[{"@type":"WebPage","@id":"https:\/\/www.globushotel.it\/de\/dienste\/","url":"https:\/\/www.globushotel.it\/de\/dienste\/","name":"UNSERE DIENSTLEISTUNGEN - Hotel 3 Stelle Cattolica - Hotel Globus - Hotel con piscina","isPartOf":{"@id":"https:\/\/www.globushotel.it\/#website"},"datePublished":"2022-04-11T06:56:38+00:00","dateModified":"2024-05-15T11:04:30+00:00","breadcrumb":{"@id":"https:\/\/www.globushotel.it\/de\/dienste\/#breadcrumb"},"inLanguage":"de","potentialAction":[{"@type":"ReadAction","target":["https:\/\/www.globushotel.it\/de\/dienste\/"]}]},{"@type":"BreadcrumbList","@id":"https:\/\/www.globushotel.it\/de\/dienste\/#breadcrumb","itemListElement":[{"@type":"ListItem","position":1,"name":"Home","item":"https:\/\/www.globushotel.it\/de\/"},{"@type":"ListItem","position":2,"name":"UNSERE DIENSTLEISTUNGEN"}]},{"@type":"WebSite","@id":"https:\/\/www.globushotel.it\/#website","url":"https:\/\/www.globushotel.it\/","name":"Hotel 3 Stelle Cattolica - Hotel Globus - Hotel con piscina","description":"Hotel 3 Stelle Cattolica - Hotel Globus - Hotel con piscina","potentialAction":[{"@type":"SearchAction","target":{"@type":"EntryPoint","urlTemplate":"https:\/\/www.globushotel.it\/?s={search_term_string}"},"query-input":{"@type":"PropertyValueSpecification","valueRequired":true,"valueName":"search_term_string"}}],"inLanguage":"de"}]}},"_links":{"self":[{"href":"https:\/\/www.globushotel.it\/de\/wp-json\/wp\/v2\/pages\/3449","targetHints":{"allow":["GET"]}}],"collection":[{"href":"https:\/\/www.globushotel.it\/de\/wp-json\/wp\/v2\/pages"}],"about":[{"href":"https:\/\/www.globushotel.it\/de\/wp-json\/wp\/v2\/types\/page"}],"author":[{"embeddable":true,"href":"https:\/\/www.globushotel.it\/de\/wp-json\/wp\/v2\/users\/1"}],"replies":[{"embeddable":true,"href":"https:\/\/www.globushotel.it\/de\/wp-json\/wp\/v2\/comments?post=3449"}],"version-history":[{"count":8,"href":"https:\/\/www.globushotel.it\/de\/wp-json\/wp\/v2\/pages\/3449\/revisions"}],"predecessor-version":[{"id":4558,"href":"https:\/\/www.globushotel.it\/de\/wp-json\/wp\/v2\/pages\/3449\/revisions\/4558"}],"wp:attachment":[{"href":"https:\/\/www.globushotel.it\/de\/wp-json\/wp\/v2\/media?parent=3449"}],"curies":[{"name":"wp","href":"https:\/\/api.w.org\/{rel}","templated":true}]}}